{"id":914,"date":"2024-03-21T15:38:34","date_gmt":"2024-03-21T14:38:34","guid":{"rendered":"https:\/\/atos-mvz.de\/bruehl\/?page_id=914"},"modified":"2024-08-21T11:08:48","modified_gmt":"2024-08-21T09:08:48","slug":"akupunktur","status":"publish","type":"page","link":"https:\/\/atos-mvz.de\/bruehl\/akupunktur\/","title":{"rendered":"Akupunktur"},"content":{"rendered":"\n<style type=\"text\/css\" data-created_by=\"avia_inline_auto\" id=\"style-css-av-jf456-a5547c342e1cb0eaad4c837535cdb7c3\">\n.avia-section.av-jf456-a5547c342e1cb0eaad4c837535cdb7c3{\nbackground-repeat:no-repeat;\nbackground-image:url(https:\/\/atos-mvz.de\/bruehl\/wp-content\/uploads\/sites\/28\/2024\/03\/bruehl.jpg);\nbackground-position:50% 50%;\nbackground-attachment:scroll;\n}\n.avia-section.av-jf456-a5547c342e1cb0eaad4c837535cdb7c3 .av-extra-border-element .av-extra-border-inner{\nbackground-color:#ffffff;\n}\n<\/style>\n<div id='header-img'  class='avia-section av-jf456-a5547c342e1cb0eaad4c837535cdb7c3 main_color avia-section-huge avia-no-border-styling  avia-builder-el-0  el_before_av_section  avia-builder-el-first  largeimg avia-full-stretch avia-bg-style-scroll container_wrap fullsize'  data-section-bg-repeat='stretch'><div class='container av-section-cont-open' ><main  role=\"main\" itemprop=\"mainContentOfPage\"  class='template-page content  av-content-full alpha units'><div class='post-entry post-entry-type-page post-entry-914'><div class='entry-content-wrapper clearfix'>\n<\/div><\/div><\/main><!-- close content main element --><\/div><div class='av-extra-border-element border-extra-diagonal border-extra-diagonal-inverse '><div class='av-extra-border-outer'><div class='av-extra-border-inner'><\/div><\/div><\/div><\/div>\n<style type=\"text\/css\" data-created_by=\"avia_inline_auto\" id=\"style-css-av-fk176-08dddaca0c424d02d263fe3af27ba0ab\">\n.avia-section.av-fk176-08dddaca0c424d02d263fe3af27ba0ab .av-extra-border-element .av-extra-border-inner{\nbackground-color:#f1f0f5;\n}\n<\/style>\n<div id='av_section_2'  class='avia-section av-fk176-08dddaca0c424d02d263fe3af27ba0ab main_color avia-section-large avia-no-border-styling  avia-builder-el-1  el_after_av_section  avia-builder-el-last  avia-bg-style-scroll container_wrap fullsize'  ><div class='container av-section-cont-open' ><div class='template-page content  av-content-full alpha units'><div class='post-entry post-entry-type-page post-entry-914'><div class='entry-content-wrapper clearfix'>\n<div  class='flex_column av-w5ca-ce00d0ac0fb191210c0f35c433cc7136 av_four_fifth  avia-builder-el-2  avia-builder-el-no-sibling  first flex_column_div  '     ><section  class='av_textblock_section av-lu1c5po0-958d715b9d83769f742b4f036e210797 '   itemscope=\"itemscope\" itemtype=\"https:\/\/schema.org\/CreativeWork\" ><div class='avia_textblock'  itemprop=\"text\" ><h1><strong>Akupunktur<\/strong><\/h1>\n<\/div><\/section><br \/>\n\n<style type=\"text\/css\" data-created_by=\"avia_inline_auto\" id=\"style-css-av-lu1c5xvt-a06f156cc503fe8baecfcc935243daf3\">\n#top .av-special-heading.av-lu1c5xvt-a06f156cc503fe8baecfcc935243daf3{\npadding-bottom:10px;\n}\nbody .av-special-heading.av-lu1c5xvt-a06f156cc503fe8baecfcc935243daf3 .av-special-heading-tag .heading-char{\nfont-size:25px;\n}\n.av-special-heading.av-lu1c5xvt-a06f156cc503fe8baecfcc935243daf3 .av-subheading{\nfont-size:15px;\n}\n<\/style>\n<div  class='av-special-heading av-lu1c5xvt-a06f156cc503fe8baecfcc935243daf3 av-special-heading-h2 blockquote modern-quote  avia-builder-el-4  el_after_av_textblock  el_before_av_textblock '><h2 class='av-special-heading-tag '  itemprop=\"headline\"  >Was ist Akupunktur?<\/h2><div class=\"special-heading-border\"><div class=\"special-heading-inner-border\"><\/div><\/div><\/div><br \/>\n<section  class='av_textblock_section av-lu1c63c8-081a020c2fb390197d4f4a8c51224d74 '   itemscope=\"itemscope\" itemtype=\"https:\/\/schema.org\/CreativeWork\" ><div class='avia_textblock'  itemprop=\"text\" ><p>Akupunktur, aus der traditionellen chinesischen Medizin (TCM), nutzt feine Nadeln auf spezifischen Akupunkturpunkten entlang der Energieleitbahnen, um Schmerzen zu lindern und das Wohlbefinden zu steigern.<\/p>\n<\/div><\/section><br \/>\n\n<style type=\"text\/css\" data-created_by=\"avia_inline_auto\" id=\"style-css-av-lu1c6ais-1ede7e9f45348d25872415ed6fa05715\">\n#top .av-special-heading.av-lu1c6ais-1ede7e9f45348d25872415ed6fa05715{\npadding-bottom:10px;\n}\nbody .av-special-heading.av-lu1c6ais-1ede7e9f45348d25872415ed6fa05715 .av-special-heading-tag .heading-char{\nfont-size:25px;\n}\n.av-special-heading.av-lu1c6ais-1ede7e9f45348d25872415ed6fa05715 .av-subheading{\nfont-size:15px;\n}\n<\/style>\n<div  class='av-special-heading av-lu1c6ais-1ede7e9f45348d25872415ed6fa05715 av-special-heading-h2 blockquote modern-quote  avia-builder-el-6  el_after_av_textblock  el_before_av_textblock '><h2 class='av-special-heading-tag '  itemprop=\"headline\"  >Orthop\u00e4dische Akupunktur<\/h2><div class=\"special-heading-border\"><div class=\"special-heading-inner-border\"><\/div><\/div><\/div><br \/>\n<section  class='av_textblock_section av-lu1c6h4x-79188184f642012cd8c9ed0908543e41 '   itemscope=\"itemscope\" itemtype=\"https:\/\/schema.org\/CreativeWork\" ><div class='avia_textblock'  itemprop=\"text\" ><p>Die Behandlung zielt darauf ab, das Gleichgewicht von Yin und Yang wiederherzustellen, indem sie Akupunkturpunkte stimuliert. Dabei wird der Patient ganzheitlich betrachtet.<\/p>\n<\/div><\/section><br \/>\n\n<style type=\"text\/css\" data-created_by=\"avia_inline_auto\" id=\"style-css-av-lu1c6nd3-4af2f4e61dcfd12841a9b2d25c8a48ad\">\n#top .av-special-heading.av-lu1c6nd3-4af2f4e61dcfd12841a9b2d25c8a48ad{\npadding-bottom:10px;\n}\nbody .av-special-heading.av-lu1c6nd3-4af2f4e61dcfd12841a9b2d25c8a48ad .av-special-heading-tag .heading-char{\nfont-size:25px;\n}\n.av-special-heading.av-lu1c6nd3-4af2f4e61dcfd12841a9b2d25c8a48ad .av-subheading{\nfont-size:15px;\n}\n<\/style>\n<div  class='av-special-heading av-lu1c6nd3-4af2f4e61dcfd12841a9b2d25c8a48ad av-special-heading-h2 blockquote modern-quote  avia-builder-el-8  el_after_av_textblock  el_before_av_textblock '><h2 class='av-special-heading-tag '  itemprop=\"headline\"  >Verlauf der Behandlung<\/h2><div class=\"special-heading-border\"><div class=\"special-heading-inner-border\"><\/div><\/div><\/div><br \/>\n<section  class='av_textblock_section av-lu1c6t0o-da96f7665f15b79c0aabea49b97df604 '   itemscope=\"itemscope\" itemtype=\"https:\/\/schema.org\/CreativeWork\" ><div class='avia_textblock'  itemprop=\"text\" ><p>Die Akupunktur erfolgt entspannt in einer ruhigen Atmosph\u00e4re. Nach dem Setzen der schmerzlosen Nadeln verweilt der Patient f\u00fcr 20-30 Minuten.<\/p>\n<\/div><\/section><br \/>\n\n<style type=\"text\/css\" data-created_by=\"avia_inline_auto\" id=\"style-css-av-lu1c70ev-fad30d0dd82fe0b5add50838418ff77f\">\n#top .av-special-heading.av-lu1c70ev-fad30d0dd82fe0b5add50838418ff77f{\npadding-bottom:10px;\n}\nbody .av-special-heading.av-lu1c70ev-fad30d0dd82fe0b5add50838418ff77f .av-special-heading-tag .heading-char{\nfont-size:25px;\n}\n.av-special-heading.av-lu1c70ev-fad30d0dd82fe0b5add50838418ff77f .av-subheading{\nfont-size:15px;\n}\n<\/style>\n<div  class='av-special-heading av-lu1c70ev-fad30d0dd82fe0b5add50838418ff77f av-special-heading-h2 blockquote modern-quote  avia-builder-el-10  el_after_av_textblock  el_before_av_textblock '><h2 class='av-special-heading-tag '  itemprop=\"headline\"  >Vorteile der orthop\u00e4dischen Akupunktur<\/h2><div class=\"special-heading-border\"><div class=\"special-heading-inner-border\"><\/div><\/div><\/div><br \/>\n<section  class='av_textblock_section av-7ymlu-2ffbe6762c4dbeb7b51dbe96af968870 '   itemscope=\"itemscope\" itemtype=\"https:\/\/schema.org\/CreativeWork\" ><div class='avia_textblock'  itemprop=\"text\" ><p>Schnelle Wirksamkeit, Verzicht auf Medikamente, dauerhafte Ergebnisse und die M\u00f6glichkeit zur Wiederholung machen die Akupunktur besonders effektiv.<\/p>\n<\/div><\/section><br \/>\n\n<style type=\"text\/css\" data-created_by=\"avia_inline_auto\" id=\"style-css-av-lu1c7m1l-ca9684bd1989f8ba6cb44987c2888af8\">\n#top .av-special-heading.av-lu1c7m1l-ca9684bd1989f8ba6cb44987c2888af8{\npadding-bottom:10px;\n}\nbody .av-special-heading.av-lu1c7m1l-ca9684bd1989f8ba6cb44987c2888af8 .av-special-heading-tag .heading-char{\nfont-size:25px;\n}\n.av-special-heading.av-lu1c7m1l-ca9684bd1989f8ba6cb44987c2888af8 .av-subheading{\nfont-size:15px;\n}\n<\/style>\n<div  class='av-special-heading av-lu1c7m1l-ca9684bd1989f8ba6cb44987c2888af8 av-special-heading-h2 blockquote modern-quote  avia-builder-el-12  el_after_av_textblock  el_before_av_textblock '><h2 class='av-special-heading-tag '  itemprop=\"headline\"  >Anwendungsbereiche<\/h2><div class=\"special-heading-border\"><div class=\"special-heading-inner-border\"><\/div><\/div><\/div><br \/>\n<section  class='av_textblock_section av-lu1c78nv-837a95d576583cecc9f0b6c52d83e346 '   itemscope=\"itemscope\" itemtype=\"https:\/\/schema.org\/CreativeWork\" ><div class='avia_textblock'  itemprop=\"text\" ><p>Erfolgreich bei Bandscheibenvorf\u00e4llen, Gelenkproblemen, Schmerzen, Entz\u00fcndungen und mehr.<\/p>\n<\/div><\/section><br \/>\n\n<style type=\"text\/css\" data-created_by=\"avia_inline_auto\" id=\"style-css-av-lu1c8076-ca8609ac72953afb1100398d1c5f114c\">\n#top .av-special-heading.av-lu1c8076-ca8609ac72953afb1100398d1c5f114c{\npadding-bottom:10px;\n}\nbody .av-special-heading.av-lu1c8076-ca8609ac72953afb1100398d1c5f114c .av-special-heading-tag .heading-char{\nfont-size:25px;\n}\n.av-special-heading.av-lu1c8076-ca8609ac72953afb1100398d1c5f114c .av-subheading{\nfont-size:15px;\n}\n<\/style>\n<div  class='av-special-heading av-lu1c8076-ca8609ac72953afb1100398d1c5f114c av-special-heading-h2 blockquote modern-quote  avia-builder-el-14  el_after_av_textblock  el_before_av_textblock '><h2 class='av-special-heading-tag '  itemprop=\"headline\"  >Selbstheilung durch Akupunktur<\/h2><div class=\"special-heading-border\"><div class=\"special-heading-inner-border\"><\/div><\/div><\/div><br \/>\n<section  class='av_textblock_section av-lu1c7tm4-730c1d38e6b1b0c2bb4b16c81c86b984 '   itemscope=\"itemscope\" itemtype=\"https:\/\/schema.org\/CreativeWork\" ><div class='avia_textblock'  itemprop=\"text\" ><p>Akupunktur mobilisiert die k\u00f6rpereigenen Ressourcen, f\u00f6rdert die Selbstheilung und verbessert die Lebensqualit\u00e4t.<\/p>\n<\/div><\/section><\/p><\/div>\n","protected":false},"excerpt":{"rendered":"","protected":false},"author":1,"featured_media":0,"parent":0,"menu_order":0,"comment_status":"closed","ping_status":"closed","template":"","meta":{"footnotes":""},"class_list":["post-914","page","type-page","status-publish","hentry"],"yoast_head":"<!-- This site is optimized with the Yoast SEO plugin v27.3 - https:\/\/yoast.com\/product\/yoast-seo-wordpress\/ -->\n<title>Akupunktur - MVZ Rheinland Br\u00fchl<\/title>\n<meta name=\"description\" content=\"Akupunktur, aus der traditionellen chinesischen Medizin (TCM), nutzt feine Nadeln auf spezifischen Akupunkturpunkten entlang der Energieleitbahnen, um Schmerzen zu lindern und das Wohlbefinden zu steigern.\" \/>\n<meta name=\"robots\" content=\"index, follow, max-snippet:-1, max-image-preview:large, max-video-preview:-1\" \/>\n<link rel=\"canonical\" href=\"https:\/\/atos-mvz.de\/bruehl\/akupunktur\/\" \/>\n<meta property=\"og:locale\" content=\"de_DE\" \/>\n<meta property=\"og:type\" content=\"article\" \/>\n<meta property=\"og:title\" content=\"Akupunktur - MVZ Rheinland Br\u00fchl\" \/>\n<meta property=\"og:description\" content=\"Akupunktur, aus der traditionellen chinesischen Medizin (TCM), nutzt feine Nadeln auf spezifischen Akupunkturpunkten entlang der Energieleitbahnen, um Schmerzen zu lindern und das Wohlbefinden zu steigern.\" \/>\n<meta property=\"og:url\" content=\"https:\/\/atos-mvz.de\/bruehl\/akupunktur\/\" \/>\n<meta property=\"og:site_name\" content=\"MVZ Rheinland Br\u00fchl\" \/>\n<meta property=\"article:modified_time\" content=\"2024-08-21T09:08:48+00:00\" \/>\n<meta name=\"twitter:card\" content=\"summary_large_image\" \/>\n<script type=\"application\/ld+json\" class=\"yoast-schema-graph\">{\"@context\":\"https:\\\/\\\/schema.org\",\"@graph\":[{\"@type\":\"WebPage\",\"@id\":\"https:\\\/\\\/atos-mvz.de\\\/bruehl\\\/akupunktur\\\/\",\"url\":\"https:\\\/\\\/atos-mvz.de\\\/bruehl\\\/akupunktur\\\/\",\"name\":\"Akupunktur - MVZ Rheinland Br\u00fchl\",\"isPartOf\":{\"@id\":\"https:\\\/\\\/atos-mvz.de\\\/bruehl\\\/#website\"},\"datePublished\":\"2024-03-21T14:38:34+00:00\",\"dateModified\":\"2024-08-21T09:08:48+00:00\",\"description\":\"Akupunktur, aus der traditionellen chinesischen Medizin (TCM), nutzt feine Nadeln auf spezifischen Akupunkturpunkten entlang der Energieleitbahnen, um Schmerzen zu lindern und das Wohlbefinden zu steigern.\",\"breadcrumb\":{\"@id\":\"https:\\\/\\\/atos-mvz.de\\\/bruehl\\\/akupunktur\\\/#breadcrumb\"},\"inLanguage\":\"de\",\"potentialAction\":[{\"@type\":\"ReadAction\",\"target\":[\"https:\\\/\\\/atos-mvz.de\\\/bruehl\\\/akupunktur\\\/\"]}]},{\"@type\":\"BreadcrumbList\",\"@id\":\"https:\\\/\\\/atos-mvz.de\\\/bruehl\\\/akupunktur\\\/#breadcrumb\",\"itemListElement\":[{\"@type\":\"ListItem\",\"position\":1,\"name\":\"Startseite\",\"item\":\"https:\\\/\\\/atos-mvz.de\\\/bruehl\\\/startseite\\\/\"},{\"@type\":\"ListItem\",\"position\":2,\"name\":\"Akupunktur\"}]},{\"@type\":\"WebSite\",\"@id\":\"https:\\\/\\\/atos-mvz.de\\\/bruehl\\\/#website\",\"url\":\"https:\\\/\\\/atos-mvz.de\\\/bruehl\\\/\",\"name\":\"MVZ Rheinland Br\u00fchl\",\"description\":\"\",\"potentialAction\":[{\"@type\":\"SearchAction\",\"target\":{\"@type\":\"EntryPoint\",\"urlTemplate\":\"https:\\\/\\\/atos-mvz.de\\\/bruehl\\\/?s={search_term_string}\"},\"query-input\":{\"@type\":\"PropertyValueSpecification\",\"valueRequired\":true,\"valueName\":\"search_term_string\"}}],\"inLanguage\":\"de\"}]}<\/script>\n<!-- \/ Yoast SEO plugin. -->","yoast_head_json":{"title":"Akupunktur - MVZ Rheinland Br\u00fchl","description":"Akupunktur, aus der traditionellen chinesischen Medizin (TCM), nutzt feine Nadeln auf spezifischen Akupunkturpunkten entlang der Energieleitbahnen, um Schmerzen zu lindern und das Wohlbefinden zu steigern.","robots":{"index":"index","follow":"follow","max-snippet":"max-snippet:-1","max-image-preview":"max-image-preview:large","max-video-preview":"max-video-preview:-1"},"canonical":"https:\/\/atos-mvz.de\/bruehl\/akupunktur\/","og_locale":"de_DE","og_type":"article","og_title":"Akupunktur - MVZ Rheinland Br\u00fchl","og_description":"Akupunktur, aus der traditionellen chinesischen Medizin (TCM), nutzt feine Nadeln auf spezifischen Akupunkturpunkten entlang der Energieleitbahnen, um Schmerzen zu lindern und das Wohlbefinden zu steigern.","og_url":"https:\/\/atos-mvz.de\/bruehl\/akupunktur\/","og_site_name":"MVZ Rheinland Br\u00fchl","article_modified_time":"2024-08-21T09:08:48+00:00","twitter_card":"summary_large_image","schema":{"@context":"https:\/\/schema.org","@graph":[{"@type":"WebPage","@id":"https:\/\/atos-mvz.de\/bruehl\/akupunktur\/","url":"https:\/\/atos-mvz.de\/bruehl\/akupunktur\/","name":"Akupunktur - MVZ Rheinland Br\u00fchl","isPartOf":{"@id":"https:\/\/atos-mvz.de\/bruehl\/#website"},"datePublished":"2024-03-21T14:38:34+00:00","dateModified":"2024-08-21T09:08:48+00:00","description":"Akupunktur, aus der traditionellen chinesischen Medizin (TCM), nutzt feine Nadeln auf spezifischen Akupunkturpunkten entlang der Energieleitbahnen, um Schmerzen zu lindern und das Wohlbefinden zu steigern.","breadcrumb":{"@id":"https:\/\/atos-mvz.de\/bruehl\/akupunktur\/#breadcrumb"},"inLanguage":"de","potentialAction":[{"@type":"ReadAction","target":["https:\/\/atos-mvz.de\/bruehl\/akupunktur\/"]}]},{"@type":"BreadcrumbList","@id":"https:\/\/atos-mvz.de\/bruehl\/akupunktur\/#breadcrumb","itemListElement":[{"@type":"ListItem","position":1,"name":"Startseite","item":"https:\/\/atos-mvz.de\/bruehl\/startseite\/"},{"@type":"ListItem","position":2,"name":"Akupunktur"}]},{"@type":"WebSite","@id":"https:\/\/atos-mvz.de\/bruehl\/#website","url":"https:\/\/atos-mvz.de\/bruehl\/","name":"MVZ Rheinland Br\u00fchl","description":"","potentialAction":[{"@type":"SearchAction","target":{"@type":"EntryPoint","urlTemplate":"https:\/\/atos-mvz.de\/bruehl\/?s={search_term_string}"},"query-input":{"@type":"PropertyValueSpecification","valueRequired":true,"valueName":"search_term_string"}}],"inLanguage":"de"}]}},"_links":{"self":[{"href":"https:\/\/atos-mvz.de\/bruehl\/wp-json\/wp\/v2\/pages\/914","targetHints":{"allow":["GET"]}}],"collection":[{"href":"https:\/\/atos-mvz.de\/bruehl\/wp-json\/wp\/v2\/pages"}],"about":[{"href":"https:\/\/atos-mvz.de\/bruehl\/wp-json\/wp\/v2\/types\/page"}],"author":[{"embeddable":true,"href":"https:\/\/atos-mvz.de\/bruehl\/wp-json\/wp\/v2\/users\/1"}],"replies":[{"embeddable":true,"href":"https:\/\/atos-mvz.de\/bruehl\/wp-json\/wp\/v2\/comments?post=914"}],"version-history":[{"count":7,"href":"https:\/\/atos-mvz.de\/bruehl\/wp-json\/wp\/v2\/pages\/914\/revisions"}],"predecessor-version":[{"id":1274,"href":"https:\/\/atos-mvz.de\/bruehl\/wp-json\/wp\/v2\/pages\/914\/revisions\/1274"}],"wp:attachment":[{"href":"https:\/\/atos-mvz.de\/bruehl\/wp-json\/wp\/v2\/media?parent=914"}],"curies":[{"name":"wp","href":"https:\/\/api.w.org\/{rel}","templated":true}]}}