{"id":37,"date":"2021-01-27T11:09:58","date_gmt":"2021-01-27T10:09:58","guid":{"rendered":"https:\/\/atos-mvz.de\/bruehl\/?page_id=37"},"modified":"2026-01-14T12:23:39","modified_gmt":"2026-01-14T11:23:39","slug":"kontakt","status":"publish","type":"page","link":"https:\/\/atos-mvz.de\/bruehl\/kontakt\/","title":{"rendered":"Kontakt"},"content":{"rendered":"\n<style type=\"text\/css\" data-created_by=\"avia_inline_auto\" id=\"style-css-av-kkf8p3ck-33feb8d40417a5722772bda165fa84d7\">\n.avia-section.av-kkf8p3ck-33feb8d40417a5722772bda165fa84d7{\nbackground-repeat:no-repeat;\nbackground-image:url(https:\/\/atos-mvz.de\/bruehl\/wp-content\/uploads\/sites\/28\/2024\/03\/bruehl1.jpg);\nbackground-position:50% 50%;\nbackground-attachment:scroll;\n}\n.avia-section.av-kkf8p3ck-33feb8d40417a5722772bda165fa84d7 .av-extra-border-element .av-extra-border-inner{\nbackground-color:#ffffff;\n}\n<\/style>\n<div id='header-img'  class='avia-section av-kkf8p3ck-33feb8d40417a5722772bda165fa84d7 main_color avia-section-huge avia-no-border-styling  avia-builder-el-0  el_before_av_section  avia-builder-el-first  largeimg avia-full-stretch avia-bg-style-scroll container_wrap fullsize'  data-section-bg-repeat='stretch'><div class='container av-section-cont-open' ><main  role=\"main\" itemprop=\"mainContentOfPage\"  class='template-page content  av-content-full alpha units'><div class='post-entry post-entry-type-page post-entry-37'><div class='entry-content-wrapper clearfix'>\n<\/div><\/div><\/main><!-- close content main element --><\/div><div class='av-extra-border-element border-extra-diagonal border-extra-diagonal-inverse '><div class='av-extra-border-outer'><div class='av-extra-border-inner'><\/div><\/div><\/div><\/div><div id='av_section_2'  class='avia-section av-kkf9umjd-6b2b6bf0954667ed1268d6be05c70b36 main_color avia-section-large avia-no-border-styling  avia-builder-el-1  el_after_av_section  avia-builder-el-last  standort avia-bg-style-scroll container_wrap fullsize'  ><div class='container av-section-cont-open' ><div class='template-page content  av-content-full alpha units'><div class='post-entry post-entry-type-page post-entry-37'><div class='entry-content-wrapper clearfix'>\n<div  class='flex_column av-28tfx-6d2f110ae0b5b1b4b3bc480a1029a7ec av_one_half  avia-builder-el-2  el_before_av_one_half  avia-builder-el-first  first flex_column_div  '     ><section  class='av_textblock_section av-1q8dt-565fedc9359bd13da837390e173bc5ea '   itemscope=\"itemscope\" itemtype=\"https:\/\/schema.org\/CreativeWork\" ><div class='avia_textblock'  itemprop=\"text\" ><h2>ATOS MVZ <strong>Br\u00fchl<\/strong><\/h2>\n<\/div><\/section><br \/>\n<div  class='avia-icon-list-container av-ls1k27ue-f9ae3ce073775d8295ac7c178a0721e3  avia-builder-el-4  el_after_av_textblock  el_before_av_textblock '><ul class='avia-icon-list avia_animate_when_almost_visible avia-icon-list-left av-iconlist-small av-ls1k27ue-f9ae3ce073775d8295ac7c178a0721e3 avia-iconlist-animate'>\n<li><div class='iconlist_icon av-ls1k1s1e-9a3d8b46c674bcd9b615b53e348f10ac avia-font-fontello avia-iconfont avia-font-fontello'><span class='av-icon-char' data-av_icon='\ue800' data-av_iconfont='fontello' aria-hidden=\"true\"><\/span><\/div><article class=\"article-icon-entry av-iconlist-empty\"  itemscope=\"itemscope\" itemtype=\"https:\/\/schema.org\/CreativeWork\" ><div class=\"iconlist_content_wrap\"><header class=\"entry-content-header\" aria-label=\"Icon: Libraler Stra\u00dfe 2<br> 50321 Br\u00fchl\"><div class='av_iconlist_title iconlist_title_small  '  itemprop=\"headline\" >Libraler Stra\u00dfe 2<br> 50321 Br\u00fchl<\/div><\/header><div class='iconlist_content '  itemprop=\"text\" ><\/div><\/div><footer class=\"entry-footer\"><\/footer><\/article><div class=\"iconlist-timeline\"><\/div><\/li>\n<li><div class='iconlist_icon av-ls1k1xnk-c244b1255c828a18af6cc997638de1ab avia-font-fontello avia-iconfont avia-font-fontello'><span class='av-icon-char' data-av_icon='\ue802' data-av_iconfont='fontello' aria-hidden=\"true\"><\/span><\/div><article class=\"article-icon-entry av-iconlist-empty\"  itemscope=\"itemscope\" itemtype=\"https:\/\/schema.org\/CreativeWork\" ><div class=\"iconlist_content_wrap\"><header class=\"entry-content-header\" aria-label=\"Icon: &lt;a href=&#039;tel:+49223245278&#039; title=&#039;02232 45278&#039;&gt;02232 45278&lt;\/a&gt;\"><div class='av_iconlist_title iconlist_title_small  '  itemprop=\"headline\" ><a href='tel:+49223245278' title='02232 45278'>02232 45278<\/a><\/div><\/header><div class='iconlist_content '  itemprop=\"text\" ><\/div><\/div><footer class=\"entry-footer\"><\/footer><\/article><div class=\"iconlist-timeline\"><\/div><\/li>\n<li><div class='iconlist_icon av-ls1k1xnk-1-8a4e5ea9184dcf3ecc7d45312e66c8ef avia-font-fontello avia-iconfont avia-font-fontello'><span class='av-icon-char' data-av_icon='\ue802' data-av_iconfont='fontello' aria-hidden=\"true\"><\/span><\/div><article class=\"article-icon-entry av-iconlist-empty\"  itemscope=\"itemscope\" itemtype=\"https:\/\/schema.org\/CreativeWork\" ><div class=\"iconlist_content_wrap\"><header class=\"entry-content-header\" aria-label=\"Icon: &lt;a href=&#039;tel:+492232943100&#039; title=&#039;02232 943100&#039;&gt;02232 943100&lt;\/a&gt;\"><div class='av_iconlist_title iconlist_title_small  '  itemprop=\"headline\" ><a href='tel:+492232943100' title='02232 943100'>02232 943100<\/a><\/div><\/header><div class='iconlist_content '  itemprop=\"text\" ><\/div><\/div><footer class=\"entry-footer\"><\/footer><\/article><div class=\"iconlist-timeline\"><\/div><\/li>\n<li><div class='iconlist_icon av-ls1k248r-3fd5e5778d8d22cdcd807ce54943da2f avia-font-fontello avia-iconfont avia-font-fontello'><span class='av-icon-char' data-av_icon='\uf0e0' data-av_iconfont='fontello' aria-hidden=\"true\"><\/span><\/div><article class=\"article-icon-entry av-iconlist-empty\"  itemscope=\"itemscope\" itemtype=\"https:\/\/schema.org\/CreativeWork\" ><div class=\"iconlist_content_wrap\"><header class=\"entry-content-header\" aria-label=\"Icon: &lt;a href=&#039;mailto:bruehl-mvz.rheinland@atos.de&#039; title=&#039;bruehl-mvz.rheinland@atos.de&#039;&gt;bruehl-mvz.rheinland@atos.de&lt;\/a&gt;\"><div class='av_iconlist_title iconlist_title_small  '  itemprop=\"headline\" ><a href='mailto:bruehl-mvz.rheinland@atos.de' title='bruehl-mvz.rheinland@atos.de'>bruehl-mvz.rheinland@atos.de<\/a><\/div><\/header><div class='iconlist_content '  itemprop=\"text\" ><\/div><\/div><footer class=\"entry-footer\"><\/footer><\/article><div class=\"iconlist-timeline\"><\/div><\/li>\n<\/ul><\/div><br \/>\n<section  class='av_textblock_section av-lu73e04c-7637ca6db44d0adfd0a80b7299d50ac0 '   itemscope=\"itemscope\" itemtype=\"https:\/\/schema.org\/CreativeWork\" ><div class='avia_textblock'  itemprop=\"text\" ><p><strong>Telefonische Erreichbarkeit<br \/>\n<\/strong>Mo-Fr von 08:00 bis 14:00 Uhr<\/p>\n<\/div><\/section><br \/>\n<div  class='avia-button-wrap av-lu2r3dyj-09e4ba121f8e115ed8498570226cad9d-wrap avia-button-left  avia-builder-el-6  el_after_av_textblock  avia-builder-el-last '><a href='https:\/\/www.doctolib.de\/praxis\/koeln-bruehl-huerth\/praxis-zentrum-klinik-dr-merkle-kollegen?pid=practice-105619'  class='avia-button av-lu2r3dyj-09e4ba121f8e115ed8498570226cad9d av-link-btn avia-icon_select-yes-right-icon avia-size-small avia-position-left avia-color-theme-color'  target=\"_blank\"  rel=\"noopener noreferrer\"  aria-label=\"Termin vereinbaren\"><span class='avia_iconbox_title' >Termin vereinbaren<\/span><span class='avia_button_icon avia_button_icon_right avia-iconfont avia-font-entypo-fontello' data-av_icon='\ue85b' data-av_iconfont='entypo-fontello' ><\/span><\/a><\/div><\/p><\/div><div  class='flex_column av-6a6p-2cef3d79592ad9a572a16583d4a3546a av_one_half  avia-builder-el-7  el_after_av_one_half  avia-builder-el-last  flex_column_div  '     ><section  class='av_textblock_section av-sbpd-222fac066e7c0a2a86cecbda6ea83a46 '   itemscope=\"itemscope\" itemtype=\"https:\/\/schema.org\/CreativeWork\" ><div class='avia_textblock'  itemprop=\"text\" ><h3>Aktuelle <strong>Sprechstundenzeiten<\/strong><\/h3>\n<\/div><\/section><br \/>\n<div class='avia-data-table-wrap av-lb8c-955324aac03b7b2ec12c54881e8304f1 avia_scrollable_table avia-table-1'><table  class='avia-table avia-data-table avia_pricing_default  avia-builder-el-9  el_after_av_textblock  el_before_av_textblock  spalten3'  itemscope=\"itemscope\" itemtype=\"https:\/\/schema.org\/Table\" ><tbody><tr class=''><td class=''>Montag<\/td><td class=''>8:00 &#8211; 13:00<\/td><td class=''>14:00 &#8211; 18:00<\/td><\/tr><tr class=''><td class=''>Dienstag<\/td><td class=''>8:00 &#8211; 13:00<\/td><td class=''>14:00 &#8211; 18:00<\/td><\/tr><tr class=''><td class=''>Mittwoch<\/td><td class=''>8:00 &#8211; 14:00<\/td><td class=''>&#8211;<\/td><\/tr><tr class=''><td class=''>Donnerstag<\/td><td class=''>8:00 &#8211; 13:00<\/td><td class=''>14:00 &#8211; 18:00<\/td><\/tr><tr class=''><td class=''>Freitag<\/td><td class=''>8:00 &#8211; 14:00<\/td><td class=''>&#8211;<\/td><\/tr><\/tbody><\/table><\/div><br \/>\n\n<style type=\"text\/css\" data-created_by=\"avia_inline_auto\" id=\"style-css-av-vx3p-a6314ce41853550ad43304554e9f1784\">\n#top .av_textblock_section.av-vx3p-a6314ce41853550ad43304554e9f1784 .avia_textblock{\nfont-size:15px;\n}\n<\/style>\n<section  class='av_textblock_section av-vx3p-a6314ce41853550ad43304554e9f1784 '   itemscope=\"itemscope\" itemtype=\"https:\/\/schema.org\/CreativeWork\" ><div class='avia_textblock'  itemprop=\"text\" ><p><strong>Notfallsprechstunde<\/strong><\/p>\n<p>Montag, Dienstag, Donnerstag und Freitag<br \/>\nTermine buchbar am selben Tag ab 06:00 Uhr<br \/>\n\u00fcber den Doctolib-Kalender von Frau Dr. Noelle<br \/>\n(Kategorie: Akut)<\/p>\n<\/div><\/section><\/p><\/div>\n","protected":false},"excerpt":{"rendered":"","protected":false},"author":2,"featured_media":0,"parent":0,"menu_order":0,"comment_status":"closed","ping_status":"closed","template":"","meta":{"footnotes":""},"class_list":["post-37","page","type-page","status-publish","hentry"],"yoast_head":"<!-- This site is optimized with the Yoast SEO plugin v27.3 - https:\/\/yoast.com\/product\/yoast-seo-wordpress\/ -->\n<title>Kontakt - MVZ Rheinland Br\u00fchl<\/title>\n<meta name=\"description\" content=\"Ihr Weg zur Orthop\u00e4die in Br\u00fchl: Erfahren Sie alles zu Anfahrt, Parken &amp; Kontakt zum MVZ Rheinland. Wir sind von Montag bis Freitag f\u00fcr Sie da. Mehr erfahren.\" \/>\n<meta name=\"robots\" content=\"index, follow, max-snippet:-1, max-image-preview:large, max-video-preview:-1\" \/>\n<link rel=\"canonical\" href=\"https:\/\/atos-mvz.de\/bruehl\/kontakt\/\" \/>\n<meta property=\"og:locale\" content=\"de_DE\" \/>\n<meta property=\"og:type\" content=\"article\" \/>\n<meta property=\"og:title\" content=\"Kontakt - MVZ Rheinland Br\u00fchl\" \/>\n<meta property=\"og:description\" content=\"Ihr Weg zur Orthop\u00e4die in Br\u00fchl: Erfahren Sie alles zu Anfahrt, Parken &amp; Kontakt zum MVZ Rheinland. Wir sind von Montag bis Freitag f\u00fcr Sie da. Mehr erfahren.\" \/>\n<meta property=\"og:url\" content=\"https:\/\/atos-mvz.de\/bruehl\/kontakt\/\" \/>\n<meta property=\"og:site_name\" content=\"MVZ Rheinland Br\u00fchl\" \/>\n<meta property=\"article:modified_time\" content=\"2026-01-14T11:23:39+00:00\" \/>\n<meta name=\"twitter:card\" content=\"summary_large_image\" \/>\n<script type=\"application\/ld+json\" class=\"yoast-schema-graph\">{\"@context\":\"https:\\\/\\\/schema.org\",\"@graph\":[{\"@type\":\"WebPage\",\"@id\":\"https:\\\/\\\/atos-mvz.de\\\/bruehl\\\/kontakt\\\/\",\"url\":\"https:\\\/\\\/atos-mvz.de\\\/bruehl\\\/kontakt\\\/\",\"name\":\"Kontakt - MVZ Rheinland Br\u00fchl\",\"isPartOf\":{\"@id\":\"https:\\\/\\\/atos-mvz.de\\\/bruehl\\\/#website\"},\"datePublished\":\"2021-01-27T10:09:58+00:00\",\"dateModified\":\"2026-01-14T11:23:39+00:00\",\"description\":\"Ihr Weg zur Orthop\u00e4die in Br\u00fchl: Erfahren Sie alles zu Anfahrt, Parken & Kontakt zum MVZ Rheinland. Wir sind von Montag bis Freitag f\u00fcr Sie da. Mehr erfahren.\",\"breadcrumb\":{\"@id\":\"https:\\\/\\\/atos-mvz.de\\\/bruehl\\\/kontakt\\\/#breadcrumb\"},\"inLanguage\":\"de\",\"potentialAction\":[{\"@type\":\"ReadAction\",\"target\":[\"https:\\\/\\\/atos-mvz.de\\\/bruehl\\\/kontakt\\\/\"]}]},{\"@type\":\"BreadcrumbList\",\"@id\":\"https:\\\/\\\/atos-mvz.de\\\/bruehl\\\/kontakt\\\/#breadcrumb\",\"itemListElement\":[{\"@type\":\"ListItem\",\"position\":1,\"name\":\"Startseite\",\"item\":\"https:\\\/\\\/atos-mvz.de\\\/bruehl\\\/startseite\\\/\"},{\"@type\":\"ListItem\",\"position\":2,\"name\":\"Kontakt\"}]},{\"@type\":\"WebSite\",\"@id\":\"https:\\\/\\\/atos-mvz.de\\\/bruehl\\\/#website\",\"url\":\"https:\\\/\\\/atos-mvz.de\\\/bruehl\\\/\",\"name\":\"MVZ Rheinland Br\u00fchl\",\"description\":\"\",\"potentialAction\":[{\"@type\":\"SearchAction\",\"target\":{\"@type\":\"EntryPoint\",\"urlTemplate\":\"https:\\\/\\\/atos-mvz.de\\\/bruehl\\\/?s={search_term_string}\"},\"query-input\":{\"@type\":\"PropertyValueSpecification\",\"valueRequired\":true,\"valueName\":\"search_term_string\"}}],\"inLanguage\":\"de\"}]}<\/script>\n<!-- \/ Yoast SEO plugin. -->","yoast_head_json":{"title":"Kontakt - MVZ Rheinland Br\u00fchl","description":"Ihr Weg zur Orthop\u00e4die in Br\u00fchl: Erfahren Sie alles zu Anfahrt, Parken & Kontakt zum MVZ Rheinland. Wir sind von Montag bis Freitag f\u00fcr Sie da. Mehr erfahren.","robots":{"index":"index","follow":"follow","max-snippet":"max-snippet:-1","max-image-preview":"max-image-preview:large","max-video-preview":"max-video-preview:-1"},"canonical":"https:\/\/atos-mvz.de\/bruehl\/kontakt\/","og_locale":"de_DE","og_type":"article","og_title":"Kontakt - MVZ Rheinland Br\u00fchl","og_description":"Ihr Weg zur Orthop\u00e4die in Br\u00fchl: Erfahren Sie alles zu Anfahrt, Parken & Kontakt zum MVZ Rheinland. Wir sind von Montag bis Freitag f\u00fcr Sie da. Mehr erfahren.","og_url":"https:\/\/atos-mvz.de\/bruehl\/kontakt\/","og_site_name":"MVZ Rheinland Br\u00fchl","article_modified_time":"2026-01-14T11:23:39+00:00","twitter_card":"summary_large_image","schema":{"@context":"https:\/\/schema.org","@graph":[{"@type":"WebPage","@id":"https:\/\/atos-mvz.de\/bruehl\/kontakt\/","url":"https:\/\/atos-mvz.de\/bruehl\/kontakt\/","name":"Kontakt - MVZ Rheinland Br\u00fchl","isPartOf":{"@id":"https:\/\/atos-mvz.de\/bruehl\/#website"},"datePublished":"2021-01-27T10:09:58+00:00","dateModified":"2026-01-14T11:23:39+00:00","description":"Ihr Weg zur Orthop\u00e4die in Br\u00fchl: Erfahren Sie alles zu Anfahrt, Parken & Kontakt zum MVZ Rheinland. Wir sind von Montag bis Freitag f\u00fcr Sie da. Mehr erfahren.","breadcrumb":{"@id":"https:\/\/atos-mvz.de\/bruehl\/kontakt\/#breadcrumb"},"inLanguage":"de","potentialAction":[{"@type":"ReadAction","target":["https:\/\/atos-mvz.de\/bruehl\/kontakt\/"]}]},{"@type":"BreadcrumbList","@id":"https:\/\/atos-mvz.de\/bruehl\/kontakt\/#breadcrumb","itemListElement":[{"@type":"ListItem","position":1,"name":"Startseite","item":"https:\/\/atos-mvz.de\/bruehl\/startseite\/"},{"@type":"ListItem","position":2,"name":"Kontakt"}]},{"@type":"WebSite","@id":"https:\/\/atos-mvz.de\/bruehl\/#website","url":"https:\/\/atos-mvz.de\/bruehl\/","name":"MVZ Rheinland Br\u00fchl","description":"","potentialAction":[{"@type":"SearchAction","target":{"@type":"EntryPoint","urlTemplate":"https:\/\/atos-mvz.de\/bruehl\/?s={search_term_string}"},"query-input":{"@type":"PropertyValueSpecification","valueRequired":true,"valueName":"search_term_string"}}],"inLanguage":"de"}]}},"_links":{"self":[{"href":"https:\/\/atos-mvz.de\/bruehl\/wp-json\/wp\/v2\/pages\/37","targetHints":{"allow":["GET"]}}],"collection":[{"href":"https:\/\/atos-mvz.de\/bruehl\/wp-json\/wp\/v2\/pages"}],"about":[{"href":"https:\/\/atos-mvz.de\/bruehl\/wp-json\/wp\/v2\/types\/page"}],"author":[{"embeddable":true,"href":"https:\/\/atos-mvz.de\/bruehl\/wp-json\/wp\/v2\/users\/2"}],"replies":[{"embeddable":true,"href":"https:\/\/atos-mvz.de\/bruehl\/wp-json\/wp\/v2\/comments?post=37"}],"version-history":[{"count":43,"href":"https:\/\/atos-mvz.de\/bruehl\/wp-json\/wp\/v2\/pages\/37\/revisions"}],"predecessor-version":[{"id":1357,"href":"https:\/\/atos-mvz.de\/bruehl\/wp-json\/wp\/v2\/pages\/37\/revisions\/1357"}],"wp:attachment":[{"href":"https:\/\/atos-mvz.de\/bruehl\/wp-json\/wp\/v2\/media?parent=37"}],"curies":[{"name":"wp","href":"https:\/\/api.w.org\/{rel}","templated":true}]}}