{"id":317,"date":"2021-01-29T14:12:29","date_gmt":"2021-01-29T13:12:29","guid":{"rendered":"https:\/\/atos-mvz.de\/bruehl\/?page_id=317"},"modified":"2024-03-27T12:50:41","modified_gmt":"2024-03-27T11:50:41","slug":"acp-therapie","status":"publish","type":"page","link":"https:\/\/atos-mvz.de\/bruehl\/acp-therapie\/","title":{"rendered":"ACP-Therapie"},"content":{"rendered":"\n<style type=\"text\/css\" data-created_by=\"avia_inline_auto\" id=\"style-css-av-kkfaterk-ea20bb46cbea0366e0b3f5aba11cf742\">\n.avia-section.av-kkfaterk-ea20bb46cbea0366e0b3f5aba11cf742{\nbackground-repeat:no-repeat;\nbackground-image:url(https:\/\/atos-mvz.de\/bruehl\/wp-content\/uploads\/sites\/28\/2024\/03\/bruehl.jpg);\nbackground-position:50% 50%;\nbackground-attachment:scroll;\n}\n.avia-section.av-kkfaterk-ea20bb46cbea0366e0b3f5aba11cf742 .av-extra-border-element .av-extra-border-inner{\nbackground-color:#ffffff;\n}\n<\/style>\n<div id='header-img'  class='avia-section av-kkfaterk-ea20bb46cbea0366e0b3f5aba11cf742 main_color avia-section-huge avia-no-border-styling  avia-builder-el-0  el_before_av_section  avia-builder-el-first  largeimg avia-full-stretch avia-bg-style-scroll container_wrap fullsize'  data-section-bg-repeat='stretch'><div class='container av-section-cont-open' ><main  role=\"main\" itemprop=\"mainContentOfPage\"  class='template-page content  av-content-full alpha units'><div class='post-entry post-entry-type-page post-entry-317'><div class='entry-content-wrapper clearfix'>\n<\/div><\/div><\/main><!-- close content main element --><\/div><div class='av-extra-border-element border-extra-diagonal border-extra-diagonal-inverse '><div class='av-extra-border-outer'><div class='av-extra-border-inner'><\/div><\/div><\/div><\/div>\n<style type=\"text\/css\" data-created_by=\"avia_inline_auto\" id=\"style-css-av-16773-4202c268c0423d7c3b780fa3935de1b2\">\n.avia-section.av-16773-4202c268c0423d7c3b780fa3935de1b2 .av-extra-border-element .av-extra-border-inner{\nbackground-color:#f1f0f5;\n}\n<\/style>\n<div id='av_section_2'  class='avia-section av-16773-4202c268c0423d7c3b780fa3935de1b2 main_color avia-section-large avia-no-border-styling  avia-builder-el-1  el_after_av_section  avia-builder-el-last  avia-bg-style-scroll container_wrap fullsize'  ><div class='container av-section-cont-open' ><div class='template-page content  av-content-full alpha units'><div class='post-entry post-entry-type-page post-entry-317'><div class='entry-content-wrapper clearfix'>\n<div  class='flex_column av-av_four_fifth-41ee899840124b6993b57a87f996c353 av_four_fifth  avia-builder-el-2  avia-builder-el-no-sibling  first flex_column_div  '     ><section  class='av_textblock_section av-kkfavlr5-b9e1d62097ba07f406d76d24a226c675 '   itemscope=\"itemscope\" itemtype=\"https:\/\/schema.org\/CreativeWork\" ><div class='avia_textblock'  itemprop=\"text\" ><h1><strong>ACP-Therapie<\/strong><\/h1>\n<\/div><\/section><br \/>\n\n<style type=\"text\/css\" data-created_by=\"avia_inline_auto\" id=\"style-css-av-lu1c19gf-9d2220382d86372cb3a43e7947ba88eb\">\n#top .av-special-heading.av-lu1c19gf-9d2220382d86372cb3a43e7947ba88eb{\npadding-bottom:10px;\n}\nbody .av-special-heading.av-lu1c19gf-9d2220382d86372cb3a43e7947ba88eb .av-special-heading-tag .heading-char{\nfont-size:25px;\n}\n.av-special-heading.av-lu1c19gf-9d2220382d86372cb3a43e7947ba88eb .av-subheading{\nfont-size:15px;\n}\n<\/style>\n<div  class='av-special-heading av-lu1c19gf-9d2220382d86372cb3a43e7947ba88eb av-special-heading-h2 blockquote modern-quote  avia-builder-el-4  el_after_av_textblock  el_before_av_textblock '><h2 class='av-special-heading-tag '  itemprop=\"headline\"  >Was ist ACP?<\/h2><div class=\"special-heading-border\"><div class=\"special-heading-inner-border\"><\/div><\/div><\/div><br \/>\n<section  class='av_textblock_section av-go9t9-9d7c3890de19f87f5589da77e2765e5e '   itemscope=\"itemscope\" itemtype=\"https:\/\/schema.org\/CreativeWork\" ><div class='avia_textblock'  itemprop=\"text\" ><p>ACP steht f\u00fcr Autologes Konditioniertes Plasma, eine regenerative Medizinform, bei der das Blutplasma des Patienten verwendet wird, um die nat\u00fcrlichen Heilungsprozesse des K\u00f6rpers zu f\u00f6rdern.<\/p>\n<\/div><\/section><br \/>\n\n<style type=\"text\/css\" data-created_by=\"avia_inline_auto\" id=\"style-css-av-lu1c1ko1-c38e3f468b75ab89575bd88aa27efd29\">\n#top .av-special-heading.av-lu1c1ko1-c38e3f468b75ab89575bd88aa27efd29{\npadding-bottom:10px;\n}\nbody .av-special-heading.av-lu1c1ko1-c38e3f468b75ab89575bd88aa27efd29 .av-special-heading-tag .heading-char{\nfont-size:25px;\n}\n.av-special-heading.av-lu1c1ko1-c38e3f468b75ab89575bd88aa27efd29 .av-subheading{\nfont-size:15px;\n}\n<\/style>\n<div  class='av-special-heading av-lu1c1ko1-c38e3f468b75ab89575bd88aa27efd29 av-special-heading-h2 blockquote modern-quote  avia-builder-el-6  el_after_av_textblock  el_before_av_textblock '><h2 class='av-special-heading-tag '  itemprop=\"headline\"  >Anwendungsbereiche<\/h2><div class=\"special-heading-border\"><div class=\"special-heading-inner-border\"><\/div><\/div><\/div><br \/>\n<section  class='av_textblock_section av-34wd-53bd6ab418a0974580427e5ca1ded541 '   itemscope=\"itemscope\" itemtype=\"https:\/\/schema.org\/CreativeWork\" ><div class='avia_textblock'  itemprop=\"text\" ><p>H\u00e4ufig bei orthop\u00e4dischen Verletzungen wie Arthrose, Sehnenentz\u00fcndungen oder Muskelverletzungen. ACP wird durch eine Blutentnahme gewonnen und in den betroffenen Bereich injiziert.<\/p>\n<\/div><\/section><br \/>\n\n<style type=\"text\/css\" data-created_by=\"avia_inline_auto\" id=\"style-css-av-lu1c1q2o-b714ec4d9baa74035bcf2258a45dd718\">\n#top .av-special-heading.av-lu1c1q2o-b714ec4d9baa74035bcf2258a45dd718{\npadding-bottom:10px;\n}\nbody .av-special-heading.av-lu1c1q2o-b714ec4d9baa74035bcf2258a45dd718 .av-special-heading-tag .heading-char{\nfont-size:25px;\n}\n.av-special-heading.av-lu1c1q2o-b714ec4d9baa74035bcf2258a45dd718 .av-subheading{\nfont-size:15px;\n}\n<\/style>\n<div  class='av-special-heading av-lu1c1q2o-b714ec4d9baa74035bcf2258a45dd718 av-special-heading-h2 blockquote modern-quote  avia-builder-el-8  el_after_av_textblock  el_before_av_textblock '><h2 class='av-special-heading-tag '  itemprop=\"headline\"  >Vorteile der ACP-Therapie<\/h2><div class=\"special-heading-border\"><div class=\"special-heading-inner-border\"><\/div><\/div><\/div><br \/>\n<section  class='av_textblock_section av-lu1c23a1-2372efec21f561b4bb3552492c28be1e '   itemscope=\"itemscope\" itemtype=\"https:\/\/schema.org\/CreativeWork\" ><div class='avia_textblock'  itemprop=\"text\" ><ul>\n<li>Autologes Material, minimale Nebenwirkungen<\/li>\n<li>Beschleunigte Heilung durch Wachstumsfaktoren im Plasma<\/li>\n<li>Geringe Invasivit\u00e4t im Vergleich zu operativen Eingriffen<\/li>\n<li>Vielseitig anwendbar bei verschiedenen orthop\u00e4dischen Beschwerden<\/li>\n<\/ul>\n<\/div><\/section><br \/>\n\n<style type=\"text\/css\" data-created_by=\"avia_inline_auto\" id=\"style-css-av-lu1c1wet-468b51255ac9d4c27ad752c92928ee06\">\n#top .av-special-heading.av-lu1c1wet-468b51255ac9d4c27ad752c92928ee06{\npadding-bottom:10px;\n}\nbody .av-special-heading.av-lu1c1wet-468b51255ac9d4c27ad752c92928ee06 .av-special-heading-tag .heading-char{\nfont-size:25px;\n}\n.av-special-heading.av-lu1c1wet-468b51255ac9d4c27ad752c92928ee06 .av-subheading{\nfont-size:15px;\n}\n<\/style>\n<div  class='av-special-heading av-lu1c1wet-468b51255ac9d4c27ad752c92928ee06 av-special-heading-h2 blockquote modern-quote  avia-builder-el-10  el_after_av_textblock  el_before_av_textblock '><h2 class='av-special-heading-tag '  itemprop=\"headline\"  >Wirkungsweise der ACP-Therapie<\/h2><div class=\"special-heading-border\"><div class=\"special-heading-inner-border\"><\/div><\/div><\/div><br \/>\n<section  class='av_textblock_section av-kkfaxdi8-4f7cebac632018dd05614cfae2125a3e '   itemscope=\"itemscope\" itemtype=\"https:\/\/schema.org\/CreativeWork\" ><div class='avia_textblock'  itemprop=\"text\" ><p>ACP regt die Wiederherstellungskr\u00e4fte des K\u00f6rpers an, indem es Thrombozyten mit Wachstumsfaktoren in den verletzten Bereich injiziert, um Reparaturprozesse zu initiieren und zu regulieren.<\/p>\n<\/div><\/section><\/p><\/div>\n","protected":false},"excerpt":{"rendered":"","protected":false},"author":1,"featured_media":0,"parent":0,"menu_order":0,"comment_status":"closed","ping_status":"closed","template":"","meta":{"footnotes":""},"class_list":["post-317","page","type-page","status-publish","hentry"],"yoast_head":"<!-- This site is optimized with the Yoast SEO plugin v27.3 - https:\/\/yoast.com\/product\/yoast-seo-wordpress\/ -->\n<title>ACP-Therapie - MVZ Rheinland Br\u00fchl<\/title>\n<meta name=\"description\" content=\"ACP steht f\u00fcr Autologes Konditioniertes Plasma, eine regenerative Medizinform, bei der das Blutplasma des Patienten verwendet wird, um die nat\u00fcrlichen Heilungsprozesse des K\u00f6rpers zu f\u00f6rdern.\" \/>\n<meta name=\"robots\" content=\"index, follow, max-snippet:-1, max-image-preview:large, max-video-preview:-1\" \/>\n<link rel=\"canonical\" href=\"https:\/\/atos-mvz.de\/schulterschmerzen\/\" \/>\n<meta property=\"og:locale\" content=\"de_DE\" \/>\n<meta property=\"og:type\" content=\"article\" \/>\n<meta property=\"og:title\" content=\"ACP-Therapie - MVZ Rheinland Br\u00fchl\" \/>\n<meta property=\"og:description\" content=\"ACP steht f\u00fcr Autologes Konditioniertes Plasma, eine regenerative Medizinform, bei der das Blutplasma des Patienten verwendet wird, um die nat\u00fcrlichen Heilungsprozesse des K\u00f6rpers zu f\u00f6rdern.\" \/>\n<meta property=\"og:url\" content=\"https:\/\/atos-mvz.de\/schulterschmerzen\/\" \/>\n<meta property=\"og:site_name\" content=\"MVZ Rheinland Br\u00fchl\" \/>\n<meta property=\"article:modified_time\" content=\"2024-03-27T11:50:41+00:00\" \/>\n<meta name=\"twitter:card\" content=\"summary_large_image\" \/>\n<script type=\"application\/ld+json\" class=\"yoast-schema-graph\">{\"@context\":\"https:\\\/\\\/schema.org\",\"@graph\":[{\"@type\":\"WebPage\",\"@id\":\"https:\\\/\\\/atos-mvz.de\\\/bruehl\\\/acp-therapie\\\/\",\"url\":\"https:\\\/\\\/atos-mvz.de\\\/schulterschmerzen\\\/\",\"name\":\"ACP-Therapie - MVZ Rheinland Br\u00fchl\",\"isPartOf\":{\"@id\":\"https:\\\/\\\/atos-mvz.de\\\/bruehl\\\/#website\"},\"datePublished\":\"2021-01-29T13:12:29+00:00\",\"dateModified\":\"2024-03-27T11:50:41+00:00\",\"description\":\"ACP steht f\u00fcr Autologes Konditioniertes Plasma, eine regenerative Medizinform, bei der das Blutplasma des Patienten verwendet wird, um die nat\u00fcrlichen Heilungsprozesse des K\u00f6rpers zu f\u00f6rdern.\",\"breadcrumb\":{\"@id\":\"https:\\\/\\\/atos-mvz.de\\\/schulterschmerzen\\\/#breadcrumb\"},\"inLanguage\":\"de\",\"potentialAction\":[{\"@type\":\"ReadAction\",\"target\":[\"https:\\\/\\\/atos-mvz.de\\\/schulterschmerzen\\\/\"]}]},{\"@type\":\"BreadcrumbList\",\"@id\":\"https:\\\/\\\/atos-mvz.de\\\/schulterschmerzen\\\/#breadcrumb\",\"itemListElement\":[{\"@type\":\"ListItem\",\"position\":1,\"name\":\"Startseite\",\"item\":\"https:\\\/\\\/atos-mvz.de\\\/bruehl\\\/startseite\\\/\"},{\"@type\":\"ListItem\",\"position\":2,\"name\":\"ACP-Therapie\"}]},{\"@type\":\"WebSite\",\"@id\":\"https:\\\/\\\/atos-mvz.de\\\/bruehl\\\/#website\",\"url\":\"https:\\\/\\\/atos-mvz.de\\\/bruehl\\\/\",\"name\":\"MVZ Rheinland Br\u00fchl\",\"description\":\"\",\"potentialAction\":[{\"@type\":\"SearchAction\",\"target\":{\"@type\":\"EntryPoint\",\"urlTemplate\":\"https:\\\/\\\/atos-mvz.de\\\/bruehl\\\/?s={search_term_string}\"},\"query-input\":{\"@type\":\"PropertyValueSpecification\",\"valueRequired\":true,\"valueName\":\"search_term_string\"}}],\"inLanguage\":\"de\"}]}<\/script>\n<!-- \/ Yoast SEO plugin. -->","yoast_head_json":{"title":"ACP-Therapie - MVZ Rheinland Br\u00fchl","description":"ACP steht f\u00fcr Autologes Konditioniertes Plasma, eine regenerative Medizinform, bei der das Blutplasma des Patienten verwendet wird, um die nat\u00fcrlichen Heilungsprozesse des K\u00f6rpers zu f\u00f6rdern.","robots":{"index":"index","follow":"follow","max-snippet":"max-snippet:-1","max-image-preview":"max-image-preview:large","max-video-preview":"max-video-preview:-1"},"canonical":"https:\/\/atos-mvz.de\/schulterschmerzen\/","og_locale":"de_DE","og_type":"article","og_title":"ACP-Therapie - MVZ Rheinland Br\u00fchl","og_description":"ACP steht f\u00fcr Autologes Konditioniertes Plasma, eine regenerative Medizinform, bei der das Blutplasma des Patienten verwendet wird, um die nat\u00fcrlichen Heilungsprozesse des K\u00f6rpers zu f\u00f6rdern.","og_url":"https:\/\/atos-mvz.de\/schulterschmerzen\/","og_site_name":"MVZ Rheinland Br\u00fchl","article_modified_time":"2024-03-27T11:50:41+00:00","twitter_card":"summary_large_image","schema":{"@context":"https:\/\/schema.org","@graph":[{"@type":"WebPage","@id":"https:\/\/atos-mvz.de\/bruehl\/acp-therapie\/","url":"https:\/\/atos-mvz.de\/schulterschmerzen\/","name":"ACP-Therapie - MVZ Rheinland Br\u00fchl","isPartOf":{"@id":"https:\/\/atos-mvz.de\/bruehl\/#website"},"datePublished":"2021-01-29T13:12:29+00:00","dateModified":"2024-03-27T11:50:41+00:00","description":"ACP steht f\u00fcr Autologes Konditioniertes Plasma, eine regenerative Medizinform, bei der das Blutplasma des Patienten verwendet wird, um die nat\u00fcrlichen Heilungsprozesse des K\u00f6rpers zu f\u00f6rdern.","breadcrumb":{"@id":"https:\/\/atos-mvz.de\/schulterschmerzen\/#breadcrumb"},"inLanguage":"de","potentialAction":[{"@type":"ReadAction","target":["https:\/\/atos-mvz.de\/schulterschmerzen\/"]}]},{"@type":"BreadcrumbList","@id":"https:\/\/atos-mvz.de\/schulterschmerzen\/#breadcrumb","itemListElement":[{"@type":"ListItem","position":1,"name":"Startseite","item":"https:\/\/atos-mvz.de\/bruehl\/startseite\/"},{"@type":"ListItem","position":2,"name":"ACP-Therapie"}]},{"@type":"WebSite","@id":"https:\/\/atos-mvz.de\/bruehl\/#website","url":"https:\/\/atos-mvz.de\/bruehl\/","name":"MVZ Rheinland Br\u00fchl","description":"","potentialAction":[{"@type":"SearchAction","target":{"@type":"EntryPoint","urlTemplate":"https:\/\/atos-mvz.de\/bruehl\/?s={search_term_string}"},"query-input":{"@type":"PropertyValueSpecification","valueRequired":true,"valueName":"search_term_string"}}],"inLanguage":"de"}]}},"_links":{"self":[{"href":"https:\/\/atos-mvz.de\/bruehl\/wp-json\/wp\/v2\/pages\/317","targetHints":{"allow":["GET"]}}],"collection":[{"href":"https:\/\/atos-mvz.de\/bruehl\/wp-json\/wp\/v2\/pages"}],"about":[{"href":"https:\/\/atos-mvz.de\/bruehl\/wp-json\/wp\/v2\/types\/page"}],"author":[{"embeddable":true,"href":"https:\/\/atos-mvz.de\/bruehl\/wp-json\/wp\/v2\/users\/1"}],"replies":[{"embeddable":true,"href":"https:\/\/atos-mvz.de\/bruehl\/wp-json\/wp\/v2\/comments?post=317"}],"version-history":[{"count":17,"href":"https:\/\/atos-mvz.de\/bruehl\/wp-json\/wp\/v2\/pages\/317\/revisions"}],"predecessor-version":[{"id":1355,"href":"https:\/\/atos-mvz.de\/bruehl\/wp-json\/wp\/v2\/pages\/317\/revisions\/1355"}],"wp:attachment":[{"href":"https:\/\/atos-mvz.de\/bruehl\/wp-json\/wp\/v2\/media?parent=317"}],"curies":[{"name":"wp","href":"https:\/\/api.w.org\/{rel}","templated":true}]}}