{"id":1177,"date":"2024-03-27T08:59:54","date_gmt":"2024-03-27T07:59:54","guid":{"rendered":"https:\/\/atos-mvz.de\/bruehl\/?page_id=1177"},"modified":"2024-07-16T11:14:41","modified_gmt":"2024-07-16T09:14:41","slug":"mrt","status":"publish","type":"page","link":"https:\/\/atos-mvz.de\/bruehl\/mrt\/","title":{"rendered":"MRT"},"content":{"rendered":"\n<style type=\"text\/css\" data-created_by=\"avia_inline_auto\" id=\"style-css-av-lu9ill0a-c46d1fb919016abf71553955926187eb\">\n.avia-section.av-lu9ill0a-c46d1fb919016abf71553955926187eb{\nbackground-repeat:no-repeat;\nbackground-image:url(https:\/\/atos-mvz.de\/bruehl\/wp-content\/uploads\/sites\/28\/2024\/03\/bruehl.jpg);\nbackground-position:50% 50%;\nbackground-attachment:scroll;\n}\n.avia-section.av-lu9ill0a-c46d1fb919016abf71553955926187eb .av-extra-border-element .av-extra-border-inner{\nbackground-color:#ffffff;\n}\n<\/style>\n<div id='header-img'  class='avia-section av-lu9ill0a-c46d1fb919016abf71553955926187eb main_color avia-section-huge avia-no-border-styling  avia-builder-el-0  el_before_av_section  avia-builder-el-first  largeimg avia-full-stretch avia-bg-style-scroll container_wrap fullsize'  data-section-bg-repeat='stretch'><div class='container av-section-cont-open' ><main  role=\"main\" itemprop=\"mainContentOfPage\"  class='template-page content  av-content-full alpha units'><div class='post-entry post-entry-type-page post-entry-1177'><div class='entry-content-wrapper clearfix'>\n<\/div><\/div><\/main><!-- close content main element --><\/div><div class='av-extra-border-element border-extra-diagonal border-extra-diagonal-inverse '><div class='av-extra-border-outer'><div class='av-extra-border-inner'><\/div><\/div><\/div><\/div>\n<style type=\"text\/css\" data-created_by=\"avia_inline_auto\" id=\"style-css-av-9woex-536c8b78d2b6b74d6b14485bff302a15\">\n.avia-section.av-9woex-536c8b78d2b6b74d6b14485bff302a15 .av-extra-border-element .av-extra-border-inner{\nbackground-color:#f1f0f5;\n}\n<\/style>\n<div id='av_section_2'  class='avia-section av-9woex-536c8b78d2b6b74d6b14485bff302a15 main_color avia-section-large avia-no-border-styling  avia-builder-el-1  el_after_av_section  avia-builder-el-last  avia-bg-style-scroll container_wrap fullsize'  ><div class='container av-section-cont-open' ><div class='template-page content  av-content-full alpha units'><div class='post-entry post-entry-type-page post-entry-1177'><div class='entry-content-wrapper clearfix'>\n<div  class='flex_column av-28em5l-a45c7874481623e8db8c461fa09fe8c1 av_four_fifth  avia-builder-el-2  avia-builder-el-no-sibling  first flex_column_div  '     ><section  class='av_textblock_section av-lu9ilqu9-fb9b66abf97c82ed85ae673a0263e6cd '   itemscope=\"itemscope\" itemtype=\"https:\/\/schema.org\/CreativeWork\" ><div class='avia_textblock'  itemprop=\"text\" ><h1><strong>MRT &#8211; Diagnostik<\/strong><\/h1>\n<\/div><\/section><br \/>\n<section  class='av_textblock_section av-lu9imdo8-700465b3b0ca725e7357befa998fe035 '   itemscope=\"itemscope\" itemtype=\"https:\/\/schema.org\/CreativeWork\" ><div class='avia_textblock'  itemprop=\"text\" ><p>Entdecken Sie die modernsten Diagnosem\u00f6glichkeiten f\u00fcr orthop\u00e4dische Beschwerden in unserem Orthop\u00e4dischen MVZ. Mit unserem offenen MRT, erg\u00e4nzt durch konventionelle R\u00f6ntgendiagnostik und Sonografie, bieten wir umfassende Untersuchungen der Wirbels\u00e4ule und Extremit\u00e4ten f\u00fcr pr\u00e4zise Diagnosen. Wir verstehen, dass Ihre Gesundheit Priorit\u00e4t hat, daher bieten wir zeitnahe Termine an, um Ihnen die bestm\u00f6gliche Betreuung zu gew\u00e4hrleisten.<\/p>\n<p>Obwohl die MRT-Untersuchung als individuelle Gesundheitsleistung (IGeL) angeboten wird, erm\u00f6glicht sie Ihnen eine ma\u00dfgeschneiderte Diagnose und Behandlung, die genau auf Ihre pers\u00f6nlichen Bed\u00fcrfnisse zugeschnitten ist.<\/p>\n<\/div><\/section><\/p><\/div>\n","protected":false},"excerpt":{"rendered":"","protected":false},"author":1,"featured_media":0,"parent":0,"menu_order":0,"comment_status":"closed","ping_status":"closed","template":"","meta":{"footnotes":""},"class_list":["post-1177","page","type-page","status-publish","hentry"],"yoast_head":"<!-- This site is optimized with the Yoast SEO plugin v27.3 - https:\/\/yoast.com\/product\/yoast-seo-wordpress\/ -->\n<title>MRT - MVZ Rheinland Br\u00fchl<\/title>\n<meta name=\"description\" content=\"Mit unserem hochmodernen offenen MRT, erg\u00e4nzt durch konventionelle R\u00f6ntgendiagnostik und Sonografie, bieten wir umfassende Untersuchungen der Wirbels\u00e4ule und Extremit\u00e4ten f\u00fcr pr\u00e4zise Diagnosen.\" \/>\n<meta name=\"robots\" content=\"index, follow, max-snippet:-1, max-image-preview:large, max-video-preview:-1\" \/>\n<link rel=\"canonical\" href=\"https:\/\/atos-mvz.de\/bruehl\/mrt\/\" \/>\n<meta property=\"og:locale\" content=\"de_DE\" \/>\n<meta property=\"og:type\" content=\"article\" \/>\n<meta property=\"og:title\" content=\"MRT - MVZ Rheinland Br\u00fchl\" \/>\n<meta property=\"og:description\" content=\"Mit unserem hochmodernen offenen MRT, erg\u00e4nzt durch konventionelle R\u00f6ntgendiagnostik und Sonografie, bieten wir umfassende Untersuchungen der Wirbels\u00e4ule und Extremit\u00e4ten f\u00fcr pr\u00e4zise Diagnosen.\" \/>\n<meta property=\"og:url\" content=\"https:\/\/atos-mvz.de\/bruehl\/mrt\/\" \/>\n<meta property=\"og:site_name\" content=\"MVZ Rheinland Br\u00fchl\" \/>\n<meta property=\"article:modified_time\" content=\"2024-07-16T09:14:41+00:00\" \/>\n<meta name=\"twitter:card\" content=\"summary_large_image\" \/>\n<script type=\"application\/ld+json\" class=\"yoast-schema-graph\">{\"@context\":\"https:\\\/\\\/schema.org\",\"@graph\":[{\"@type\":\"WebPage\",\"@id\":\"https:\\\/\\\/atos-mvz.de\\\/bruehl\\\/mrt\\\/\",\"url\":\"https:\\\/\\\/atos-mvz.de\\\/bruehl\\\/mrt\\\/\",\"name\":\"MRT - MVZ Rheinland Br\u00fchl\",\"isPartOf\":{\"@id\":\"https:\\\/\\\/atos-mvz.de\\\/bruehl\\\/#website\"},\"datePublished\":\"2024-03-27T07:59:54+00:00\",\"dateModified\":\"2024-07-16T09:14:41+00:00\",\"description\":\"Mit unserem hochmodernen offenen MRT, erg\u00e4nzt durch konventionelle R\u00f6ntgendiagnostik und Sonografie, bieten wir umfassende Untersuchungen der Wirbels\u00e4ule und Extremit\u00e4ten f\u00fcr pr\u00e4zise Diagnosen.\",\"breadcrumb\":{\"@id\":\"https:\\\/\\\/atos-mvz.de\\\/bruehl\\\/mrt\\\/#breadcrumb\"},\"inLanguage\":\"de\",\"potentialAction\":[{\"@type\":\"ReadAction\",\"target\":[\"https:\\\/\\\/atos-mvz.de\\\/bruehl\\\/mrt\\\/\"]}]},{\"@type\":\"BreadcrumbList\",\"@id\":\"https:\\\/\\\/atos-mvz.de\\\/bruehl\\\/mrt\\\/#breadcrumb\",\"itemListElement\":[{\"@type\":\"ListItem\",\"position\":1,\"name\":\"Startseite\",\"item\":\"https:\\\/\\\/atos-mvz.de\\\/bruehl\\\/startseite\\\/\"},{\"@type\":\"ListItem\",\"position\":2,\"name\":\"MRT\"}]},{\"@type\":\"WebSite\",\"@id\":\"https:\\\/\\\/atos-mvz.de\\\/bruehl\\\/#website\",\"url\":\"https:\\\/\\\/atos-mvz.de\\\/bruehl\\\/\",\"name\":\"MVZ Rheinland Br\u00fchl\",\"description\":\"\",\"potentialAction\":[{\"@type\":\"SearchAction\",\"target\":{\"@type\":\"EntryPoint\",\"urlTemplate\":\"https:\\\/\\\/atos-mvz.de\\\/bruehl\\\/?s={search_term_string}\"},\"query-input\":{\"@type\":\"PropertyValueSpecification\",\"valueRequired\":true,\"valueName\":\"search_term_string\"}}],\"inLanguage\":\"de\"}]}<\/script>\n<!-- \/ Yoast SEO plugin. -->","yoast_head_json":{"title":"MRT - MVZ Rheinland Br\u00fchl","description":"Mit unserem hochmodernen offenen MRT, erg\u00e4nzt durch konventionelle R\u00f6ntgendiagnostik und Sonografie, bieten wir umfassende Untersuchungen der Wirbels\u00e4ule und Extremit\u00e4ten f\u00fcr pr\u00e4zise Diagnosen.","robots":{"index":"index","follow":"follow","max-snippet":"max-snippet:-1","max-image-preview":"max-image-preview:large","max-video-preview":"max-video-preview:-1"},"canonical":"https:\/\/atos-mvz.de\/bruehl\/mrt\/","og_locale":"de_DE","og_type":"article","og_title":"MRT - MVZ Rheinland Br\u00fchl","og_description":"Mit unserem hochmodernen offenen MRT, erg\u00e4nzt durch konventionelle R\u00f6ntgendiagnostik und Sonografie, bieten wir umfassende Untersuchungen der Wirbels\u00e4ule und Extremit\u00e4ten f\u00fcr pr\u00e4zise Diagnosen.","og_url":"https:\/\/atos-mvz.de\/bruehl\/mrt\/","og_site_name":"MVZ Rheinland Br\u00fchl","article_modified_time":"2024-07-16T09:14:41+00:00","twitter_card":"summary_large_image","schema":{"@context":"https:\/\/schema.org","@graph":[{"@type":"WebPage","@id":"https:\/\/atos-mvz.de\/bruehl\/mrt\/","url":"https:\/\/atos-mvz.de\/bruehl\/mrt\/","name":"MRT - MVZ Rheinland Br\u00fchl","isPartOf":{"@id":"https:\/\/atos-mvz.de\/bruehl\/#website"},"datePublished":"2024-03-27T07:59:54+00:00","dateModified":"2024-07-16T09:14:41+00:00","description":"Mit unserem hochmodernen offenen MRT, erg\u00e4nzt durch konventionelle R\u00f6ntgendiagnostik und Sonografie, bieten wir umfassende Untersuchungen der Wirbels\u00e4ule und Extremit\u00e4ten f\u00fcr pr\u00e4zise Diagnosen.","breadcrumb":{"@id":"https:\/\/atos-mvz.de\/bruehl\/mrt\/#breadcrumb"},"inLanguage":"de","potentialAction":[{"@type":"ReadAction","target":["https:\/\/atos-mvz.de\/bruehl\/mrt\/"]}]},{"@type":"BreadcrumbList","@id":"https:\/\/atos-mvz.de\/bruehl\/mrt\/#breadcrumb","itemListElement":[{"@type":"ListItem","position":1,"name":"Startseite","item":"https:\/\/atos-mvz.de\/bruehl\/startseite\/"},{"@type":"ListItem","position":2,"name":"MRT"}]},{"@type":"WebSite","@id":"https:\/\/atos-mvz.de\/bruehl\/#website","url":"https:\/\/atos-mvz.de\/bruehl\/","name":"MVZ Rheinland Br\u00fchl","description":"","potentialAction":[{"@type":"SearchAction","target":{"@type":"EntryPoint","urlTemplate":"https:\/\/atos-mvz.de\/bruehl\/?s={search_term_string}"},"query-input":{"@type":"PropertyValueSpecification","valueRequired":true,"valueName":"search_term_string"}}],"inLanguage":"de"}]}},"_links":{"self":[{"href":"https:\/\/atos-mvz.de\/bruehl\/wp-json\/wp\/v2\/pages\/1177","targetHints":{"allow":["GET"]}}],"collection":[{"href":"https:\/\/atos-mvz.de\/bruehl\/wp-json\/wp\/v2\/pages"}],"about":[{"href":"https:\/\/atos-mvz.de\/bruehl\/wp-json\/wp\/v2\/types\/page"}],"author":[{"embeddable":true,"href":"https:\/\/atos-mvz.de\/bruehl\/wp-json\/wp\/v2\/users\/1"}],"replies":[{"embeddable":true,"href":"https:\/\/atos-mvz.de\/bruehl\/wp-json\/wp\/v2\/comments?post=1177"}],"version-history":[{"count":4,"href":"https:\/\/atos-mvz.de\/bruehl\/wp-json\/wp\/v2\/pages\/1177\/revisions"}],"predecessor-version":[{"id":1267,"href":"https:\/\/atos-mvz.de\/bruehl\/wp-json\/wp\/v2\/pages\/1177\/revisions\/1267"}],"wp:attachment":[{"href":"https:\/\/atos-mvz.de\/bruehl\/wp-json\/wp\/v2\/media?parent=1177"}],"curies":[{"name":"wp","href":"https:\/\/api.w.org\/{rel}","templated":true}]}}