{"id":85,"date":"2021-02-02T09:35:09","date_gmt":"2021-02-02T08:35:09","guid":{"rendered":"https:\/\/atos-mvz.de\/braunfels\/?page_id=85"},"modified":"2026-01-14T09:43:39","modified_gmt":"2026-01-14T08:43:39","slug":"leistenschmerzen","status":"publish","type":"page","link":"https:\/\/atos-mvz.de\/braunfels\/leistenschmerzen\/","title":{"rendered":"Leistenschmerzen"},"content":{"rendered":"\n<style type=\"text\/css\" data-created_by=\"avia_inline_auto\" id=\"style-css-av-kkmrirzt-d70a44adda3027ffc65c320f8b98e5c0\">\n.avia-section.av-kkmrirzt-d70a44adda3027ffc65c320f8b98e5c0{\nbackground-repeat:no-repeat;\nbackground-image:url(https:\/\/atos-mvz.de\/braunfels\/wp-content\/uploads\/sites\/4\/2024\/02\/huefte_1990x550.jpg);\nbackground-position:50% 50%;\nbackground-attachment:scroll;\n}\n.avia-section.av-kkmrirzt-d70a44adda3027ffc65c320f8b98e5c0 .av-extra-border-element .av-extra-border-inner{\nbackground-color:#ffffff;\n}\n<\/style>\n<div id='header-img'  class='avia-section av-kkmrirzt-d70a44adda3027ffc65c320f8b98e5c0 main_color avia-section-huge avia-no-border-styling  avia-builder-el-0  el_before_av_section  avia-builder-el-first  largeimg avia-full-stretch avia-bg-style-scroll container_wrap fullsize'  data-section-bg-repeat='stretch'><div class='container av-section-cont-open' ><main  role=\"main\" itemprop=\"mainContentOfPage\"  class='template-page content  av-content-full alpha units'><div class='post-entry post-entry-type-page post-entry-85'><div class='entry-content-wrapper clearfix'>\n<\/div><\/div><\/main><!-- close content main element --><\/div><div class='av-extra-border-element border-extra-diagonal border-extra-diagonal-inverse '><div class='av-extra-border-outer'><div class='av-extra-border-inner'><\/div><\/div><\/div><\/div>\n<style type=\"text\/css\" data-created_by=\"avia_inline_auto\" id=\"style-css-av-kkmrj8tn-d923b090cf2daa2b65e0894307b5ea7b\">\n.avia-section.av-kkmrj8tn-d923b090cf2daa2b65e0894307b5ea7b .av-extra-border-element .av-extra-border-inner{\nbackground-color:#ffffff;\n}\n<\/style>\n<div id='first-section'  class='avia-section av-kkmrj8tn-d923b090cf2daa2b65e0894307b5ea7b main_color avia-section-large avia-no-border-styling  avia-builder-el-1  el_after_av_section  el_before_av_section  avia-bg-style-scroll container_wrap fullsize'  ><div class='container av-section-cont-open' ><div class='template-page content  av-content-full alpha units'><div class='post-entry post-entry-type-page post-entry-85'><div class='entry-content-wrapper clearfix'>\n\n<style type=\"text\/css\" data-created_by=\"avia_inline_auto\" id=\"style-css-av-kkmroto9-388bfc9fb9cd3e259f78f3de3edff822\">\n.flex_column.av-kkmroto9-388bfc9fb9cd3e259f78f3de3edff822{\nborder-radius:0px 0px 0px 0px;\npadding:0px 0px 0px 0px;\n}\n<\/style>\n<div  class='flex_column av-kkmroto9-388bfc9fb9cd3e259f78f3de3edff822 av_one_half  avia-builder-el-2  el_before_av_one_half  avia-builder-el-first  first flex_column_div av-zero-column-padding  '     ><section  class='av_textblock_section av-kkmrkw8d-957a3634b14b6f5cf60bf01a68f33389 '   itemscope=\"itemscope\" itemtype=\"https:\/\/schema.org\/CreativeWork\" ><div class='avia_textblock'  itemprop=\"text\" ><h3>Krankheitsbild<\/h3>\n<h1><strong>Leisten\u00adschmerzen<\/strong><\/h1>\n<\/div><\/section><br \/>\n<section  class='av_textblock_section av-kkmrl8qi-074305d7797a98b618753b8ff773b01c '   itemscope=\"itemscope\" itemtype=\"https:\/\/schema.org\/CreativeWork\" ><div class='avia_textblock'  itemprop=\"text\" ><h3><strong>Ursachen und Therapiem\u00f6glichkeiten<\/strong><\/h3>\n<p>Schmerzen in den Leisten werden medizinisch als Inguinalschmerzen bezeichnet. Die Beschwerden treten im Unterleibsbereich auf oder strahlen ausgehend von der H\u00fcfte in die Leiste aus. Als Ausl\u00f6ser f\u00fcr die Schmerzen sind viele verschiedene Faktoren bekannt.<\/p>\n<\/div><\/section><\/p><\/div>\n<style type=\"text\/css\" data-created_by=\"avia_inline_auto\" id=\"style-css-av-kkmrk88j-2da39a8355d764fac208ce91ec1390d5\">\n@keyframes av_boxShadowEffect_av-kkmrk88j-2da39a8355d764fac208ce91ec1390d5-column {\n0%   { box-shadow:  0 0 0 0 #e0e0e0; opacity: 1; }\n100% { box-shadow:  0 0 30px 0 #e0e0e0; opacity: 1; }\n}\n.flex_column.av-kkmrk88j-2da39a8355d764fac208ce91ec1390d5{\nbox-shadow: 0 0 30px 0 #e0e0e0;\nborder-radius:20px 20px 20px 20px;\npadding:50px 50px 50px 50px;\nbackground-color:#ffffff;\n}\n<\/style>\n<div  class='flex_column av-kkmrk88j-2da39a8355d764fac208ce91ec1390d5 av_one_half  avia-builder-el-5  el_after_av_one_half  el_before_av_hr  box-right flex_column_div shadow-not-animated  '     ><style type=\"text\/css\" data-created_by=\"avia_inline_auto\" id=\"style-css-av-kkmrjkhu-3243dcb5955573a46547163e57b707f3\">\n.avia-image-container.av-kkmrjkhu-3243dcb5955573a46547163e57b707f3 img.avia_image{\nbox-shadow:none;\n}\n.avia-image-container.av-kkmrjkhu-3243dcb5955573a46547163e57b707f3 .av-image-caption-overlay-center{\ncolor:#ffffff;\n}\n<\/style>\n<div  class='avia-image-container av-kkmrjkhu-3243dcb5955573a46547163e57b707f3 av-styling-no-styling avia-align-  avia-builder-el-6  avia-builder-el-no-sibling '   itemprop=\"image\" itemscope=\"itemscope\" itemtype=\"https:\/\/schema.org\/ImageObject\" ><div class=\"avia-image-container-inner\"><div class=\"avia-image-overlay-wrap\"><img decoding=\"async\" fetchpriority=\"high\" class='wp-image-56 avia-img-lazy-loading-not-56 avia_image ' src=\"https:\/\/atos-mvz.de\/braunfels\/wp-content\/uploads\/sites\/4\/2021\/02\/Leistenschmerzen_a_1200x800-495x400-1.jpg\" alt='' title=''  height=\"400\" width=\"495\"  itemprop=\"thumbnailUrl\" srcset=\"https:\/\/atos-mvz.de\/braunfels\/wp-content\/uploads\/sites\/4\/2021\/02\/Leistenschmerzen_a_1200x800-495x400-1.jpg 495w, https:\/\/atos-mvz.de\/braunfels\/wp-content\/uploads\/sites\/4\/2021\/02\/Leistenschmerzen_a_1200x800-495x400-1-300x242.jpg 300w\" sizes=\"(max-width: 495px) 100vw, 495px\" \/><\/div><\/div><\/div><\/div>\n<style type=\"text\/css\" data-created_by=\"avia_inline_auto\" id=\"style-css-av-kkmrhikk-763cb42606d1b0ba9a6deef754503cd2\">\n#top .hr.hr-invisible.av-kkmrhikk-763cb42606d1b0ba9a6deef754503cd2{\nheight:200px;\n}\n<\/style>\n<div  class='hr av-kkmrhikk-763cb42606d1b0ba9a6deef754503cd2 hr-invisible  avia-builder-el-7  el_after_av_one_half  avia-builder-el-last '><span class='hr-inner '><span class=\"hr-inner-style\"><\/span><\/span><\/div>\n\n<\/div><\/div><\/div><!-- close content main div --><\/div><div class='av-extra-border-element border-extra-diagonal border-extra-diagonal-inverse '><div class='av-extra-border-outer'><div class='av-extra-border-inner'><\/div><\/div><\/div><\/div><div id='second-section'  class='avia-section av-kkmrofnn-ea5e4d8576e139e1b0272b978b11d112 main_color avia-section-default avia-no-border-styling  avia-builder-el-8  el_after_av_section  avia-builder-el-last  avia-bg-style-scroll container_wrap fullsize'  ><div class='container av-section-cont-open' ><div class='template-page content  av-content-full alpha units'><div class='post-entry post-entry-type-page post-entry-85'><div class='entry-content-wrapper clearfix'>\n\n<style type=\"text\/css\" data-created_by=\"avia_inline_auto\" id=\"style-css-av-kkmro5f5-a91356db0a17735e69d7c73bbe6646df\">\n#top .togglecontainer.av-kkmro5f5-a91356db0a17735e69d7c73bbe6646df p.toggler{\nbackground-color:#ffffff;\n}\n#top .togglecontainer.av-kkmro5f5-a91356db0a17735e69d7c73bbe6646df .toggle_wrap .toggle_content{\nbackground-color:#ffffff;\n}\n<\/style>\n<div  class='togglecontainer av-kkmro5f5-a91356db0a17735e69d7c73bbe6646df av-minimal-toggle  avia-builder-el-9  avia-builder-el-no-sibling  toggle_close_all' >\n<section class='av_toggle_section av-2oq5x-c7da14eac3757643b7c5119186cf0d44'  itemscope=\"itemscope\" itemtype=\"https:\/\/schema.org\/CreativeWork\" ><div role=\"tablist\" class=\"single_toggle\" data-tags=\"{Alle} \"  ><p id='toggle-toggle-id-1' data-fake-id='#toggle-id-1' class='toggler  activeTitle av-title-above '  itemprop=\"headline\"  role='tab' tabindex='0' aria-controls='toggle-id-1' data-slide-speed=\"200\" data-title=\"Welche Ursachen gibt es f\u00fcr Leistenschmerzen?\" data-title-open=\"\" data-aria_collapsed=\"Click to expand: Welche Ursachen gibt es f\u00fcr Leistenschmerzen?\" data-aria_expanded=\"Click to collapse: Welche Ursachen gibt es f\u00fcr Leistenschmerzen?\">Welche Ursachen gibt es f\u00fcr Leistenschmerzen?<span class=\"toggle_icon\"><span class=\"vert_icon\"><\/span><span class=\"hor_icon\"><\/span><\/span><\/p><div id='toggle-id-1' aria-labelledby='toggle-toggle-id-1' role='region' class='toggle_wrap  active_tc av-title-above' style='display:block;' ><div class='toggle_content invers-color '  itemprop=\"text\" ><p>In vielen F\u00e4llen bilden Erkrankungen am R\u00fccken oder der Beine die Ursache f\u00fcr die Schmerzbildung in den Leisten. Im Allgemeinen kann diese Art der Schmerzen ein Indiz f\u00fcr eine schwerwiegende Erkrankung sein. Neben rein orthop\u00e4dischen Sch\u00e4digungen k\u00f6nnen die Schmerzen auf eine Erkrankung der inneren Organe hinweisen. Leistenschmerzen treten bei allen Geschlechtern auf. Die Ursachen sind dennoch fallweise speziell weiblichen oder m\u00e4nnlichen Anatomien zuzuordnen. Leistenschmerzen k\u00f6nnen unter anderem auf eine Entz\u00fcndung der Harnorgane oder Eileiter- oder Hodenerkrankungen zur\u00fcckgef\u00fchrt werden. Zur Abkl\u00e4rung wird von den Patienten ein entsprechend ihrem Geschlecht zuzuordnender Spezialist aufgesucht. Transgender Patienten sollte hier eine besondere Aufmerksamkeit zukommen. Weit verbreitet sind Leistenschmerzen infolge einer Sportverletzung, bei chronischen Erkrankungen der Nerven und Gelenke oder w\u00e4hrend einer Schwangerschaft. Zudem k\u00f6nnen geschwollene Lymphknoten in der Leistengegend Beschwerden verursachen.<\/p>\n<\/div><\/div><\/div><\/section>\n<section class='av_toggle_section av-1zeih-cc15cae9265364b11cfa86911e687e19'  itemscope=\"itemscope\" itemtype=\"https:\/\/schema.org\/CreativeWork\" ><div role=\"tablist\" class=\"single_toggle\" data-tags=\"{Alle} \"  ><p id='toggle-toggle-id-2' data-fake-id='#toggle-id-2' class='toggler  av-title-above '  itemprop=\"headline\"  role='tab' tabindex='0' aria-controls='toggle-id-2' data-slide-speed=\"200\" data-title=\"Welche Symptome gibt es bei Leistenschmerzen?\" data-title-open=\"\" data-aria_collapsed=\"Click to expand: Welche Symptome gibt es bei Leistenschmerzen?\" data-aria_expanded=\"Click to collapse: Welche Symptome gibt es bei Leistenschmerzen?\">Welche Symptome gibt es bei Leistenschmerzen?<span class=\"toggle_icon\"><span class=\"vert_icon\"><\/span><span class=\"hor_icon\"><\/span><\/span><\/p><div id='toggle-id-2' aria-labelledby='toggle-toggle-id-2' role='region' class='toggle_wrap  av-title-above'  ><div class='toggle_content invers-color '  itemprop=\"text\" ><p>Die Auspr\u00e4gung von Leistenschmerzen ist sehr vielf\u00e4ltig. Sie reicht von stark und stechend \u00fcber pochend und stumpf bis zu moderat und langanhaltend. Oftmals liegt auch bei akuten Schmerzen keine erkennbare Ursache vor. Hier hilft die genaue Beobachtung der Begleiterscheinungen weiter. Dazu z\u00e4hlen beispielsweise Bewegungseinschr\u00e4nkungen, das Auftreten von Fieber, Taubheitsgef\u00fchle und die Ausstrahlung der Schmerzen \u00fcber die Leisten hinaus. Wichtig f\u00fcr die Diagnose ist zudem der Zeitpunkt der ersten Beschwerden. Setzen nach einem Niesanfall oder beim Anheben schwerer Lasten unvermittelt und pl\u00f6tzlich starke Leistenschmerzen auf, ist ein umgehendes Aufsuchen einer Klinik erforderlich. Diese Symptome deuten auf einen Leistenbruch hin, der schwerwiegende Folgen haben kann. Diese Verletzung kann zum Tod f\u00fchren, wenn durch den Leistenbruch ein St\u00fcck des Darms im Bauchraum eingeklemmt wird. Anatomisch bedingt tritt der Leistenbruch bei M\u00e4nnern h\u00e4ufiger auf. Frauen sind dagegen eher von einem Schenkelbruch betroffen. Die Schmerzbildung erfolgt bei den beiden Erkrankungen an verschiedenen Stellen. Allerdings f\u00e4llt es dem Laien schwer, den Ursprung der Schmerzen richtig zuzuordnen. Schwellungen der Lymphknoten in der Leiste sind zumeist infektionsbedingt und werden oft von Fieber begleitet. Zu einer Untersuchung der Lymphkontenschwellungen wird auch geraten, wenn sich begleitend keine Schmerzen oder weitere Symptome zeigen.<\/p>\n<\/div><\/div><\/div><\/section>\n<section class='av_toggle_section av-1aw3t-998b9a13832f6c10897b0b30ba516bab'  itemscope=\"itemscope\" itemtype=\"https:\/\/schema.org\/CreativeWork\" ><div role=\"tablist\" class=\"single_toggle\" data-tags=\"{Alle} \"  ><p id='toggle-toggle-id-3' data-fake-id='#toggle-id-3' class='toggler  av-title-above '  itemprop=\"headline\"  role='tab' tabindex='0' aria-controls='toggle-id-3' data-slide-speed=\"200\" data-title=\"Welche Verletzungen f\u00fchren zu Leistenschmerzen und welche Diagnosen gibt es?\" data-title-open=\"\" data-aria_collapsed=\"Click to expand: Welche Verletzungen f\u00fchren zu Leistenschmerzen und welche Diagnosen gibt es?\" data-aria_expanded=\"Click to collapse: Welche Verletzungen f\u00fchren zu Leistenschmerzen und welche Diagnosen gibt es?\">Welche Verletzungen f\u00fchren zu Leistenschmerzen und welche Diagnosen gibt es?<span class=\"toggle_icon\"><span class=\"vert_icon\"><\/span><span class=\"hor_icon\"><\/span><\/span><\/p><div id='toggle-id-3' aria-labelledby='toggle-toggle-id-3' role='region' class='toggle_wrap  av-title-above'  ><div class='toggle_content invers-color '  itemprop=\"text\" ><p>Wird ein Patient mit Leistenschmerzen in der Arztpraxis vorstellig, erfolgt eine eingehende Untersuchung. Beschwerden in der Leistenregion k\u00f6nnen auf verschiedene Ursachen zur\u00fcckgef\u00fchrt werden, davon k\u00f6nnen einige schwerwiegende Folgen haben. Bei \u00e4lteren Menschen werden die Schmerzen oftmals durch Sch\u00e4digungen am H\u00fcftgelenk verursacht. \u00dcberm\u00e4\u00dfiger altersbedingter Verschlei\u00df kann beispielsweise zu eine H\u00fcftgelenksarthrose f\u00fchren. Grunds\u00e4tzlich k\u00f6nnen Menschen in allen Altersstufen von Leistenschmerzen betroffen sein. Dabei k\u00f6nnen einige einen ernsten Hintergrund haben. Lymphknotenschwellungen infolge einer Infektion sind in der Regel harmlos, k\u00f6nnen in Einzelf\u00e4llen aber auch auf einen Tumor hinweisen. Wenn Harnsteine selbstst\u00e4ndig \u00fcber das Nierenbecken abwandern, kann es ebenfalls zu Leistenproblemen kommen. Die Hodenverdrehung ist bei M\u00e4nnern ein Grund f\u00fcr Leistenschmerzen. Bei Frauen k\u00f6nnte eine Eileiterschwangerschaft zu einseitigen Schmerzen in der Leistengegend f\u00fchren. Nicht zuletzt k\u00f6nnte eine Blinddarmentz\u00fcndung als Ursache in Betracht kommen.<\/p>\n<\/div><\/div><\/div><\/section>\n<section class='av_toggle_section av-x5td-37677efb646e69d90717f06cfc13aac1'  itemscope=\"itemscope\" itemtype=\"https:\/\/schema.org\/CreativeWork\" ><div role=\"tablist\" class=\"single_toggle\" data-tags=\"{Alle} \"  ><p id='toggle-toggle-id-4' data-fake-id='#toggle-id-4' class='toggler  av-title-above '  itemprop=\"headline\"  role='tab' tabindex='0' aria-controls='toggle-id-4' data-slide-speed=\"200\" data-title=\"Welche Therapiem\u00f6glichkeiten gibt es bei Leistenschmerzen?\" data-title-open=\"\" data-aria_collapsed=\"Click to expand: Welche Therapiem\u00f6glichkeiten gibt es bei Leistenschmerzen?\" data-aria_expanded=\"Click to collapse: Welche Therapiem\u00f6glichkeiten gibt es bei Leistenschmerzen?\">Welche Therapiem\u00f6glichkeiten gibt es bei Leistenschmerzen?<span class=\"toggle_icon\"><span class=\"vert_icon\"><\/span><span class=\"hor_icon\"><\/span><\/span><\/p><div id='toggle-id-4' aria-labelledby='toggle-toggle-id-4' role='region' class='toggle_wrap  av-title-above'  ><div class='toggle_content invers-color '  itemprop=\"text\" ><p>Bei akuten Beschwerden mit Verdacht auf Leistenbruch oder Blinddarmentz\u00fcndung ist eine sofortige Vorstellung in der Notaufnahme einer Klinik erforderlich. Erkrankungen, die innere Organe auf diese Art betreffen, m\u00fcssen zumeist zeitnah operiert werden. In der Notaufnahme wird der Betroffene zun\u00e4chst gr\u00fcndlich mithilfe von Ultraschall oder anderen bildgebenden Mitteln untersucht und gegebenenfalls station\u00e4r aufgenommen. Haben die Schmerzen einen orthop\u00e4dischen Hintergrund, kommen erst einmal konservative Ma\u00dfnahmen zum Einsatz. Dabei richten sich die Ma\u00dfnahmen nach der individuellen Verfassung und k\u00f6nnen Krankengymnastik, physikalische Therapien und Medikamentenvergabe umfassen. Erkrankungen des Bewegungsapparats kann grunds\u00e4tzlich durch eine ausgewogene Ern\u00e4hrung und gen\u00fcgend Bewegung vorgebeugt werden. Eileiterschwangerschaften und Leistenbr\u00fcche werden dagegen weitgehend von stoffwechselbedingten oder genetischen Faktoren beeinflusst. Daher sind hier keine vorbeugenden Ma\u00dfnahmen bekannt. Infektionen und Tumorerkrankungen werden individuell therapiert. Hier werden gute Ergebnisse mit Medikamenten erzielt. In der Nachsorge wird oftmals auf eine ganzheitliche Therapie gesetzt, die die gesamten Lebensumst\u00e4nde einbezieht. Orthop\u00e4dische Hilfsmittel k\u00f6nnen helfen Leistenschmerzen zu verringern, die w\u00e4hrend einer Schwangerschaft durch die Erweiterung von Leistenkanal und Beckenring entstehen.<\/p>\n<\/div><\/div><\/div><\/section>\n<\/div>\n\n","protected":false},"excerpt":{"rendered":"","protected":false},"author":1,"featured_media":0,"parent":0,"menu_order":0,"comment_status":"closed","ping_status":"closed","template":"","meta":{"footnotes":""},"class_list":["post-85","page","type-page","status-publish","hentry"],"yoast_head":"<!-- This site is optimized with the Yoast SEO plugin v27.3 - https:\/\/yoast.com\/product\/yoast-seo-wordpress\/ -->\n<title>Leistenschmerzen - MVZ Braunfels<\/title>\n<meta name=\"description\" content=\"Leistenschmerzen verstehen: Erfahren Sie mehr \u00fcber Symptome wie Ziehen oder Stechen in der Leiste &amp; moderne Behandlungsmethoden im ATOS MVZ Braunfels.\" \/>\n<meta name=\"robots\" content=\"index, follow, max-snippet:-1, max-image-preview:large, max-video-preview:-1\" \/>\n<link rel=\"canonical\" href=\"https:\/\/atos-mvz.de\/leistenschmerzen\/\" \/>\n<meta property=\"og:locale\" content=\"de_DE\" \/>\n<meta property=\"og:type\" content=\"article\" \/>\n<meta property=\"og:title\" content=\"Leistenschmerzen - MVZ Braunfels\" \/>\n<meta property=\"og:description\" content=\"Leistenschmerzen verstehen: Erfahren Sie mehr \u00fcber Symptome wie Ziehen oder Stechen in der Leiste &amp; moderne Behandlungsmethoden im ATOS MVZ Braunfels.\" \/>\n<meta property=\"og:url\" content=\"https:\/\/atos-mvz.de\/leistenschmerzen\/\" \/>\n<meta property=\"og:site_name\" content=\"MVZ Braunfels\" \/>\n<meta property=\"article:modified_time\" content=\"2026-01-14T08:43:39+00:00\" \/>\n<meta name=\"twitter:card\" content=\"summary_large_image\" \/>\n<script type=\"application\/ld+json\" class=\"yoast-schema-graph\">{\"@context\":\"https:\\\/\\\/schema.org\",\"@graph\":[{\"@type\":\"WebPage\",\"@id\":\"https:\\\/\\\/atos-mvz.de\\\/braunfels\\\/leistenschmerzen\\\/\",\"url\":\"https:\\\/\\\/atos-mvz.de\\\/leistenschmerzen\\\/\",\"name\":\"Leistenschmerzen - MVZ Braunfels\",\"isPartOf\":{\"@id\":\"https:\\\/\\\/atos-mvz.de\\\/braunfels\\\/#website\"},\"datePublished\":\"2021-02-02T08:35:09+00:00\",\"dateModified\":\"2026-01-14T08:43:39+00:00\",\"description\":\"Leistenschmerzen verstehen: Erfahren Sie mehr \u00fcber Symptome wie Ziehen oder Stechen in der Leiste & moderne Behandlungsmethoden im ATOS MVZ Braunfels.\",\"breadcrumb\":{\"@id\":\"https:\\\/\\\/atos-mvz.de\\\/leistenschmerzen\\\/#breadcrumb\"},\"inLanguage\":\"de\",\"potentialAction\":[{\"@type\":\"ReadAction\",\"target\":[\"https:\\\/\\\/atos-mvz.de\\\/leistenschmerzen\\\/\"]}]},{\"@type\":\"BreadcrumbList\",\"@id\":\"https:\\\/\\\/atos-mvz.de\\\/leistenschmerzen\\\/#breadcrumb\",\"itemListElement\":[{\"@type\":\"ListItem\",\"position\":1,\"name\":\"Startseite\",\"item\":\"https:\\\/\\\/atos-mvz.de\\\/braunfels\\\/startseite\\\/\"},{\"@type\":\"ListItem\",\"position\":2,\"name\":\"Leistenschmerzen\"}]},{\"@type\":\"WebSite\",\"@id\":\"https:\\\/\\\/atos-mvz.de\\\/braunfels\\\/#website\",\"url\":\"https:\\\/\\\/atos-mvz.de\\\/braunfels\\\/\",\"name\":\"MVZ Braunfels\",\"description\":\"\",\"potentialAction\":[{\"@type\":\"SearchAction\",\"target\":{\"@type\":\"EntryPoint\",\"urlTemplate\":\"https:\\\/\\\/atos-mvz.de\\\/braunfels\\\/?s={search_term_string}\"},\"query-input\":{\"@type\":\"PropertyValueSpecification\",\"valueRequired\":true,\"valueName\":\"search_term_string\"}}],\"inLanguage\":\"de\"}]}<\/script>\n<!-- \/ Yoast SEO plugin. -->","yoast_head_json":{"title":"Leistenschmerzen - MVZ Braunfels","description":"Leistenschmerzen verstehen: Erfahren Sie mehr \u00fcber Symptome wie Ziehen oder Stechen in der Leiste & moderne Behandlungsmethoden im ATOS MVZ Braunfels.","robots":{"index":"index","follow":"follow","max-snippet":"max-snippet:-1","max-image-preview":"max-image-preview:large","max-video-preview":"max-video-preview:-1"},"canonical":"https:\/\/atos-mvz.de\/leistenschmerzen\/","og_locale":"de_DE","og_type":"article","og_title":"Leistenschmerzen - MVZ Braunfels","og_description":"Leistenschmerzen verstehen: Erfahren Sie mehr \u00fcber Symptome wie Ziehen oder Stechen in der Leiste & moderne Behandlungsmethoden im ATOS MVZ Braunfels.","og_url":"https:\/\/atos-mvz.de\/leistenschmerzen\/","og_site_name":"MVZ Braunfels","article_modified_time":"2026-01-14T08:43:39+00:00","twitter_card":"summary_large_image","schema":{"@context":"https:\/\/schema.org","@graph":[{"@type":"WebPage","@id":"https:\/\/atos-mvz.de\/braunfels\/leistenschmerzen\/","url":"https:\/\/atos-mvz.de\/leistenschmerzen\/","name":"Leistenschmerzen - MVZ Braunfels","isPartOf":{"@id":"https:\/\/atos-mvz.de\/braunfels\/#website"},"datePublished":"2021-02-02T08:35:09+00:00","dateModified":"2026-01-14T08:43:39+00:00","description":"Leistenschmerzen verstehen: Erfahren Sie mehr \u00fcber Symptome wie Ziehen oder Stechen in der Leiste & moderne Behandlungsmethoden im ATOS MVZ Braunfels.","breadcrumb":{"@id":"https:\/\/atos-mvz.de\/leistenschmerzen\/#breadcrumb"},"inLanguage":"de","potentialAction":[{"@type":"ReadAction","target":["https:\/\/atos-mvz.de\/leistenschmerzen\/"]}]},{"@type":"BreadcrumbList","@id":"https:\/\/atos-mvz.de\/leistenschmerzen\/#breadcrumb","itemListElement":[{"@type":"ListItem","position":1,"name":"Startseite","item":"https:\/\/atos-mvz.de\/braunfels\/startseite\/"},{"@type":"ListItem","position":2,"name":"Leistenschmerzen"}]},{"@type":"WebSite","@id":"https:\/\/atos-mvz.de\/braunfels\/#website","url":"https:\/\/atos-mvz.de\/braunfels\/","name":"MVZ Braunfels","description":"","potentialAction":[{"@type":"SearchAction","target":{"@type":"EntryPoint","urlTemplate":"https:\/\/atos-mvz.de\/braunfels\/?s={search_term_string}"},"query-input":{"@type":"PropertyValueSpecification","valueRequired":true,"valueName":"search_term_string"}}],"inLanguage":"de"}]}},"_links":{"self":[{"href":"https:\/\/atos-mvz.de\/braunfels\/wp-json\/wp\/v2\/pages\/85","targetHints":{"allow":["GET"]}}],"collection":[{"href":"https:\/\/atos-mvz.de\/braunfels\/wp-json\/wp\/v2\/pages"}],"about":[{"href":"https:\/\/atos-mvz.de\/braunfels\/wp-json\/wp\/v2\/types\/page"}],"author":[{"embeddable":true,"href":"https:\/\/atos-mvz.de\/braunfels\/wp-json\/wp\/v2\/users\/1"}],"replies":[{"embeddable":true,"href":"https:\/\/atos-mvz.de\/braunfels\/wp-json\/wp\/v2\/comments?post=85"}],"version-history":[{"count":4,"href":"https:\/\/atos-mvz.de\/braunfels\/wp-json\/wp\/v2\/pages\/85\/revisions"}],"predecessor-version":[{"id":685,"href":"https:\/\/atos-mvz.de\/braunfels\/wp-json\/wp\/v2\/pages\/85\/revisions\/685"}],"wp:attachment":[{"href":"https:\/\/atos-mvz.de\/braunfels\/wp-json\/wp\/v2\/media?parent=85"}],"curies":[{"name":"wp","href":"https:\/\/api.w.org\/{rel}","templated":true}]}}