{"id":82,"date":"2021-02-02T09:32:33","date_gmt":"2021-02-02T08:32:33","guid":{"rendered":"https:\/\/atos-mvz.de\/braunfels\/?page_id=82"},"modified":"2026-01-14T09:36:53","modified_gmt":"2026-01-14T08:36:53","slug":"fussschmerzen","status":"publish","type":"page","link":"https:\/\/atos-mvz.de\/braunfels\/fussschmerzen\/","title":{"rendered":"Fu\u00dfschmerzen"},"content":{"rendered":"\n<style type=\"text\/css\" data-created_by=\"avia_inline_auto\" id=\"style-css-av-kkmrirzt-dc3baebfc2267f163832480bb2d698fd\">\n.avia-section.av-kkmrirzt-dc3baebfc2267f163832480bb2d698fd{\nbackground-repeat:no-repeat;\nbackground-image:url(https:\/\/atos-mvz.de\/braunfels\/wp-content\/uploads\/sites\/4\/2024\/02\/fuss-sprunggelenk_1920x550.jpg);\nbackground-position:50% 50%;\nbackground-attachment:scroll;\n}\n.avia-section.av-kkmrirzt-dc3baebfc2267f163832480bb2d698fd .av-extra-border-element .av-extra-border-inner{\nbackground-color:#ffffff;\n}\n<\/style>\n<div id='header-img'  class='avia-section av-kkmrirzt-dc3baebfc2267f163832480bb2d698fd main_color avia-section-huge avia-no-border-styling  avia-builder-el-0  el_before_av_section  avia-builder-el-first  largeimg avia-full-stretch avia-bg-style-scroll container_wrap fullsize'  data-section-bg-repeat='stretch'><div class='container av-section-cont-open' ><main  role=\"main\" itemprop=\"mainContentOfPage\"  class='template-page content  av-content-full alpha units'><div class='post-entry post-entry-type-page post-entry-82'><div class='entry-content-wrapper clearfix'>\n<\/div><\/div><\/main><!-- close content main element --><\/div><div class='av-extra-border-element border-extra-diagonal border-extra-diagonal-inverse '><div class='av-extra-border-outer'><div class='av-extra-border-inner'><\/div><\/div><\/div><\/div>\n<style type=\"text\/css\" data-created_by=\"avia_inline_auto\" id=\"style-css-av-kkmrj8tn-d923b090cf2daa2b65e0894307b5ea7b\">\n.avia-section.av-kkmrj8tn-d923b090cf2daa2b65e0894307b5ea7b .av-extra-border-element .av-extra-border-inner{\nbackground-color:#ffffff;\n}\n<\/style>\n<div id='first-section'  class='avia-section av-kkmrj8tn-d923b090cf2daa2b65e0894307b5ea7b main_color avia-section-large avia-no-border-styling  avia-builder-el-1  el_after_av_section  el_before_av_section  avia-bg-style-scroll container_wrap fullsize'  ><div class='container av-section-cont-open' ><div class='template-page content  av-content-full alpha units'><div class='post-entry post-entry-type-page post-entry-82'><div class='entry-content-wrapper clearfix'>\n\n<style type=\"text\/css\" data-created_by=\"avia_inline_auto\" id=\"style-css-av-kkmroto9-388bfc9fb9cd3e259f78f3de3edff822\">\n.flex_column.av-kkmroto9-388bfc9fb9cd3e259f78f3de3edff822{\nborder-radius:0px 0px 0px 0px;\npadding:0px 0px 0px 0px;\n}\n<\/style>\n<div  class='flex_column av-kkmroto9-388bfc9fb9cd3e259f78f3de3edff822 av_one_half  avia-builder-el-2  el_before_av_one_half  avia-builder-el-first  first flex_column_div av-zero-column-padding  '     ><section  class='av_textblock_section av-kkmrkw8d-957a3634b14b6f5cf60bf01a68f33389 '   itemscope=\"itemscope\" itemtype=\"https:\/\/schema.org\/CreativeWork\" ><div class='avia_textblock'  itemprop=\"text\" ><h3>Krankheitsbild<\/h3>\n<h1><strong>Fu\u00dfschmerzen<\/strong><\/h1>\n<\/div><\/section><br \/>\n<section  class='av_textblock_section av-kkmrl8qi-074305d7797a98b618753b8ff773b01c '   itemscope=\"itemscope\" itemtype=\"https:\/\/schema.org\/CreativeWork\" ><div class='avia_textblock'  itemprop=\"text\" ><h3><strong>Alles zu Thema Fu\u00dfschmerzen, deren Ursachen und Behandlungsm\u00f6glichkeiten<\/strong><\/h3>\n<p>Wer pl\u00f6tzlich oder wiederkehrend von Fu\u00dfschmerzen geplagt wird, stellt fest, wie stark der Mensch auf die uneingeschr\u00e4nkte Belastbarkeit der F\u00fc\u00dfe angewiesen ist. Wenn das Gehen mit jedem Schritt zur Qual wird, ist eine Therapie unumg\u00e4nglich.<\/p>\n<\/div><\/section><\/p><\/div>\n<style type=\"text\/css\" data-created_by=\"avia_inline_auto\" id=\"style-css-av-kkmrk88j-2da39a8355d764fac208ce91ec1390d5\">\n@keyframes av_boxShadowEffect_av-kkmrk88j-2da39a8355d764fac208ce91ec1390d5-column {\n0%   { box-shadow:  0 0 0 0 #e0e0e0; opacity: 1; }\n100% { box-shadow:  0 0 30px 0 #e0e0e0; opacity: 1; }\n}\n.flex_column.av-kkmrk88j-2da39a8355d764fac208ce91ec1390d5{\nbox-shadow: 0 0 30px 0 #e0e0e0;\nborder-radius:20px 20px 20px 20px;\npadding:50px 50px 50px 50px;\nbackground-color:#ffffff;\n}\n<\/style>\n<div  class='flex_column av-kkmrk88j-2da39a8355d764fac208ce91ec1390d5 av_one_half  avia-builder-el-5  el_after_av_one_half  el_before_av_hr  box-right flex_column_div shadow-not-animated  '     ><style type=\"text\/css\" data-created_by=\"avia_inline_auto\" id=\"style-css-av-kkmrjkhu-1cb125a284d32be2fe9206e408b5f613\">\n.avia-image-container.av-kkmrjkhu-1cb125a284d32be2fe9206e408b5f613 img.avia_image{\nbox-shadow:none;\n}\n.avia-image-container.av-kkmrjkhu-1cb125a284d32be2fe9206e408b5f613 .av-image-caption-overlay-center{\ncolor:#ffffff;\n}\n<\/style>\n<div  class='avia-image-container av-kkmrjkhu-1cb125a284d32be2fe9206e408b5f613 av-styling-no-styling avia-align-  avia-builder-el-6  avia-builder-el-no-sibling '   itemprop=\"image\" itemscope=\"itemscope\" itemtype=\"https:\/\/schema.org\/ImageObject\" ><div class=\"avia-image-container-inner\"><div class=\"avia-image-overlay-wrap\"><img decoding=\"async\" fetchpriority=\"high\" class='wp-image-48 avia-img-lazy-loading-not-48 avia_image ' src=\"https:\/\/atos-mvz.de\/braunfels\/wp-content\/uploads\/sites\/4\/2021\/02\/Fussschmerzen_a_1200x800-495x400-1.jpg\" alt='' title=''  height=\"400\" width=\"495\"  itemprop=\"thumbnailUrl\" srcset=\"https:\/\/atos-mvz.de\/braunfels\/wp-content\/uploads\/sites\/4\/2021\/02\/Fussschmerzen_a_1200x800-495x400-1.jpg 495w, https:\/\/atos-mvz.de\/braunfels\/wp-content\/uploads\/sites\/4\/2021\/02\/Fussschmerzen_a_1200x800-495x400-1-300x242.jpg 300w\" sizes=\"(max-width: 495px) 100vw, 495px\" \/><\/div><\/div><\/div><\/div>\n<style type=\"text\/css\" data-created_by=\"avia_inline_auto\" id=\"style-css-av-kkmrhikk-763cb42606d1b0ba9a6deef754503cd2\">\n#top .hr.hr-invisible.av-kkmrhikk-763cb42606d1b0ba9a6deef754503cd2{\nheight:200px;\n}\n<\/style>\n<div  class='hr av-kkmrhikk-763cb42606d1b0ba9a6deef754503cd2 hr-invisible  avia-builder-el-7  el_after_av_one_half  avia-builder-el-last '><span class='hr-inner '><span class=\"hr-inner-style\"><\/span><\/span><\/div>\n<\/div><\/div><\/div><!-- close content main div --><\/div><div class='av-extra-border-element border-extra-diagonal border-extra-diagonal-inverse '><div class='av-extra-border-outer'><div class='av-extra-border-inner'><\/div><\/div><\/div><\/div><div id='second-section'  class='avia-section av-kkmrofnn-ea5e4d8576e139e1b0272b978b11d112 main_color avia-section-default avia-no-border-styling  avia-builder-el-8  el_after_av_section  avia-builder-el-last  avia-bg-style-scroll container_wrap fullsize'  ><div class='container av-section-cont-open' ><div class='template-page content  av-content-full alpha units'><div class='post-entry post-entry-type-page post-entry-82'><div class='entry-content-wrapper clearfix'>\n\n<style type=\"text\/css\" data-created_by=\"avia_inline_auto\" id=\"style-css-av-kkmro5f5-a91356db0a17735e69d7c73bbe6646df\">\n#top .togglecontainer.av-kkmro5f5-a91356db0a17735e69d7c73bbe6646df p.toggler{\nbackground-color:#ffffff;\n}\n#top .togglecontainer.av-kkmro5f5-a91356db0a17735e69d7c73bbe6646df .toggle_wrap .toggle_content{\nbackground-color:#ffffff;\n}\n<\/style>\n<div  class='togglecontainer av-kkmro5f5-a91356db0a17735e69d7c73bbe6646df av-minimal-toggle  avia-builder-el-9  avia-builder-el-no-sibling  toggle_close_all' >\n<section class='av_toggle_section av-2x8vi-ad68f78058b6dcfc03b52714191c2dcc'  itemscope=\"itemscope\" itemtype=\"https:\/\/schema.org\/CreativeWork\" ><div role=\"tablist\" class=\"single_toggle\" data-tags=\"{Alle} \"  ><p id='toggle-toggle-id-1' data-fake-id='#toggle-id-1' class='toggler  activeTitle av-title-above '  itemprop=\"headline\"  role='tab' tabindex='0' aria-controls='toggle-id-1' data-slide-speed=\"200\" data-title=\"Welche Ursachen sind verantwortlich f\u00fcr Fu\u00dfschmerzen?\" data-title-open=\"\" data-aria_collapsed=\"Click to expand: Welche Ursachen sind verantwortlich f\u00fcr Fu\u00dfschmerzen?\" data-aria_expanded=\"Click to collapse: Welche Ursachen sind verantwortlich f\u00fcr Fu\u00dfschmerzen?\">Welche Ursachen sind verantwortlich f\u00fcr Fu\u00dfschmerzen?<span class=\"toggle_icon\"><span class=\"vert_icon\"><\/span><span class=\"hor_icon\"><\/span><\/span><\/p><div id='toggle-id-1' aria-labelledby='toggle-toggle-id-1' role='region' class='toggle_wrap  active_tc av-title-above' style='display:block;' ><div class='toggle_content invers-color '  itemprop=\"text\" ><p>Sport und \u00dcberbelastung bilden h\u00e4ufig die Ursache f\u00fcr Fu\u00dfschmerzen. Einseitige und wiederkehrende Belastungen k\u00f6nnen entsprechend schneller zu Beschwerden f\u00fchren. Genau betrachtet f\u00fchrt der aufrechte Gang des Menschen zu vielen orthop\u00e4dischen Problemen. Das gesamte K\u00f6rpergewicht muss von zwei eher kleinen K\u00f6rperteilen getragen werden. Bei Lauf- und Sprungbewegungen vervielfacht sich die Belastung f\u00fcr die Fu\u00dfgelenke auf ein Mehrfaches des eigenen K\u00f6rpergewichts. Fehlstellungen im Fu\u00df und \u00dcbergewicht sind als weitere Faktoren f\u00fcr Fu\u00dfschmerzen zu nennen. Unentdeckte Fu\u00dffehlstellungen st\u00f6ren die ausgewogene Geometrie des Fu\u00dfgew\u00f6lbes und f\u00fchren in der Folge zu Beschwerden und Einschr\u00e4nkungen.<\/p>\n<p>Die meisten Menschen leiden zu einem Zeitpunkt des Lebens einmal unter Fu\u00dfschmerzen. Zumeist sind sie als harmlos einzusch\u00e4tzen. Beim Sport sollten Wiedereinsteiger und Trainingsanf\u00e4nger pr\u00fcfen, ob die Fu\u00dfschmerzen in Verbindung mit der sportlichen Bet\u00e4tigung stehen k\u00f6nnten. Als Faustformel gilt, dass der Schmerz innerhalb von drei Tagen von allein abklingen sollte. Ist dieses nicht der Fall bzw. tritt eine Verschlechterung in Form von Bewegungseinschr\u00e4nkungen oder sichtbaren Ver\u00e4nderungen ein, sollte zur Abkl\u00e4rung ein Mediziner hinzugezogen werden.<\/p>\n<\/div><\/div><\/div><\/section>\n<section class='av_toggle_section av-1z2s6-f41a7887e5daad9209b0c3c8ade3756b'  itemscope=\"itemscope\" itemtype=\"https:\/\/schema.org\/CreativeWork\" ><div role=\"tablist\" class=\"single_toggle\" data-tags=\"{Alle} \"  ><p id='toggle-toggle-id-2' data-fake-id='#toggle-id-2' class='toggler  av-title-above '  itemprop=\"headline\"  role='tab' tabindex='0' aria-controls='toggle-id-2' data-slide-speed=\"200\" data-title=\"Welche Symptome zeigen sich bei Fu\u00dfschmerzen?\" data-title-open=\"\" data-aria_collapsed=\"Click to expand: Welche Symptome zeigen sich bei Fu\u00dfschmerzen?\" data-aria_expanded=\"Click to collapse: Welche Symptome zeigen sich bei Fu\u00dfschmerzen?\">Welche Symptome zeigen sich bei Fu\u00dfschmerzen?<span class=\"toggle_icon\"><span class=\"vert_icon\"><\/span><span class=\"hor_icon\"><\/span><\/span><\/p><div id='toggle-id-2' aria-labelledby='toggle-toggle-id-2' role='region' class='toggle_wrap  av-title-above'  ><div class='toggle_content invers-color '  itemprop=\"text\" ><p>Fu\u00dfschmerzen k\u00f6nnen in verschiedenen Auspr\u00e4gungen vorliegen. Zuweilen handelt es sich um einen akuten Schmerz, der sich stechend darstellt. Manchmal treten die Schmerzen erst nach der Belastung oder stark zeitverz\u00f6gert zum Beispiel nachts auf. Die Begleiterscheinungen und Symptome geben deutliche Hinweise auf die Ursache der Schmerzen. Zun\u00e4chst sollte untersucht werden, bis zu welchem Grad der betroffene Fu\u00df noch belastbar ist. Dazu sollte sich der Patient durch Abst\u00fctzen an einer Person oder einer St\u00fctze gegen einen Sturz absichern und den betroffenen Fu\u00df bis zur Schmerzgrenze belasten. Bei sehr starken Schmerzen sollte auf diese Belastungsprobe verzichtet und umgehend ein Arzt aufgesucht werden. Bei leichten Fu\u00dfschmerzen reicht ein Schuhwechsel oftmals aus. R\u00f6tungen, Schwellungen und Bluterg\u00fcsse treten h\u00e4ufig nach einem Sturz oder Unfall auf. Zudem k\u00f6nnen sie auf eine Entz\u00fcndung oder eine sonstige Grunderkrankung hindeuten. Zuweilen kommt es zu einer \u00e4u\u00dferlich sichtbaren Verformung des Fu\u00dfes. Diese tritt beispielsweise bei Fehlstellungen wie dem Ballenzeh (Hallus Valgus) auf. In diesen F\u00e4llen werden zun\u00e4chst orthop\u00e4dische Ma\u00dfnahmen ergriffen. Pl\u00f6tzliche Verformungen ohne erkennbare Ursache hingegen bed\u00fcrfen einer umgehenden Abkl\u00e4rung beim Arzt. Ist die Fu\u00dfunterseite betroffen, liegt aufgrund ihrer Geometrie zumeist eine akute Verletzung oder schwerwiegende Erkrankung vor.<\/p>\n<\/div><\/div><\/div><\/section>\n<section class='av_toggle_section av-1ecka-8dad175ad42c0c1fd7c6c5a317c3e505'  itemscope=\"itemscope\" itemtype=\"https:\/\/schema.org\/CreativeWork\" ><div role=\"tablist\" class=\"single_toggle\" data-tags=\"{Alle} \"  ><p id='toggle-toggle-id-3' data-fake-id='#toggle-id-3' class='toggler  av-title-above '  itemprop=\"headline\"  role='tab' tabindex='0' aria-controls='toggle-id-3' data-slide-speed=\"200\" data-title=\"Welche Sch\u00e4digungen und Diagnosen liegen bei Fu\u00dfschmerzen vor?\" data-title-open=\"\" data-aria_collapsed=\"Click to expand: Welche Sch\u00e4digungen und Diagnosen liegen bei Fu\u00dfschmerzen vor?\" data-aria_expanded=\"Click to collapse: Welche Sch\u00e4digungen und Diagnosen liegen bei Fu\u00dfschmerzen vor?\">Welche Sch\u00e4digungen und Diagnosen liegen bei Fu\u00dfschmerzen vor?<span class=\"toggle_icon\"><span class=\"vert_icon\"><\/span><span class=\"hor_icon\"><\/span><\/span><\/p><div id='toggle-id-3' aria-labelledby='toggle-toggle-id-3' role='region' class='toggle_wrap  av-title-above'  ><div class='toggle_content invers-color '  itemprop=\"text\" ><p>Knochenbr\u00fcche an den F\u00fc\u00dfen kommen eher selten vor. Zumeist handelt es sich dann um einen Erm\u00fcdungsbruch in Form einer Marschfraktur oder einer Stressfraktur. Diese sind \u00e4u\u00dferst schmerzhaft und aufgrund des schwierigen Heilungsprozesses gef\u00fcrchtet. H\u00e4ufiger kommt es zu anderen Beschwerden. Besonders \u00e4lteren Menschen bereitet der Hallux Rigidus Beschwerden. Hierbei handelt es sich um Abnutzungserscheinungen im Gro\u00dfzehengrundgelenk, die sich \u00e4u\u00dferlich anhand von R\u00f6tungen und Schwellungen zeigen k\u00f6nnen. Bei dieser speziellen Arthrose-Form kommt es zu einer Einsteifung der betroffenen Zehe mit starken Bewegungseinschr\u00e4nkungen. Betroffene Patienten versuchen oftmals, die akuten Schmerzen durch die Einnahme einer Fehlhaltung aufzufangen. Dabei bilden sich h\u00e4ufig Sch\u00e4digungen in anderen Bereichen des Fu\u00dfes oder der Gelenke aus. Das Einnehmen von Schonhaltungen beispielsweise bei H\u00fcft-, Knie- oder R\u00fcckenproblemen f\u00fchrt in vielen F\u00e4llen zu Fu\u00dfschmerzen. Hier sollte neben der Fu\u00dfproblematik auch die f\u00fcr die Schonhaltung urs\u00e4chliche Erkrankung behandelt werden. F\u00fcr pl\u00f6tzlich auftretende, starke Fu\u00dfschmerzen oder Belastungsst\u00f6rungen sind in der Regel nicht Abnutzungserscheinungen oder Fehlstellungen verantwortlich. Der Riss der Achillessehne wird h\u00e4ufig von einem peitschenartigen Knall begleitet und f\u00fchrt unmittelbar zu einer extremen Schmerzbildung. Patienten mit Schmerzen beim Auftreten speziell am Morgen oder nach Ruhephasen leiden oftmals an einem Fersensporn. Medizinisch Kalkaneussporn genannt, bildet sich diese Erkrankung zumeist unbemerkt \u00fcber Jahre durch Kalkablagerungen an der Sehne. Der Schmerz wird von den Betroffenen mit einem Nadelstich unter dem Fersenbein verglichen.<\/p>\n<\/div><\/div><\/div><\/section>\n<section class='av_toggle_section av-noau-84809b36e77409475e3147c5ca837915'  itemscope=\"itemscope\" itemtype=\"https:\/\/schema.org\/CreativeWork\" ><div role=\"tablist\" class=\"single_toggle\" data-tags=\"{Alle} \"  ><p id='toggle-toggle-id-4' data-fake-id='#toggle-id-4' class='toggler  av-title-above '  itemprop=\"headline\"  role='tab' tabindex='0' aria-controls='toggle-id-4' data-slide-speed=\"200\" data-title=\"Welche Therapieformen gibt es bei Fu\u00dfschmerzen?\" data-title-open=\"\" data-aria_collapsed=\"Click to expand: Welche Therapieformen gibt es bei Fu\u00dfschmerzen?\" data-aria_expanded=\"Click to collapse: Welche Therapieformen gibt es bei Fu\u00dfschmerzen?\">Welche Therapieformen gibt es bei Fu\u00dfschmerzen?<span class=\"toggle_icon\"><span class=\"vert_icon\"><\/span><span class=\"hor_icon\"><\/span><\/span><\/p><div id='toggle-id-4' aria-labelledby='toggle-toggle-id-4' role='region' class='toggle_wrap  av-title-above'  ><div class='toggle_content invers-color '  itemprop=\"text\" ><p>Fehlstellungen des Fu\u00dfes sind angeboren oder bilden sich sprichw\u00f6rtlich im Laufe der Zeit aus. Erkrankungen in Form des Spreizfu\u00dfes oder der Krallenzehe werden in der Regel durch orthop\u00e4dische Ma\u00dfnahmen therapiert. Orthop\u00e4dische Einlagen oder von einem Schuhtechniker angefertigte Spezialschuhe werden von der Krankenkasse bezahlt, wenn sie von einem Mediziner verschrieben wurden. Zudem k\u00f6nnen krankengymnastische \u00dcbungen zu einer Linderung der Beschwerden beitragen. Zur Vorbeugung von Fu\u00dfschmerzen spielt das passende Schuhwerk eine gro\u00dfe Rolle. Schuhe sollten nicht zu klein oder zu eng gew\u00e4hlt werden. Barfu\u00dfgang und offene Schuhe unterst\u00fctzen die nat\u00fcrliche Bewegungsdynamik des Fu\u00dfes. Menschen mit alters- oder krankheitsbedingten Gangunsicherheiten sollten auf entsprechend geeignetes Schuhwerk achten und sich dahingehend beraten lassen.<\/p>\n<p>Akute Fu\u00dfschmerzen lassen sich in der Regel konservativ durch physiotherapeutische und physikalische Ma\u00dfnahmen therapieren. Patienten mit Entz\u00fcndungen und Verkalkungen sprechen auf die Ultraschalltherapie sehr gut an. Bei fast allen Auspr\u00e4gungen von Fu\u00dfschmerzen k\u00f6nnen mit krankengymnastischen \u00dcbungen ausgezeichnete Ergebnisse erzielt werden. Neben der richtigen Belastung (Abrollbewegung) wird der Bewegungsapparat gezielt trainiert und gest\u00e4rkt. Durch einen Unfall hervorgerufene Beschwerden m\u00fcssen h\u00e4ufig operativ behandelt werden. Ein Riss der Achillessehne l\u00e4sst sich nur operativ korrigieren, w\u00e4hrend ein einfacher B\u00e4nderriss im Sprunggelenk heute zuweilen konservativ behandelt wird. Hier ist abzuw\u00e4gen, ob das Risiko der Operation gerade bei \u00e4lteren Menschen schwerer wiegt als die bleibende Beeintr\u00e4chtigung. Auch bei \u00fcber einen l\u00e4ngeren Zeitraum unentdeckten B\u00e4nderrissen wird zumeist auf eine Operation verzichtet. Bei akuten Schmerzen kommen entz\u00fcndungshemmende und schmerzstillende Salben und Medikamente zum Einsatz. Bei konservativen Therapiema\u00dfnahmen liegt der Fokus auf der Linderung der Beschwerden. Der Spezialist kann anhand der Anamnese und anschlie\u00dfender Diagnose die geeignete Therapie festlegen.<\/p>\n<\/div><\/div><\/div><\/section>\n<\/div>\n<\/p>\n","protected":false},"excerpt":{"rendered":"","protected":false},"author":1,"featured_media":0,"parent":0,"menu_order":0,"comment_status":"closed","ping_status":"closed","template":"","meta":{"footnotes":""},"class_list":["post-82","page","type-page","status-publish","hentry"],"yoast_head":"<!-- This site is optimized with the Yoast SEO plugin v27.3 - https:\/\/yoast.com\/product\/yoast-seo-wordpress\/ -->\n<title>Fu\u00dfschmerzen - MVZ Braunfels<\/title>\n<meta name=\"description\" content=\"Fu\u00dfschmerzen behandeln in Braunfels: Hilfe bei Hallux valgus, Fersensporn, Achillessehnenriss &amp; Spreizfu\u00df. Wir bieten spezialisierte Diagnostik &amp; Therapie. Mehr lesen.\" \/>\n<meta name=\"robots\" content=\"index, follow, max-snippet:-1, max-image-preview:large, max-video-preview:-1\" \/>\n<link rel=\"canonical\" href=\"https:\/\/atos-mvz.de\/fussschmerzen\/\" \/>\n<meta property=\"og:locale\" content=\"de_DE\" \/>\n<meta property=\"og:type\" content=\"article\" \/>\n<meta property=\"og:title\" content=\"Fu\u00dfschmerzen - MVZ Braunfels\" \/>\n<meta property=\"og:description\" content=\"Fu\u00dfschmerzen behandeln in Braunfels: Hilfe bei Hallux valgus, Fersensporn, Achillessehnenriss &amp; Spreizfu\u00df. Wir bieten spezialisierte Diagnostik &amp; Therapie. Mehr lesen.\" \/>\n<meta property=\"og:url\" content=\"https:\/\/atos-mvz.de\/fussschmerzen\/\" \/>\n<meta property=\"og:site_name\" content=\"MVZ Braunfels\" \/>\n<meta property=\"article:modified_time\" content=\"2026-01-14T08:36:53+00:00\" \/>\n<meta name=\"twitter:card\" content=\"summary_large_image\" \/>\n<script type=\"application\/ld+json\" class=\"yoast-schema-graph\">{\"@context\":\"https:\\\/\\\/schema.org\",\"@graph\":[{\"@type\":\"WebPage\",\"@id\":\"https:\\\/\\\/atos-mvz.de\\\/braunfels\\\/fussschmerzen\\\/\",\"url\":\"https:\\\/\\\/atos-mvz.de\\\/fussschmerzen\\\/\",\"name\":\"Fu\u00dfschmerzen - MVZ Braunfels\",\"isPartOf\":{\"@id\":\"https:\\\/\\\/atos-mvz.de\\\/braunfels\\\/#website\"},\"datePublished\":\"2021-02-02T08:32:33+00:00\",\"dateModified\":\"2026-01-14T08:36:53+00:00\",\"description\":\"Fu\u00dfschmerzen behandeln in Braunfels: Hilfe bei Hallux valgus, Fersensporn, Achillessehnenriss & Spreizfu\u00df. Wir bieten spezialisierte Diagnostik & Therapie. Mehr lesen.\",\"breadcrumb\":{\"@id\":\"https:\\\/\\\/atos-mvz.de\\\/fussschmerzen\\\/#breadcrumb\"},\"inLanguage\":\"de\",\"potentialAction\":[{\"@type\":\"ReadAction\",\"target\":[\"https:\\\/\\\/atos-mvz.de\\\/fussschmerzen\\\/\"]}]},{\"@type\":\"BreadcrumbList\",\"@id\":\"https:\\\/\\\/atos-mvz.de\\\/fussschmerzen\\\/#breadcrumb\",\"itemListElement\":[{\"@type\":\"ListItem\",\"position\":1,\"name\":\"Startseite\",\"item\":\"https:\\\/\\\/atos-mvz.de\\\/braunfels\\\/startseite\\\/\"},{\"@type\":\"ListItem\",\"position\":2,\"name\":\"Fu\u00dfschmerzen\"}]},{\"@type\":\"WebSite\",\"@id\":\"https:\\\/\\\/atos-mvz.de\\\/braunfels\\\/#website\",\"url\":\"https:\\\/\\\/atos-mvz.de\\\/braunfels\\\/\",\"name\":\"MVZ Braunfels\",\"description\":\"\",\"potentialAction\":[{\"@type\":\"SearchAction\",\"target\":{\"@type\":\"EntryPoint\",\"urlTemplate\":\"https:\\\/\\\/atos-mvz.de\\\/braunfels\\\/?s={search_term_string}\"},\"query-input\":{\"@type\":\"PropertyValueSpecification\",\"valueRequired\":true,\"valueName\":\"search_term_string\"}}],\"inLanguage\":\"de\"}]}<\/script>\n<!-- \/ Yoast SEO plugin. -->","yoast_head_json":{"title":"Fu\u00dfschmerzen - MVZ Braunfels","description":"Fu\u00dfschmerzen behandeln in Braunfels: Hilfe bei Hallux valgus, Fersensporn, Achillessehnenriss & Spreizfu\u00df. Wir bieten spezialisierte Diagnostik & Therapie. Mehr lesen.","robots":{"index":"index","follow":"follow","max-snippet":"max-snippet:-1","max-image-preview":"max-image-preview:large","max-video-preview":"max-video-preview:-1"},"canonical":"https:\/\/atos-mvz.de\/fussschmerzen\/","og_locale":"de_DE","og_type":"article","og_title":"Fu\u00dfschmerzen - MVZ Braunfels","og_description":"Fu\u00dfschmerzen behandeln in Braunfels: Hilfe bei Hallux valgus, Fersensporn, Achillessehnenriss & Spreizfu\u00df. Wir bieten spezialisierte Diagnostik & Therapie. Mehr lesen.","og_url":"https:\/\/atos-mvz.de\/fussschmerzen\/","og_site_name":"MVZ Braunfels","article_modified_time":"2026-01-14T08:36:53+00:00","twitter_card":"summary_large_image","schema":{"@context":"https:\/\/schema.org","@graph":[{"@type":"WebPage","@id":"https:\/\/atos-mvz.de\/braunfels\/fussschmerzen\/","url":"https:\/\/atos-mvz.de\/fussschmerzen\/","name":"Fu\u00dfschmerzen - MVZ Braunfels","isPartOf":{"@id":"https:\/\/atos-mvz.de\/braunfels\/#website"},"datePublished":"2021-02-02T08:32:33+00:00","dateModified":"2026-01-14T08:36:53+00:00","description":"Fu\u00dfschmerzen behandeln in Braunfels: Hilfe bei Hallux valgus, Fersensporn, Achillessehnenriss & Spreizfu\u00df. Wir bieten spezialisierte Diagnostik & Therapie. Mehr lesen.","breadcrumb":{"@id":"https:\/\/atos-mvz.de\/fussschmerzen\/#breadcrumb"},"inLanguage":"de","potentialAction":[{"@type":"ReadAction","target":["https:\/\/atos-mvz.de\/fussschmerzen\/"]}]},{"@type":"BreadcrumbList","@id":"https:\/\/atos-mvz.de\/fussschmerzen\/#breadcrumb","itemListElement":[{"@type":"ListItem","position":1,"name":"Startseite","item":"https:\/\/atos-mvz.de\/braunfels\/startseite\/"},{"@type":"ListItem","position":2,"name":"Fu\u00dfschmerzen"}]},{"@type":"WebSite","@id":"https:\/\/atos-mvz.de\/braunfels\/#website","url":"https:\/\/atos-mvz.de\/braunfels\/","name":"MVZ Braunfels","description":"","potentialAction":[{"@type":"SearchAction","target":{"@type":"EntryPoint","urlTemplate":"https:\/\/atos-mvz.de\/braunfels\/?s={search_term_string}"},"query-input":{"@type":"PropertyValueSpecification","valueRequired":true,"valueName":"search_term_string"}}],"inLanguage":"de"}]}},"_links":{"self":[{"href":"https:\/\/atos-mvz.de\/braunfels\/wp-json\/wp\/v2\/pages\/82","targetHints":{"allow":["GET"]}}],"collection":[{"href":"https:\/\/atos-mvz.de\/braunfels\/wp-json\/wp\/v2\/pages"}],"about":[{"href":"https:\/\/atos-mvz.de\/braunfels\/wp-json\/wp\/v2\/types\/page"}],"author":[{"embeddable":true,"href":"https:\/\/atos-mvz.de\/braunfels\/wp-json\/wp\/v2\/users\/1"}],"replies":[{"embeddable":true,"href":"https:\/\/atos-mvz.de\/braunfels\/wp-json\/wp\/v2\/comments?post=82"}],"version-history":[{"count":3,"href":"https:\/\/atos-mvz.de\/braunfels\/wp-json\/wp\/v2\/pages\/82\/revisions"}],"predecessor-version":[{"id":680,"href":"https:\/\/atos-mvz.de\/braunfels\/wp-json\/wp\/v2\/pages\/82\/revisions\/680"}],"wp:attachment":[{"href":"https:\/\/atos-mvz.de\/braunfels\/wp-json\/wp\/v2\/media?parent=82"}],"curies":[{"name":"wp","href":"https:\/\/api.w.org\/{rel}","templated":true}]}}