{"id":76,"date":"2021-02-02T09:25:55","date_gmt":"2021-02-02T08:25:55","guid":{"rendered":"https:\/\/atos-mvz.de\/braunfels\/?page_id=76"},"modified":"2026-01-14T09:41:48","modified_gmt":"2026-01-14T08:41:48","slug":"hueftschmerzen","status":"publish","type":"page","link":"https:\/\/atos-mvz.de\/braunfels\/hueftschmerzen\/","title":{"rendered":"H\u00fcftschmerzen"},"content":{"rendered":"\n<style type=\"text\/css\" data-created_by=\"avia_inline_auto\" id=\"style-css-av-kkmrirzt-d70a44adda3027ffc65c320f8b98e5c0\">\n.avia-section.av-kkmrirzt-d70a44adda3027ffc65c320f8b98e5c0{\nbackground-repeat:no-repeat;\nbackground-image:url(https:\/\/atos-mvz.de\/braunfels\/wp-content\/uploads\/sites\/4\/2024\/02\/huefte_1990x550.jpg);\nbackground-position:50% 50%;\nbackground-attachment:scroll;\n}\n.avia-section.av-kkmrirzt-d70a44adda3027ffc65c320f8b98e5c0 .av-extra-border-element .av-extra-border-inner{\nbackground-color:#ffffff;\n}\n<\/style>\n<div id='header-img'  class='avia-section av-kkmrirzt-d70a44adda3027ffc65c320f8b98e5c0 main_color avia-section-huge avia-no-border-styling  avia-builder-el-0  el_before_av_section  avia-builder-el-first  largeimg avia-full-stretch avia-bg-style-scroll container_wrap fullsize'  data-section-bg-repeat='stretch'><div class='container av-section-cont-open' ><main  role=\"main\" itemprop=\"mainContentOfPage\"  class='template-page content  av-content-full alpha units'><div class='post-entry post-entry-type-page post-entry-76'><div class='entry-content-wrapper clearfix'>\n<\/div><\/div><\/main><!-- close content main element --><\/div><div class='av-extra-border-element border-extra-diagonal border-extra-diagonal-inverse '><div class='av-extra-border-outer'><div class='av-extra-border-inner'><\/div><\/div><\/div><\/div>\n<style type=\"text\/css\" data-created_by=\"avia_inline_auto\" id=\"style-css-av-kkmrj8tn-d923b090cf2daa2b65e0894307b5ea7b\">\n.avia-section.av-kkmrj8tn-d923b090cf2daa2b65e0894307b5ea7b .av-extra-border-element .av-extra-border-inner{\nbackground-color:#ffffff;\n}\n<\/style>\n<div id='first-section'  class='avia-section av-kkmrj8tn-d923b090cf2daa2b65e0894307b5ea7b main_color avia-section-large avia-no-border-styling  avia-builder-el-1  el_after_av_section  el_before_av_section  avia-bg-style-scroll container_wrap fullsize'  ><div class='container av-section-cont-open' ><div class='template-page content  av-content-full alpha units'><div class='post-entry post-entry-type-page post-entry-76'><div class='entry-content-wrapper clearfix'>\n\n<style type=\"text\/css\" data-created_by=\"avia_inline_auto\" id=\"style-css-av-kkmroto9-388bfc9fb9cd3e259f78f3de3edff822\">\n.flex_column.av-kkmroto9-388bfc9fb9cd3e259f78f3de3edff822{\nborder-radius:0px 0px 0px 0px;\npadding:0px 0px 0px 0px;\n}\n<\/style>\n<div  class='flex_column av-kkmroto9-388bfc9fb9cd3e259f78f3de3edff822 av_one_half  avia-builder-el-2  el_before_av_one_half  avia-builder-el-first  first flex_column_div av-zero-column-padding  '     ><section  class='av_textblock_section av-kkmrkw8d-957a3634b14b6f5cf60bf01a68f33389 '   itemscope=\"itemscope\" itemtype=\"https:\/\/schema.org\/CreativeWork\" ><div class='avia_textblock'  itemprop=\"text\" ><h3>Krankheitsbild<\/h3>\n<h1><strong>H\u00fcftschmerzen<\/strong><\/h1>\n<\/div><\/section><br \/>\n<section  class='av_textblock_section av-kkmrl8qi-074305d7797a98b618753b8ff773b01c '   itemscope=\"itemscope\" itemtype=\"https:\/\/schema.org\/CreativeWork\" ><div class='avia_textblock'  itemprop=\"text\" ><h3><strong>Alle Informationen zu Diagnose und Therapiem\u00f6glichkeiten von H\u00fcftschmerzen<\/strong><\/h3>\n<p>Das H\u00fcftgelenk ist nach dem Kniegelenk das zweitgr\u00f6\u00dfte Gelenk im menschlichen K\u00f6rper. Es wird sowohl im Sitzen, Stehen und bei der Bewegung stark belastet, was im Laufe des Lebens zu Abnutzungserscheinungen im Gelenk f\u00fchren kann. Diese \u00e4u\u00dfern sich in Form von Bewegungseinschr\u00e4nkungen und Schmerzen. Anatomisch gesehen wird das H\u00fcftgelenk vom Beckenknochen umschlossen. Die Beweglichkeit des Gelenks wird von den Muskeln gesteuert. Die ausgepr\u00e4gtesten Muskeln des Menschen befinden sich am Oberschenkel und im Ges\u00e4\u00df. Sie helfen, das H\u00fcftgelenk sicher im Becken zu halten.<\/p>\n<\/div><\/section><\/p><\/div>\n<style type=\"text\/css\" data-created_by=\"avia_inline_auto\" id=\"style-css-av-kkmrk88j-2da39a8355d764fac208ce91ec1390d5\">\n@keyframes av_boxShadowEffect_av-kkmrk88j-2da39a8355d764fac208ce91ec1390d5-column {\n0%   { box-shadow:  0 0 0 0 #e0e0e0; opacity: 1; }\n100% { box-shadow:  0 0 30px 0 #e0e0e0; opacity: 1; }\n}\n.flex_column.av-kkmrk88j-2da39a8355d764fac208ce91ec1390d5{\nbox-shadow: 0 0 30px 0 #e0e0e0;\nborder-radius:20px 20px 20px 20px;\npadding:50px 50px 50px 50px;\nbackground-color:#ffffff;\n}\n<\/style>\n<div  class='flex_column av-kkmrk88j-2da39a8355d764fac208ce91ec1390d5 av_one_half  avia-builder-el-5  el_after_av_one_half  el_before_av_hr  box-right flex_column_div shadow-not-animated  '     ><style type=\"text\/css\" data-created_by=\"avia_inline_auto\" id=\"style-css-av-kkmrjkhu-f8b305855bee3116c9eb13c14e400350\">\n.avia-image-container.av-kkmrjkhu-f8b305855bee3116c9eb13c14e400350 img.avia_image{\nbox-shadow:none;\n}\n.avia-image-container.av-kkmrjkhu-f8b305855bee3116c9eb13c14e400350 .av-image-caption-overlay-center{\ncolor:#ffffff;\n}\n<\/style>\n<div  class='avia-image-container av-kkmrjkhu-f8b305855bee3116c9eb13c14e400350 av-styling-no-styling avia-align-  avia-builder-el-6  avia-builder-el-no-sibling '   itemprop=\"image\" itemscope=\"itemscope\" itemtype=\"https:\/\/schema.org\/ImageObject\" ><div class=\"avia-image-container-inner\"><div class=\"avia-image-overlay-wrap\"><img decoding=\"async\" fetchpriority=\"high\" class='wp-image-596 avia-img-lazy-loading-not-596 avia_image ' src=\"https:\/\/atos-mvz.de\/braunfels\/wp-content\/uploads\/sites\/4\/2024\/02\/huefte.jpg\" alt='' title=''  height=\"667\" width=\"1000\"  itemprop=\"thumbnailUrl\" srcset=\"https:\/\/atos-mvz.de\/braunfels\/wp-content\/uploads\/sites\/4\/2024\/02\/huefte.jpg 1000w, https:\/\/atos-mvz.de\/braunfels\/wp-content\/uploads\/sites\/4\/2024\/02\/huefte-300x200.jpg 300w, https:\/\/atos-mvz.de\/braunfels\/wp-content\/uploads\/sites\/4\/2024\/02\/huefte-768x512.jpg 768w, https:\/\/atos-mvz.de\/braunfels\/wp-content\/uploads\/sites\/4\/2024\/02\/huefte-705x470.jpg 705w\" sizes=\"(max-width: 1000px) 100vw, 1000px\" \/><\/div><\/div><\/div><\/div>\n<style type=\"text\/css\" data-created_by=\"avia_inline_auto\" id=\"style-css-av-kkmrhikk-763cb42606d1b0ba9a6deef754503cd2\">\n#top .hr.hr-invisible.av-kkmrhikk-763cb42606d1b0ba9a6deef754503cd2{\nheight:200px;\n}\n<\/style>\n<div  class='hr av-kkmrhikk-763cb42606d1b0ba9a6deef754503cd2 hr-invisible  avia-builder-el-7  el_after_av_one_half  avia-builder-el-last '><span class='hr-inner '><span class=\"hr-inner-style\"><\/span><\/span><\/div>\n<\/div><\/div><\/div><!-- close content main div --><\/div><div class='av-extra-border-element border-extra-diagonal border-extra-diagonal-inverse '><div class='av-extra-border-outer'><div class='av-extra-border-inner'><\/div><\/div><\/div><\/div><div id='second-section'  class='avia-section av-kkmrofnn-ea5e4d8576e139e1b0272b978b11d112 main_color avia-section-default avia-no-border-styling  avia-builder-el-8  el_after_av_section  avia-builder-el-last  avia-bg-style-scroll container_wrap fullsize'  ><div class='container av-section-cont-open' ><div class='template-page content  av-content-full alpha units'><div class='post-entry post-entry-type-page post-entry-76'><div class='entry-content-wrapper clearfix'>\n\n<style type=\"text\/css\" data-created_by=\"avia_inline_auto\" id=\"style-css-av-kkmro5f5-a91356db0a17735e69d7c73bbe6646df\">\n#top .togglecontainer.av-kkmro5f5-a91356db0a17735e69d7c73bbe6646df p.toggler{\nbackground-color:#ffffff;\n}\n#top .togglecontainer.av-kkmro5f5-a91356db0a17735e69d7c73bbe6646df .toggle_wrap .toggle_content{\nbackground-color:#ffffff;\n}\n<\/style>\n<div  class='togglecontainer av-kkmro5f5-a91356db0a17735e69d7c73bbe6646df av-minimal-toggle  avia-builder-el-9  avia-builder-el-no-sibling  toggle_close_all' >\n<section class='av_toggle_section av-2i9zc-550a8400c9b7cdf5c993ca6c42969277'  itemscope=\"itemscope\" itemtype=\"https:\/\/schema.org\/CreativeWork\" ><div role=\"tablist\" class=\"single_toggle\" data-tags=\"{Alle} \"  ><p id='toggle-toggle-id-1' data-fake-id='#toggle-id-1' class='toggler  activeTitle av-title-above '  itemprop=\"headline\"  role='tab' tabindex='0' aria-controls='toggle-id-1' data-slide-speed=\"200\" data-title=\"Welche Ursachen gibt es f\u00fcr H\u00fcftschmerzen?\" data-title-open=\"\" data-aria_collapsed=\"Click to expand: Welche Ursachen gibt es f\u00fcr H\u00fcftschmerzen?\" data-aria_expanded=\"Click to collapse: Welche Ursachen gibt es f\u00fcr H\u00fcftschmerzen?\">Welche Ursachen gibt es f\u00fcr H\u00fcftschmerzen?<span class=\"toggle_icon\"><span class=\"vert_icon\"><\/span><span class=\"hor_icon\"><\/span><\/span><\/p><div id='toggle-id-1' aria-labelledby='toggle-toggle-id-1' role='region' class='toggle_wrap  active_tc av-title-above' style='display:block;' ><div class='toggle_content invers-color '  itemprop=\"text\" ><p>H\u00fcftschmerzen k\u00f6nnen durch den Abrieb an den Gelenkfl\u00e4chen entstehen. Daneben k\u00f6nnen auch die Muskeln, B\u00e4nder und Nerven, entz\u00fcndete Schleimbeutel oder Erkrankungen an den inneren Organen H\u00fcftschmerzen ausl\u00f6sen. Daher sollte der Betroffene zun\u00e4chst den Hausarzt konsultieren. Best\u00e4tigt sich bei der Untersuchung der Verdacht auf St\u00f6rungen am Bewegungsapparat, wird der Patient an eine orthop\u00e4dische Fachpraxis \u00fcberwiesen. Dort kann mithilfe von bildgebenden Verfahren wie Ultraschall und Magnetresonanztomografie (MRT) eine genaue Diagnose gestellt werden. Abnutzungserscheinungen im H\u00fcftgelenk sind h\u00e4ufig Folgen einer \u00fcberm\u00e4\u00dfigen Belastung beispielsweise durch \u00dcbergewicht oder andauernde Beanspruchungen. Zudem k\u00f6nnen sie von degenerativen Prozessen herr\u00fchren, die sich mit dem \u00c4lterwerden zeigen. Im Allgemeinen k\u00f6nnen H\u00fcftschmerzen in jedem Lebensalter auftreten und betreffen die Geschlechter gleicherma\u00dfen. Um Sp\u00e4tfolgen zu vermeiden, sollte den Ursachen der Schmerzen unbedingt auf den Grund gegangen werden. Das Ignorieren der Schmerzen kann zu Schonhaltungen oder schlimmstenfalls zu chronischen Beschwerden f\u00fchren.<\/p>\n<\/div><\/div><\/div><\/section>\n<section class='av_toggle_section av-249w4-1c87af03b3ac6ea6d2e1bfe64db6085c'  itemscope=\"itemscope\" itemtype=\"https:\/\/schema.org\/CreativeWork\" ><div role=\"tablist\" class=\"single_toggle\" data-tags=\"{Alle} \"  ><p id='toggle-toggle-id-2' data-fake-id='#toggle-id-2' class='toggler  av-title-above '  itemprop=\"headline\"  role='tab' tabindex='0' aria-controls='toggle-id-2' data-slide-speed=\"200\" data-title=\"Welche Symptome sind typisch bei H\u00fcftschmerzen?\" data-title-open=\"\" data-aria_collapsed=\"Click to expand: Welche Symptome sind typisch bei H\u00fcftschmerzen?\" data-aria_expanded=\"Click to collapse: Welche Symptome sind typisch bei H\u00fcftschmerzen?\">Welche Symptome sind typisch bei H\u00fcftschmerzen?<span class=\"toggle_icon\"><span class=\"vert_icon\"><\/span><span class=\"hor_icon\"><\/span><\/span><\/p><div id='toggle-id-2' aria-labelledby='toggle-toggle-id-2' role='region' class='toggle_wrap  av-title-above'  ><div class='toggle_content invers-color '  itemprop=\"text\" ><p>H\u00fcftschmerzen k\u00f6nnen sehr verschiedenartig ausgepr\u00e4gt sein. Der Schmerz kann sich akut und stechend zeigen, langanhaltend sein, sich schleichend verst\u00e4rken oder als reiner Belastungsschmerz \u00e4u\u00dfern. Die Art des Schmerzes verr\u00e4t viel \u00fcber die m\u00f6gliche Ursache. Zudem ist die Beweglichkeit des H\u00fcftgelenks ein wichtiger Faktor zur Eingrenzung der Diagnose. Zeigen sich Bewegungseinschr\u00e4nkungen oder eine Schmerzzunahme, ist eine Vorstellung beim Arzt unumg\u00e4nglich. In manchen F\u00e4llen treten zus\u00e4tzlich R\u00f6tungen und Schwellungen auf. Diese sind zumeist Anzeichen einer Entz\u00fcndung. Bei H\u00fcftschmerzen, die in den Bereich der Leiste ziehen und zus\u00e4tzlich Beschwerden im Bauchraum bringen, k\u00f6nnte die Ursache in einer Erkrankung der inneren Organe liegen. Die \u00fcberm\u00e4\u00dfige Abnutzung der H\u00fcftgelenksfl\u00e4chen wird medizinisch Coxarthrose genannt. Diese Erkrankung f\u00fchrt zu entz\u00fcndlichen Prozessen im Gelenk und ist sehr schmerzhaft. Das Gehen und Stehen bereitet zunehmend Probleme, selbst das Aufstehen nach einer Sitz- oder Ruhephase kann zu Unsicherheiten f\u00fchren. Der gesamte Alltag der Betroffenen wird durch die Erkrankung beeintr\u00e4chtigt. H\u00fcftschmerzen k\u00f6nnen Menschen jeder Altersgruppe treffen, auch junge Menschen. Wenn die beiden Gelenkpartner der H\u00fcfte, die Pfanne und der Kopf nicht genau ineinanderpassen, kann dieses sogenannte H\u00fcft-Impingement Schmerzen verursachen. Diese Erkrankung kann angeboren oder Folge eines Unfalls sein. Das Impingement-Syndrom \u00e4u\u00dfert sich zumeist mit einer Schmerzbildung in Richtung der Leisten mit zus\u00e4tzlich stark ausgepr\u00e4gten Einschr\u00e4nkungen der Gelenkbeweglichkeit.<\/p>\n<\/div><\/div><\/div><\/section>\n<section class='av_toggle_section av-1qgik-718fe339555ebdc6a7281f5f840f0c7d'  itemscope=\"itemscope\" itemtype=\"https:\/\/schema.org\/CreativeWork\" ><div role=\"tablist\" class=\"single_toggle\" data-tags=\"{Alle} \"  ><p id='toggle-toggle-id-3' data-fake-id='#toggle-id-3' class='toggler  av-title-above '  itemprop=\"headline\"  role='tab' tabindex='0' aria-controls='toggle-id-3' data-slide-speed=\"200\" data-title=\"Welche Verletzungen verursachen H\u00fcftschmerzen und welche Diagnosen gibt es?\" data-title-open=\"\" data-aria_collapsed=\"Click to expand: Welche Verletzungen verursachen H\u00fcftschmerzen und welche Diagnosen gibt es?\" data-aria_expanded=\"Click to collapse: Welche Verletzungen verursachen H\u00fcftschmerzen und welche Diagnosen gibt es?\">Welche Verletzungen verursachen H\u00fcftschmerzen und welche Diagnosen gibt es?<span class=\"toggle_icon\"><span class=\"vert_icon\"><\/span><span class=\"hor_icon\"><\/span><\/span><\/p><div id='toggle-id-3' aria-labelledby='toggle-toggle-id-3' role='region' class='toggle_wrap  av-title-above'  ><div class='toggle_content invers-color '  itemprop=\"text\" ><p>F\u00fcr die Diagnose und anschlie\u00dfende Behandlung ist es wichtig, den Schmerz genau lokalisieren und benennen zu k\u00f6nnen: Wo liegt das Schmerzzentrum? Strahlt der Schmerz in andere Bereiche aus oder strahlt er vielleicht nur in die H\u00fcfte ab? Die Unterscheidung ist wichtig, denn Schmerzen in der H\u00fcfte k\u00f6nnen auch Anzeichen f\u00fcr eine Erkrankung der inneren Organe sein. Eine Diagnose ohne \u00e4rztliche Hilfe ist nicht m\u00f6glich. Allerdings k\u00f6nnen die Betroffenen mit einfachen Mitteln die Funktion des H\u00fcftgelenks \u00fcberpr\u00fcfen. Bei leichten Schmerzen kann die Beweglichkeit des Gelenks durch Dehn\u00fcbungen getestet werden. Diese \u00dcbungen geben Aufschluss dar\u00fcber, ob sich die Schmerzen bei bestimmten Bewegungen vermindern oder verst\u00e4rken. In manchen F\u00e4llen sind Reizungen der Sehnenans\u00e4tze oder Verklebungen der Muskeln f\u00fcr die Beschwerden verantwortlich. Diese lassen sich durch die Dehn\u00fcbungen l\u00f6sen. Allerdings sollten sich die Schmerzen beim Ausf\u00fchren der \u00dcbungen im ertr\u00e4glichen Ma\u00df halten. Bei akuten Schmerzen und Risikopatienten ist Vorsicht geboten. Auch Menschen, die bereits \u00fcber ein k\u00fcnstliches H\u00fcftgelenk (Prothese) verf\u00fcgen, sollten besonders aufpassen. Nach einem Sturz kann es zu einer periprothetischen Fraktur kommen, bei der sich die Prothese vom Knochen l\u00f6st oder ausbricht. Diese Form der Fraktur f\u00fchlt sich nicht wie ein normaler Knochenbruch an. Die periprothetische Fraktur kann unbehandelt zu bleibenden Sch\u00e4den an den kn\u00f6chernen Strukturen f\u00fchren! Bei Menschen im h\u00f6heren Lebensalter stehen H\u00fcftschmerzen gelegentlich mit einer Osteoporose-Erkrankung in Verbindung. Hier kommt es zu einem Knochenschwund, weil der Knochen das Kalzium abbaut. H\u00fcftschmerzen bei Osteoporose-Patienten k\u00f6nnen ein Anzeichen f\u00fcr Haarrisse im Oberschenkelknochen sein. Unbehandelt k\u00f6nnen diese feinen Risse selbst bei kleinen Belastungen wie beispielsweise beim Aufstehen vom Stuhl zu Knochenbr\u00fcchen f\u00fchren. H\u00fcftschmerzen bei jungen Menschen werden in der Regel durch angeborene Fehlstellungen im H\u00fcftgelenk oder durch einen Unfall verursacht. Grunds\u00e4tzlich hat die Ern\u00e4hrung Einfluss auf den Erhalt der Gelenkgesundheit, indem zum Beispiel \u00dcbergewicht vermieden wird.<\/p>\n<\/div><\/div><\/div><\/section>\n<section class='av_toggle_section av-14kbk-f203d41a5a9c54ba54d876a0158e6ca0'  itemscope=\"itemscope\" itemtype=\"https:\/\/schema.org\/CreativeWork\" ><div role=\"tablist\" class=\"single_toggle\" data-tags=\"{Alle} \"  ><p id='toggle-toggle-id-4' data-fake-id='#toggle-id-4' class='toggler  av-title-above '  itemprop=\"headline\"  role='tab' tabindex='0' aria-controls='toggle-id-4' data-slide-speed=\"200\" data-title=\"Welche Therapien gibt es bei H\u00fcftschmerzen?\" data-title-open=\"\" data-aria_collapsed=\"Click to expand: Welche Therapien gibt es bei H\u00fcftschmerzen?\" data-aria_expanded=\"Click to collapse: Welche Therapien gibt es bei H\u00fcftschmerzen?\">Welche Therapien gibt es bei H\u00fcftschmerzen?<span class=\"toggle_icon\"><span class=\"vert_icon\"><\/span><span class=\"hor_icon\"><\/span><\/span><\/p><div id='toggle-id-4' aria-labelledby='toggle-toggle-id-4' role='region' class='toggle_wrap  av-title-above'  ><div class='toggle_content invers-color '  itemprop=\"text\" ><p>In den Industrienationen geh\u00f6ren Eingriffe an der H\u00fcfte zu den am h\u00e4ufigsten durchgef\u00fchrten Operationen. Bei Menschen mit Osteoporose oder Arthrose im fortgeschrittenen Stadium ist oftmals eine gelenkersetzende Operation notwendig. Bei der sogenannten Totalendoprothese (TEP) werden beide Gelenkpartner durch eine Prothese ersetzt. Das macht Sinn, wenn beide Gelenkfl\u00e4chen starke Abnutzungserscheinungen haben. Kein Gelenk wird so oft durch eine Prothese ersetzt, wie das H\u00fcftgelenk. Die Haltbarkeit der TEP betr\u00e4gt mittlerweile 20 Jahre und mehr. Sollte die TEP einmal ausgetauscht werden m\u00fcssen, erfolgt das im Rahmen der sogenannten Wechsel-Operation H\u00fcftgelenk. Neben der operativen Therapie gibt es viele Ma\u00dfnahmen aus dem konservativen Bereich, die bei H\u00fcftschmerzen Linderung bringen. An erster Stelle sind hier die Physiotherapie und die physikalischen Therapien zu nennen. Die krankengymnastischen \u00dcbungen stellen die Beweglichkeit des Gelenks wieder her und unterst\u00fctzen den Muskelaufbau. Physikalische Therapieformen wie Ultraschall und Elektrotherapie unterst\u00fctzen den Heilungsprozess und lindern die Schmerzen. Besonders die Ultraschalltherapie erzielt sehr gute Ergebnisse bei der Behandlung von Verklebungen und Verkalkungen. Den meisten Menschen ist das Ultraschallverfahren nur als bildgebendes Mittel bei der Untersuchung bekannt. Therapeutisch verwendet handelt es sich bei der Therapie lediglich um die Ultraschallwellen, die tief in das Gewebe hineinvibrieren und den Stoffwechsel an den betroffenen Stellen zu einem Heilungsprozess anregen. Auch Narbengewebe wird h\u00e4ufig mit Ultraschallwellen behandelt. Die heute verwendeten Prothesen sind technisch auf einem sehr hohen Stand und sehr langlebig. Viele Menschen mit einem k\u00fcnstlichen H\u00fcftgelenk versp\u00fcren keinerlei Einschr\u00e4nkungen und k\u00f6nnen sogar wieder einen Marathon laufen. Letzteres trifft wahrscheinlich nur auf einen kleinen Teil der Betroffenen zu, zeigt aber, dass der Eingriff in der Regel die Lebensqualit\u00e4t komplett wiederherstellt. Zudem geh\u00f6rt der Eingriff aufgrund der H\u00e4ufigkeit zu den Routineoperationen.<\/p>\n<\/div><\/div><\/div><\/section>\n<\/div>\n<\/p>\n","protected":false},"excerpt":{"rendered":"","protected":false},"author":1,"featured_media":0,"parent":0,"menu_order":0,"comment_status":"closed","ping_status":"closed","template":"","meta":{"footnotes":""},"class_list":["post-76","page","type-page","status-publish","hentry"],"yoast_head":"<!-- This site is optimized with the Yoast SEO plugin v27.3 - https:\/\/yoast.com\/product\/yoast-seo-wordpress\/ -->\n<title>H\u00fcftschmerzen - MVZ Braunfels<\/title>\n<meta name=\"description\" content=\"H\u00fcftschmerzen behandeln in Braunfels: Experten-Hilfe bei Coxarthrose, H\u00fcft-Impingement &amp; Prothesenwechsel. Wir bieten modernste Diagnostik &amp; Therapie. Mehr lesen.\" \/>\n<meta name=\"robots\" content=\"index, follow, max-snippet:-1, max-image-preview:large, max-video-preview:-1\" \/>\n<link rel=\"canonical\" href=\"https:\/\/atos-mvz.de\/hueftschmerzen\/\" \/>\n<meta property=\"og:locale\" content=\"de_DE\" \/>\n<meta property=\"og:type\" content=\"article\" \/>\n<meta property=\"og:title\" content=\"H\u00fcftschmerzen - MVZ Braunfels\" \/>\n<meta property=\"og:description\" content=\"H\u00fcftschmerzen behandeln in Braunfels: Experten-Hilfe bei Coxarthrose, H\u00fcft-Impingement &amp; Prothesenwechsel. Wir bieten modernste Diagnostik &amp; Therapie. Mehr lesen.\" \/>\n<meta property=\"og:url\" content=\"https:\/\/atos-mvz.de\/hueftschmerzen\/\" \/>\n<meta property=\"og:site_name\" content=\"MVZ Braunfels\" \/>\n<meta property=\"article:modified_time\" content=\"2026-01-14T08:41:48+00:00\" \/>\n<meta name=\"twitter:card\" content=\"summary_large_image\" \/>\n<script type=\"application\/ld+json\" class=\"yoast-schema-graph\">{\"@context\":\"https:\\\/\\\/schema.org\",\"@graph\":[{\"@type\":\"WebPage\",\"@id\":\"https:\\\/\\\/atos-mvz.de\\\/braunfels\\\/hueftschmerzen\\\/\",\"url\":\"https:\\\/\\\/atos-mvz.de\\\/hueftschmerzen\\\/\",\"name\":\"H\u00fcftschmerzen - MVZ Braunfels\",\"isPartOf\":{\"@id\":\"https:\\\/\\\/atos-mvz.de\\\/braunfels\\\/#website\"},\"datePublished\":\"2021-02-02T08:25:55+00:00\",\"dateModified\":\"2026-01-14T08:41:48+00:00\",\"description\":\"H\u00fcftschmerzen behandeln in Braunfels: Experten-Hilfe bei Coxarthrose, H\u00fcft-Impingement & Prothesenwechsel. Wir bieten modernste Diagnostik & Therapie. Mehr lesen.\",\"breadcrumb\":{\"@id\":\"https:\\\/\\\/atos-mvz.de\\\/hueftschmerzen\\\/#breadcrumb\"},\"inLanguage\":\"de\",\"potentialAction\":[{\"@type\":\"ReadAction\",\"target\":[\"https:\\\/\\\/atos-mvz.de\\\/hueftschmerzen\\\/\"]}]},{\"@type\":\"BreadcrumbList\",\"@id\":\"https:\\\/\\\/atos-mvz.de\\\/hueftschmerzen\\\/#breadcrumb\",\"itemListElement\":[{\"@type\":\"ListItem\",\"position\":1,\"name\":\"Startseite\",\"item\":\"https:\\\/\\\/atos-mvz.de\\\/braunfels\\\/startseite\\\/\"},{\"@type\":\"ListItem\",\"position\":2,\"name\":\"H\u00fcftschmerzen\"}]},{\"@type\":\"WebSite\",\"@id\":\"https:\\\/\\\/atos-mvz.de\\\/braunfels\\\/#website\",\"url\":\"https:\\\/\\\/atos-mvz.de\\\/braunfels\\\/\",\"name\":\"MVZ Braunfels\",\"description\":\"\",\"potentialAction\":[{\"@type\":\"SearchAction\",\"target\":{\"@type\":\"EntryPoint\",\"urlTemplate\":\"https:\\\/\\\/atos-mvz.de\\\/braunfels\\\/?s={search_term_string}\"},\"query-input\":{\"@type\":\"PropertyValueSpecification\",\"valueRequired\":true,\"valueName\":\"search_term_string\"}}],\"inLanguage\":\"de\"}]}<\/script>\n<!-- \/ Yoast SEO plugin. -->","yoast_head_json":{"title":"H\u00fcftschmerzen - MVZ Braunfels","description":"H\u00fcftschmerzen behandeln in Braunfels: Experten-Hilfe bei Coxarthrose, H\u00fcft-Impingement & Prothesenwechsel. Wir bieten modernste Diagnostik & Therapie. Mehr lesen.","robots":{"index":"index","follow":"follow","max-snippet":"max-snippet:-1","max-image-preview":"max-image-preview:large","max-video-preview":"max-video-preview:-1"},"canonical":"https:\/\/atos-mvz.de\/hueftschmerzen\/","og_locale":"de_DE","og_type":"article","og_title":"H\u00fcftschmerzen - MVZ Braunfels","og_description":"H\u00fcftschmerzen behandeln in Braunfels: Experten-Hilfe bei Coxarthrose, H\u00fcft-Impingement & Prothesenwechsel. Wir bieten modernste Diagnostik & Therapie. Mehr lesen.","og_url":"https:\/\/atos-mvz.de\/hueftschmerzen\/","og_site_name":"MVZ Braunfels","article_modified_time":"2026-01-14T08:41:48+00:00","twitter_card":"summary_large_image","schema":{"@context":"https:\/\/schema.org","@graph":[{"@type":"WebPage","@id":"https:\/\/atos-mvz.de\/braunfels\/hueftschmerzen\/","url":"https:\/\/atos-mvz.de\/hueftschmerzen\/","name":"H\u00fcftschmerzen - MVZ Braunfels","isPartOf":{"@id":"https:\/\/atos-mvz.de\/braunfels\/#website"},"datePublished":"2021-02-02T08:25:55+00:00","dateModified":"2026-01-14T08:41:48+00:00","description":"H\u00fcftschmerzen behandeln in Braunfels: Experten-Hilfe bei Coxarthrose, H\u00fcft-Impingement & Prothesenwechsel. Wir bieten modernste Diagnostik & Therapie. Mehr lesen.","breadcrumb":{"@id":"https:\/\/atos-mvz.de\/hueftschmerzen\/#breadcrumb"},"inLanguage":"de","potentialAction":[{"@type":"ReadAction","target":["https:\/\/atos-mvz.de\/hueftschmerzen\/"]}]},{"@type":"BreadcrumbList","@id":"https:\/\/atos-mvz.de\/hueftschmerzen\/#breadcrumb","itemListElement":[{"@type":"ListItem","position":1,"name":"Startseite","item":"https:\/\/atos-mvz.de\/braunfels\/startseite\/"},{"@type":"ListItem","position":2,"name":"H\u00fcftschmerzen"}]},{"@type":"WebSite","@id":"https:\/\/atos-mvz.de\/braunfels\/#website","url":"https:\/\/atos-mvz.de\/braunfels\/","name":"MVZ Braunfels","description":"","potentialAction":[{"@type":"SearchAction","target":{"@type":"EntryPoint","urlTemplate":"https:\/\/atos-mvz.de\/braunfels\/?s={search_term_string}"},"query-input":{"@type":"PropertyValueSpecification","valueRequired":true,"valueName":"search_term_string"}}],"inLanguage":"de"}]}},"_links":{"self":[{"href":"https:\/\/atos-mvz.de\/braunfels\/wp-json\/wp\/v2\/pages\/76","targetHints":{"allow":["GET"]}}],"collection":[{"href":"https:\/\/atos-mvz.de\/braunfels\/wp-json\/wp\/v2\/pages"}],"about":[{"href":"https:\/\/atos-mvz.de\/braunfels\/wp-json\/wp\/v2\/types\/page"}],"author":[{"embeddable":true,"href":"https:\/\/atos-mvz.de\/braunfels\/wp-json\/wp\/v2\/users\/1"}],"replies":[{"embeddable":true,"href":"https:\/\/atos-mvz.de\/braunfels\/wp-json\/wp\/v2\/comments?post=76"}],"version-history":[{"count":3,"href":"https:\/\/atos-mvz.de\/braunfels\/wp-json\/wp\/v2\/pages\/76\/revisions"}],"predecessor-version":[{"id":682,"href":"https:\/\/atos-mvz.de\/braunfels\/wp-json\/wp\/v2\/pages\/76\/revisions\/682"}],"wp:attachment":[{"href":"https:\/\/atos-mvz.de\/braunfels\/wp-json\/wp\/v2\/media?parent=76"}],"curies":[{"name":"wp","href":"https:\/\/api.w.org\/{rel}","templated":true}]}}