{"id":72,"date":"2021-02-02T09:23:15","date_gmt":"2021-02-02T08:23:15","guid":{"rendered":"https:\/\/atos-mvz.de\/braunfels\/?page_id=72"},"modified":"2026-01-14T09:35:41","modified_gmt":"2026-01-14T08:35:41","slug":"schulterschmerzen","status":"publish","type":"page","link":"https:\/\/atos-mvz.de\/braunfels\/schulterschmerzen\/","title":{"rendered":"Schulterschmerzen"},"content":{"rendered":"\n<style type=\"text\/css\" data-created_by=\"avia_inline_auto\" id=\"style-css-av-kkmrirzt-e53039717cb0763b57ad8e463d409c34\">\n.avia-section.av-kkmrirzt-e53039717cb0763b57ad8e463d409c34{\nbackground-repeat:no-repeat;\nbackground-image:url(https:\/\/atos-mvz.de\/braunfels\/wp-content\/uploads\/sites\/4\/2024\/02\/schulter-ellenbogen_1920x550.jpg);\nbackground-position:50% 50%;\nbackground-attachment:scroll;\n}\n.avia-section.av-kkmrirzt-e53039717cb0763b57ad8e463d409c34 .av-extra-border-element .av-extra-border-inner{\nbackground-color:#ffffff;\n}\n<\/style>\n<div id='header-img'  class='avia-section av-kkmrirzt-e53039717cb0763b57ad8e463d409c34 main_color avia-section-huge avia-no-border-styling  avia-builder-el-0  el_before_av_section  avia-builder-el-first  largeimg avia-full-stretch avia-bg-style-scroll container_wrap fullsize'  data-section-bg-repeat='stretch'><div class='container av-section-cont-open' ><main  role=\"main\" itemprop=\"mainContentOfPage\"  class='template-page content  av-content-full alpha units'><div class='post-entry post-entry-type-page post-entry-72'><div class='entry-content-wrapper clearfix'>\n<\/div><\/div><\/main><!-- close content main element --><\/div><div class='av-extra-border-element border-extra-diagonal border-extra-diagonal-inverse '><div class='av-extra-border-outer'><div class='av-extra-border-inner'><\/div><\/div><\/div><\/div>\n<style type=\"text\/css\" data-created_by=\"avia_inline_auto\" id=\"style-css-av-kkmrj8tn-d923b090cf2daa2b65e0894307b5ea7b\">\n.avia-section.av-kkmrj8tn-d923b090cf2daa2b65e0894307b5ea7b .av-extra-border-element .av-extra-border-inner{\nbackground-color:#ffffff;\n}\n<\/style>\n<div id='first-section'  class='avia-section av-kkmrj8tn-d923b090cf2daa2b65e0894307b5ea7b main_color avia-section-large avia-no-border-styling  avia-builder-el-1  el_after_av_section  el_before_av_section  avia-bg-style-scroll container_wrap fullsize'  ><div class='container av-section-cont-open' ><div class='template-page content  av-content-full alpha units'><div class='post-entry post-entry-type-page post-entry-72'><div class='entry-content-wrapper clearfix'>\n\n<style type=\"text\/css\" data-created_by=\"avia_inline_auto\" id=\"style-css-av-kkmroto9-388bfc9fb9cd3e259f78f3de3edff822\">\n.flex_column.av-kkmroto9-388bfc9fb9cd3e259f78f3de3edff822{\nborder-radius:0px 0px 0px 0px;\npadding:0px 0px 0px 0px;\n}\n<\/style>\n<div  class='flex_column av-kkmroto9-388bfc9fb9cd3e259f78f3de3edff822 av_one_half  avia-builder-el-2  el_before_av_one_half  avia-builder-el-first  first flex_column_div av-zero-column-padding  '     ><section  class='av_textblock_section av-kkmrkw8d-957a3634b14b6f5cf60bf01a68f33389 '   itemscope=\"itemscope\" itemtype=\"https:\/\/schema.org\/CreativeWork\" ><div class='avia_textblock'  itemprop=\"text\" ><h3>Krankheitsbild<\/h3>\n<h1><strong>Schulterschmerzen<\/strong><\/h1>\n<\/div><\/section><br \/>\n<section  class='av_textblock_section av-kkmrl8qi-074305d7797a98b618753b8ff773b01c '   itemscope=\"itemscope\" itemtype=\"https:\/\/schema.org\/CreativeWork\" ><div class='avia_textblock'  itemprop=\"text\" ><h3><strong>Gr\u00fcnde, Ursachen, Behandlungsformen<\/strong><\/h3>\n<p>Die Schulter ist sehr komplex aufgebaut und geh\u00f6rt damit zu den ausgekl\u00fcgelten Gelenken im menschlichen K\u00f6rper. Die hohe Komplexit\u00e4t macht die Schulter allerdings anf\u00e4llig f\u00fcr eine Vielzahl von unterschiedlichen Schulterschmerzen. Dabei k\u00f6nnen Beschwerden in jeder Altersstufe auftreten und betreffen die Geschlechter gleicherma\u00dfen. Die Schulter wird strenggenommen von mehreren Gelenken gebildet.<\/p>\n<\/div><\/section><\/p><\/div>\n<style type=\"text\/css\" data-created_by=\"avia_inline_auto\" id=\"style-css-av-kkmrk88j-2da39a8355d764fac208ce91ec1390d5\">\n@keyframes av_boxShadowEffect_av-kkmrk88j-2da39a8355d764fac208ce91ec1390d5-column {\n0%   { box-shadow:  0 0 0 0 #e0e0e0; opacity: 1; }\n100% { box-shadow:  0 0 30px 0 #e0e0e0; opacity: 1; }\n}\n.flex_column.av-kkmrk88j-2da39a8355d764fac208ce91ec1390d5{\nbox-shadow: 0 0 30px 0 #e0e0e0;\nborder-radius:20px 20px 20px 20px;\npadding:50px 50px 50px 50px;\nbackground-color:#ffffff;\n}\n<\/style>\n<div  class='flex_column av-kkmrk88j-2da39a8355d764fac208ce91ec1390d5 av_one_half  avia-builder-el-5  el_after_av_one_half  el_before_av_hr  box-right flex_column_div shadow-not-animated  '     ><style type=\"text\/css\" data-created_by=\"avia_inline_auto\" id=\"style-css-av-kkmrjkhu-79d6af7ae7f5183e69c766aa1bb64826\">\n.avia-image-container.av-kkmrjkhu-79d6af7ae7f5183e69c766aa1bb64826 img.avia_image{\nbox-shadow:none;\n}\n.avia-image-container.av-kkmrjkhu-79d6af7ae7f5183e69c766aa1bb64826 .av-image-caption-overlay-center{\ncolor:#ffffff;\n}\n<\/style>\n<div  class='avia-image-container av-kkmrjkhu-79d6af7ae7f5183e69c766aa1bb64826 av-styling-no-styling avia-align-  avia-builder-el-6  avia-builder-el-no-sibling '   itemprop=\"image\" itemscope=\"itemscope\" itemtype=\"https:\/\/schema.org\/ImageObject\" ><div class=\"avia-image-container-inner\"><div class=\"avia-image-overlay-wrap\"><img decoding=\"async\" fetchpriority=\"high\" class='wp-image-58 avia-img-lazy-loading-not-58 avia_image ' src=\"https:\/\/atos-mvz.de\/braunfels\/wp-content\/uploads\/sites\/4\/2021\/02\/Schulter_ATOS_1920x550_neu2-495x400-1.jpg\" alt='' title=''  height=\"400\" width=\"495\"  itemprop=\"thumbnailUrl\" srcset=\"https:\/\/atos-mvz.de\/braunfels\/wp-content\/uploads\/sites\/4\/2021\/02\/Schulter_ATOS_1920x550_neu2-495x400-1.jpg 495w, https:\/\/atos-mvz.de\/braunfels\/wp-content\/uploads\/sites\/4\/2021\/02\/Schulter_ATOS_1920x550_neu2-495x400-1-300x242.jpg 300w\" sizes=\"(max-width: 495px) 100vw, 495px\" \/><\/div><\/div><\/div><\/div>\n<style type=\"text\/css\" data-created_by=\"avia_inline_auto\" id=\"style-css-av-kkmrhikk-763cb42606d1b0ba9a6deef754503cd2\">\n#top .hr.hr-invisible.av-kkmrhikk-763cb42606d1b0ba9a6deef754503cd2{\nheight:200px;\n}\n<\/style>\n<div  class='hr av-kkmrhikk-763cb42606d1b0ba9a6deef754503cd2 hr-invisible  avia-builder-el-7  el_after_av_one_half  avia-builder-el-last '><span class='hr-inner '><span class=\"hr-inner-style\"><\/span><\/span><\/div>\n<\/div><\/div><\/div><!-- close content main div --><\/div><div class='av-extra-border-element border-extra-diagonal border-extra-diagonal-inverse '><div class='av-extra-border-outer'><div class='av-extra-border-inner'><\/div><\/div><\/div><\/div><div id='second-section'  class='avia-section av-kkmrofnn-ea5e4d8576e139e1b0272b978b11d112 main_color avia-section-default avia-no-border-styling  avia-builder-el-8  el_after_av_section  avia-builder-el-last  avia-bg-style-scroll container_wrap fullsize'  ><div class='container av-section-cont-open' ><div class='template-page content  av-content-full alpha units'><div class='post-entry post-entry-type-page post-entry-72'><div class='entry-content-wrapper clearfix'>\n\n<style type=\"text\/css\" data-created_by=\"avia_inline_auto\" id=\"style-css-av-kkmro5f5-a91356db0a17735e69d7c73bbe6646df\">\n#top .togglecontainer.av-kkmro5f5-a91356db0a17735e69d7c73bbe6646df p.toggler{\nbackground-color:#ffffff;\n}\n#top .togglecontainer.av-kkmro5f5-a91356db0a17735e69d7c73bbe6646df .toggle_wrap .toggle_content{\nbackground-color:#ffffff;\n}\n<\/style>\n<div  class='togglecontainer av-kkmro5f5-a91356db0a17735e69d7c73bbe6646df av-minimal-toggle  avia-builder-el-9  avia-builder-el-no-sibling  toggle_close_all' >\n<section class='av_toggle_section av-2n54s-e63bab18d8333fb87068d19690a4e86d'  itemscope=\"itemscope\" itemtype=\"https:\/\/schema.org\/CreativeWork\" ><div role=\"tablist\" class=\"single_toggle\" data-tags=\"{Alle} \"  ><p id='toggle-toggle-id-1' data-fake-id='#toggle-id-1' class='toggler  activeTitle av-title-above '  itemprop=\"headline\"  role='tab' tabindex='0' aria-controls='toggle-id-1' data-slide-speed=\"200\" data-title=\"Welche Ursachen sind f\u00fcr Schulterschmerzen verantwortlich?\" data-title-open=\"\" data-aria_collapsed=\"Click to expand: Welche Ursachen sind f\u00fcr Schulterschmerzen verantwortlich?\" data-aria_expanded=\"Click to collapse: Welche Ursachen sind f\u00fcr Schulterschmerzen verantwortlich?\">Welche Ursachen sind f\u00fcr Schulterschmerzen verantwortlich?<span class=\"toggle_icon\"><span class=\"vert_icon\"><\/span><span class=\"hor_icon\"><\/span><\/span><\/p><div id='toggle-id-1' aria-labelledby='toggle-toggle-id-1' role='region' class='toggle_wrap  active_tc av-title-above' style='display:block;' ><div class='toggle_content invers-color '  itemprop=\"text\" ><p>Schmerzen in der Schulter k\u00f6nnen durch einen Unfall oder degenerative Prozesse bedingt sein. Degenerativ bedeutet, dass es \u00fcber den altersbedingten Verschlei\u00df hinaus Abnutzungserscheinungen gibt. Sportler sind besonders h\u00e4ufig von Schulterbeschwerden betroffen. Diese k\u00f6nnen zudem in Zusammenhang mit einer anderen Grunderkrankung stehen. Dabei strahlen Schmerzen aus umliegenden Strukturen in den Schulterbereich ab. Bereits leichte Verspannungen der Muskeln k\u00f6nnen zu starken Beeintr\u00e4chtigungen f\u00fchren, insbesondere dann, wenn eine Vorerkrankung vorliegt. In der Folge von St\u00fcrzen und Unf\u00e4llen \u2013 vor allem bei Fahrradunf\u00e4llen \u2013 sind Ausrenkungen, Sehnenrisse und weitere Verletzungen an der Schulter keine Seltenheit. Eine umgehende \u00e4rztliche Abkl\u00e4rung ist erforderlich, damit es nicht zu bleibenden Sch\u00e4den kommt. Die Schulterausrenkung wird fachsprachlich als Schultergelenkluxation oder Schulterluxation bezeichnet. Nicht nur Unf\u00e4lle k\u00f6nnen eine Luxation der Schulter ausl\u00f6sen, auch die genetische Veranlagung kann eine Rolle spielen. Manche Menschen leiden per se an einer Instabilit\u00e4t der Schulter. Ein gesunder Lebensstil mit einer ausgewogenen Ern\u00e4hrung kommt auch der Gesundheit der Schultergelenke zugute. Im Gegensatz zu anderen Gelenken ist ein eventuell vorhandenes \u00dcbergewicht bei Schulterbeschwerden ein untergeordneter Faktor.<\/p>\n<\/div><\/div><\/div><\/section>\n<section class='av_toggle_section av-6nbw-56f73d0f1d6cc9a8f09fe320ebbaa0cd'  itemscope=\"itemscope\" itemtype=\"https:\/\/schema.org\/CreativeWork\" ><div role=\"tablist\" class=\"single_toggle\" data-tags=\"{Alle} \"  ><p id='toggle-toggle-id-2' data-fake-id='#toggle-id-2' class='toggler  av-title-above '  itemprop=\"headline\"  role='tab' tabindex='0' aria-controls='toggle-id-2' data-slide-speed=\"200\" data-title=\"Welche Symptome sind typisch f\u00fcr Schulterschmerzen?\" data-title-open=\"\" data-aria_collapsed=\"Click to expand: Welche Symptome sind typisch f\u00fcr Schulterschmerzen?\" data-aria_expanded=\"Click to collapse: Welche Symptome sind typisch f\u00fcr Schulterschmerzen?\">Welche Symptome sind typisch f\u00fcr Schulterschmerzen?<span class=\"toggle_icon\"><span class=\"vert_icon\"><\/span><span class=\"hor_icon\"><\/span><\/span><\/p><div id='toggle-id-2' aria-labelledby='toggle-toggle-id-2' role='region' class='toggle_wrap  av-title-above'  ><div class='toggle_content invers-color '  itemprop=\"text\" ><p>Die vorhandenen Symptome geben Aufschluss \u00fcber die Ursache der Schulterschmerzen. Beschwerden k\u00f6nnen sich langsam und schleichend entwickeln oder akut beispielsweise infolge eines Unfalls auftreten. Beeintr\u00e4chtigungen der Schulterbeweglichkeit sind immer ein wichtiges Indiz. Bei vollst\u00e4ndig erhaltener Beweglichkeit des Schultergelenks k\u00f6nnen die Schmerzen konservativ behandelt werden. Oftmals reicht eine \u00c4nderung des Lebensstils aus. Schwellungen und Bluterg\u00fcsse nach einem Unfall geben Hinweise auf die Art der Erkrankung. Hilfreich f\u00fcr die Diagnose und die nachfolgende Behandlung kann das F\u00fchren eines Schmerztagebuches sein. Darin wird festgehalten, zu welcher Tages- und Nachtzeit die Schmerzen auftreten und wie ausgepr\u00e4gt sie sind. Stehen sie beispielsweise mit einer Belastung in Zusammenhang oder zeigen sie sich in Ruhephasen? Andauernde oder pl\u00f6tzlich auftretende starke Schmerzen sollten immer \u00e4rztlich abgekl\u00e4rt werden. In den Kliniken ist die Unfallchirurgie rund um die Uhr besetzt. Die Behandlung von Schulterverletzungen geh\u00f6rt dort zur Routine. Bei entz\u00fcndlichen Prozessen im Schultergelenk sollte eine orthop\u00e4dische Praxis aufgesucht werden. Die Entz\u00fcndung macht sich durch eine lokal wahrnehmbare Erw\u00e4rmung bemerkbar, zudem kommt es h\u00e4ufig zu Fl\u00fcssigkeitsansammlungen im Gelenk. Diese f\u00fchren dazu, dass die Beweglichkeit des Arms eingeschr\u00e4nkt ist. Fieber und Schmerzbildung in weiteren Gelenken k\u00f6nnen Hinweise auf Infektionen und Autoimmunerkrankungen sein. Auch hier sollte ein Arzt konsultiert werden.<\/p>\n<\/div><\/div><\/div><\/section>\n<section class='av_toggle_section av-1eoto-2a9e2e31b31f6f77830fb81fd6d63fbb'  itemscope=\"itemscope\" itemtype=\"https:\/\/schema.org\/CreativeWork\" ><div role=\"tablist\" class=\"single_toggle\" data-tags=\"{Alle} \"  ><p id='toggle-toggle-id-3' data-fake-id='#toggle-id-3' class='toggler  av-title-above '  itemprop=\"headline\"  role='tab' tabindex='0' aria-controls='toggle-id-3' data-slide-speed=\"200\" data-title=\"Welche Verletzungen verbergen sich hinter Schulterschmerzen und welche Diagnosen gibt es?\" data-title-open=\"\" data-aria_collapsed=\"Click to expand: Welche Verletzungen verbergen sich hinter Schulterschmerzen und welche Diagnosen gibt es?\" data-aria_expanded=\"Click to collapse: Welche Verletzungen verbergen sich hinter Schulterschmerzen und welche Diagnosen gibt es?\">Welche Verletzungen verbergen sich hinter Schulterschmerzen und welche Diagnosen gibt es?<span class=\"toggle_icon\"><span class=\"vert_icon\"><\/span><span class=\"hor_icon\"><\/span><\/span><\/p><div id='toggle-id-3' aria-labelledby='toggle-toggle-id-3' role='region' class='toggle_wrap  av-title-above'  ><div class='toggle_content invers-color '  itemprop=\"text\" ><p>Weit verbreitet und vom Laien nur selten erkannt, verbirgt sich hinter Schulterschmerzen das sogenannte Impingement-Syndrom. Diese Erkrankung tr\u00e4gt auch den Namen Schulterengpasssyndrom. Mit dieser Bezeichnung wird das Leiden nahezu bildhaft dargestellt, denn sie gibt zu verstehen, dass es unter dem Schulterdach zu eng geworden ist. Es kommt zu einer Reizung der unter dem Dach liegenden Schleimbeutel und Sehnen. Die Schmerzen zeigen sich schleichend und zun\u00e4chst nur unter Belastung. Bei Verdacht auf das Impingement-Syndrom kann die Diagnose durch ein MRT (Magnetresonanztomografie) abgesichert werden. Eine der h\u00e4ufigsten Erkrankungen am Schultergelenk ist die Rotatorenmanschettenruptur. Dabei handelt es sich um einen oder mehrere Risse im Bewegungsapparat des Schultergelenks. Die Rototorenmanschette erm\u00f6glicht die vielf\u00e4ltigen Drehbewegungen der Schulter. Ein Riss der Sehnen oder Muskeln im Bewegungsapparat schr\u00e4nkt die Funktionalit\u00e4t des Gelenks stark ein. Zudem kommt es zu einer Schmerzbildung bereits bei allt\u00e4glichen Bewegungen wie Haare b\u00fcrsten oder Taschen tragen. Aufgrund der \u00e4hnlichen Symptome wird die Rotatorenmanschettenruptur gelegentlich mit der Kalkschulter verwechselt. Hier kommt es durch minimale Verletzungen zu Kalkablagerungen an den Sehnen. Die Behandlung der beiden Krankheitsbilder ist verschieden. Die Impingement-Erkrankung und auch die Kalkschulter gelten als altersbedingte Erscheinungen und sind zudem stark belastungsabh\u00e4ngig. Degenerative Prozesse k\u00f6nnen au\u00dferdem zu Abnutzungserscheinungen an den Gelenkknorpeln f\u00fchren. Infolge verschm\u00e4lert sich der Gelenkspalt zwischen den Gelenkpartnern so stark, dass die Gelenkfl\u00e4chen gegeneinander reiben. Es kommt zu Entz\u00fcndungen, die wiederum Schmerzen hervorrufen. Schulterschmerzen k\u00f6nnen vielf\u00e4ltige Ursachen haben. Eine sichere Diagnose kann ausschlie\u00dflich von Experten gestellt werden.<\/p>\n<\/div><\/div><\/div><\/section>\n<section class='av_toggle_section av-157b8-ccbce7d3f2d40b79d4409905bee5bc36'  itemscope=\"itemscope\" itemtype=\"https:\/\/schema.org\/CreativeWork\" ><div role=\"tablist\" class=\"single_toggle\" data-tags=\"{Alle} \"  ><p id='toggle-toggle-id-4' data-fake-id='#toggle-id-4' class='toggler  av-title-above '  itemprop=\"headline\"  role='tab' tabindex='0' aria-controls='toggle-id-4' data-slide-speed=\"200\" data-title=\"Welche Therapie gibt es bei Schulterschmerzen?\" data-title-open=\"\" data-aria_collapsed=\"Click to expand: Welche Therapie gibt es bei Schulterschmerzen?\" data-aria_expanded=\"Click to collapse: Welche Therapie gibt es bei Schulterschmerzen?\">Welche Therapie gibt es bei Schulterschmerzen?<span class=\"toggle_icon\"><span class=\"vert_icon\"><\/span><span class=\"hor_icon\"><\/span><\/span><\/p><div id='toggle-id-4' aria-labelledby='toggle-toggle-id-4' role='region' class='toggle_wrap  av-title-above'  ><div class='toggle_content invers-color '  itemprop=\"text\" ><p>Die vielen Auspr\u00e4gungen von Schulterschmerzen machen auch eine Vielzahl an Therapien erforderlich. Aus einer genauen Diagnose l\u00e4sst sich die passende Therapie individuell ableiten. Leichte Schulterbeschwerden werden zumeist mit schmerzstillenden und entz\u00fcndungshemmenden Medikamenten behandelt. Der Heilungsprozess wird durch krankengymnastische \u00dcbungen unterst\u00fctzt. Instabilit\u00e4ten des Gelenks k\u00f6nnen durch eine gut trainierte Muskulatur aufgefangen werden. Im Bereich der Schulter gibt es au\u00dfer dem Schultergelenk keine weiteren Knochen, die die Schulter entlasten k\u00f6nnen. Daher ist das Training des Bewegungsapparats von gro\u00dfer Bedeutung. Leistungsorientiertes Sporttraining und stark die Schulter belastende Sportarten wie Badminton, Handball oder Basketball sollten zun\u00e4chst pausieren. Generelle Vorgaben k\u00f6nnen nicht getroffen werden, sondern die erforderlichen Ma\u00dfnahmen m\u00fcssen auf jeden Einzelfall angestimmt werden. Beispielsweise ist nicht bei jeder Ruptur eine operative Korrektur erforderlich obgleich m\u00f6glich. Die Ma\u00dfnahme einer gelenkersetzenden Operation ist im Schulterbereich nicht verbreitet. Sie wird zumeist nur durchgef\u00fchrt, wenn das Gelenk durch einen Unfall sehr stark in Mitleidenschaft gezogen wurde. Die Operation kann den teilweisen Ersatz eines Gelenkpartners umfassen oder eine TEP (Totalendoprothese) bedeuten. Anders als bei Operationen an Knie- und H\u00fcftgelenken geh\u00f6rt der gelenkersetzende Eingriff an der Schulter nicht zu den Routine-OPs. Erst wenn konservative Therapien nicht oder nur unzureichend greifen, wird von den behandelnden \u00c4rzten eine Operation in Erw\u00e4gung gezogen. Zu den konservativen Ma\u00dfnahmen z\u00e4hlen neben der Krankengymnastik physikalische Therapien mit Reizstrom, W\u00e4rme- und K\u00e4lteanwendungen und Ultraschall. Sie werden eingesetzt, um die Schmerzen zu lindern und den Heilungsprozess zu beschleunigen. Bei der Kalkschulter hat sich beispielsweise die Elektrotherapie in Form der Sto\u00dfwellenbehandlung bew\u00e4hrt. Erg\u00e4nzend kommen schmerzstillende und entz\u00fcndungshemmende Cremes, Salben und Medikamente zum Einsatz, die lokal aufgetragen oder eingenommen werden.<\/p>\n<\/div><\/div><\/div><\/section>\n<\/div>\n<\/p>\n","protected":false},"excerpt":{"rendered":"","protected":false},"author":1,"featured_media":0,"parent":0,"menu_order":0,"comment_status":"closed","ping_status":"closed","template":"","meta":{"footnotes":""},"class_list":["post-72","page","type-page","status-publish","hentry"],"yoast_head":"<!-- This site is optimized with the Yoast SEO plugin v27.3 - https:\/\/yoast.com\/product\/yoast-seo-wordpress\/ -->\n<title>Schulterschmerzen - MVZ Braunfels<\/title>\n<meta name=\"description\" content=\"Schulterschmerzen behandeln in Braunfels: Hilfe bei Impingement, Kalkschulter &amp; Sehnenrissen. Wir bieten pr\u00e4zise MRT-Diagnostik &amp; individuelle Therapien vor Ort.\" \/>\n<meta name=\"robots\" content=\"index, follow, max-snippet:-1, max-image-preview:large, max-video-preview:-1\" \/>\n<link rel=\"canonical\" href=\"https:\/\/atos-mvz.de\/schulterschmerzen\/\" \/>\n<meta property=\"og:locale\" content=\"de_DE\" \/>\n<meta property=\"og:type\" content=\"article\" \/>\n<meta property=\"og:title\" content=\"Schulterschmerzen - MVZ Braunfels\" \/>\n<meta property=\"og:description\" content=\"Schulterschmerzen behandeln in Braunfels: Hilfe bei Impingement, Kalkschulter &amp; Sehnenrissen. Wir bieten pr\u00e4zise MRT-Diagnostik &amp; individuelle Therapien vor Ort.\" \/>\n<meta property=\"og:url\" content=\"https:\/\/atos-mvz.de\/schulterschmerzen\/\" \/>\n<meta property=\"og:site_name\" content=\"MVZ Braunfels\" \/>\n<meta property=\"article:modified_time\" content=\"2026-01-14T08:35:41+00:00\" \/>\n<meta name=\"twitter:card\" content=\"summary_large_image\" \/>\n<script type=\"application\/ld+json\" class=\"yoast-schema-graph\">{\"@context\":\"https:\\\/\\\/schema.org\",\"@graph\":[{\"@type\":\"WebPage\",\"@id\":\"https:\\\/\\\/atos-mvz.de\\\/braunfels\\\/schulterschmerzen\\\/\",\"url\":\"https:\\\/\\\/atos-mvz.de\\\/schulterschmerzen\\\/\",\"name\":\"Schulterschmerzen - MVZ Braunfels\",\"isPartOf\":{\"@id\":\"https:\\\/\\\/atos-mvz.de\\\/braunfels\\\/#website\"},\"datePublished\":\"2021-02-02T08:23:15+00:00\",\"dateModified\":\"2026-01-14T08:35:41+00:00\",\"description\":\"Schulterschmerzen behandeln in Braunfels: Hilfe bei Impingement, Kalkschulter & Sehnenrissen. Wir bieten pr\u00e4zise MRT-Diagnostik & individuelle Therapien vor Ort.\",\"breadcrumb\":{\"@id\":\"https:\\\/\\\/atos-mvz.de\\\/schulterschmerzen\\\/#breadcrumb\"},\"inLanguage\":\"de\",\"potentialAction\":[{\"@type\":\"ReadAction\",\"target\":[\"https:\\\/\\\/atos-mvz.de\\\/schulterschmerzen\\\/\"]}]},{\"@type\":\"BreadcrumbList\",\"@id\":\"https:\\\/\\\/atos-mvz.de\\\/schulterschmerzen\\\/#breadcrumb\",\"itemListElement\":[{\"@type\":\"ListItem\",\"position\":1,\"name\":\"Startseite\",\"item\":\"https:\\\/\\\/atos-mvz.de\\\/braunfels\\\/startseite\\\/\"},{\"@type\":\"ListItem\",\"position\":2,\"name\":\"Schulterschmerzen\"}]},{\"@type\":\"WebSite\",\"@id\":\"https:\\\/\\\/atos-mvz.de\\\/braunfels\\\/#website\",\"url\":\"https:\\\/\\\/atos-mvz.de\\\/braunfels\\\/\",\"name\":\"MVZ Braunfels\",\"description\":\"\",\"potentialAction\":[{\"@type\":\"SearchAction\",\"target\":{\"@type\":\"EntryPoint\",\"urlTemplate\":\"https:\\\/\\\/atos-mvz.de\\\/braunfels\\\/?s={search_term_string}\"},\"query-input\":{\"@type\":\"PropertyValueSpecification\",\"valueRequired\":true,\"valueName\":\"search_term_string\"}}],\"inLanguage\":\"de\"}]}<\/script>\n<!-- \/ Yoast SEO plugin. -->","yoast_head_json":{"title":"Schulterschmerzen - MVZ Braunfels","description":"Schulterschmerzen behandeln in Braunfels: Hilfe bei Impingement, Kalkschulter & Sehnenrissen. Wir bieten pr\u00e4zise MRT-Diagnostik & individuelle Therapien vor Ort.","robots":{"index":"index","follow":"follow","max-snippet":"max-snippet:-1","max-image-preview":"max-image-preview:large","max-video-preview":"max-video-preview:-1"},"canonical":"https:\/\/atos-mvz.de\/schulterschmerzen\/","og_locale":"de_DE","og_type":"article","og_title":"Schulterschmerzen - MVZ Braunfels","og_description":"Schulterschmerzen behandeln in Braunfels: Hilfe bei Impingement, Kalkschulter & Sehnenrissen. Wir bieten pr\u00e4zise MRT-Diagnostik & individuelle Therapien vor Ort.","og_url":"https:\/\/atos-mvz.de\/schulterschmerzen\/","og_site_name":"MVZ Braunfels","article_modified_time":"2026-01-14T08:35:41+00:00","twitter_card":"summary_large_image","schema":{"@context":"https:\/\/schema.org","@graph":[{"@type":"WebPage","@id":"https:\/\/atos-mvz.de\/braunfels\/schulterschmerzen\/","url":"https:\/\/atos-mvz.de\/schulterschmerzen\/","name":"Schulterschmerzen - MVZ Braunfels","isPartOf":{"@id":"https:\/\/atos-mvz.de\/braunfels\/#website"},"datePublished":"2021-02-02T08:23:15+00:00","dateModified":"2026-01-14T08:35:41+00:00","description":"Schulterschmerzen behandeln in Braunfels: Hilfe bei Impingement, Kalkschulter & Sehnenrissen. Wir bieten pr\u00e4zise MRT-Diagnostik & individuelle Therapien vor Ort.","breadcrumb":{"@id":"https:\/\/atos-mvz.de\/schulterschmerzen\/#breadcrumb"},"inLanguage":"de","potentialAction":[{"@type":"ReadAction","target":["https:\/\/atos-mvz.de\/schulterschmerzen\/"]}]},{"@type":"BreadcrumbList","@id":"https:\/\/atos-mvz.de\/schulterschmerzen\/#breadcrumb","itemListElement":[{"@type":"ListItem","position":1,"name":"Startseite","item":"https:\/\/atos-mvz.de\/braunfels\/startseite\/"},{"@type":"ListItem","position":2,"name":"Schulterschmerzen"}]},{"@type":"WebSite","@id":"https:\/\/atos-mvz.de\/braunfels\/#website","url":"https:\/\/atos-mvz.de\/braunfels\/","name":"MVZ Braunfels","description":"","potentialAction":[{"@type":"SearchAction","target":{"@type":"EntryPoint","urlTemplate":"https:\/\/atos-mvz.de\/braunfels\/?s={search_term_string}"},"query-input":{"@type":"PropertyValueSpecification","valueRequired":true,"valueName":"search_term_string"}}],"inLanguage":"de"}]}},"_links":{"self":[{"href":"https:\/\/atos-mvz.de\/braunfels\/wp-json\/wp\/v2\/pages\/72","targetHints":{"allow":["GET"]}}],"collection":[{"href":"https:\/\/atos-mvz.de\/braunfels\/wp-json\/wp\/v2\/pages"}],"about":[{"href":"https:\/\/atos-mvz.de\/braunfels\/wp-json\/wp\/v2\/types\/page"}],"author":[{"embeddable":true,"href":"https:\/\/atos-mvz.de\/braunfels\/wp-json\/wp\/v2\/users\/1"}],"replies":[{"embeddable":true,"href":"https:\/\/atos-mvz.de\/braunfels\/wp-json\/wp\/v2\/comments?post=72"}],"version-history":[{"count":3,"href":"https:\/\/atos-mvz.de\/braunfels\/wp-json\/wp\/v2\/pages\/72\/revisions"}],"predecessor-version":[{"id":678,"href":"https:\/\/atos-mvz.de\/braunfels\/wp-json\/wp\/v2\/pages\/72\/revisions\/678"}],"wp:attachment":[{"href":"https:\/\/atos-mvz.de\/braunfels\/wp-json\/wp\/v2\/media?parent=72"}],"curies":[{"name":"wp","href":"https:\/\/api.w.org\/{rel}","templated":true}]}}