{"id":66,"date":"2021-02-02T09:14:48","date_gmt":"2021-02-02T08:14:48","guid":{"rendered":"https:\/\/atos-mvz.de\/braunfels\/?page_id=66"},"modified":"2026-01-14T09:37:36","modified_gmt":"2026-01-14T08:37:36","slug":"knieschmerzen","status":"publish","type":"page","link":"https:\/\/atos-mvz.de\/braunfels\/knieschmerzen\/","title":{"rendered":"Knieschmerzen"},"content":{"rendered":"\n<style type=\"text\/css\" data-created_by=\"avia_inline_auto\" id=\"style-css-av-kkmrirzt-15c20c9224aa52ceae342f2784251c36\">\n.avia-section.av-kkmrirzt-15c20c9224aa52ceae342f2784251c36{\nbackground-repeat:no-repeat;\nbackground-image:url(https:\/\/atos-mvz.de\/braunfels\/wp-content\/uploads\/sites\/4\/2024\/02\/knie_1920x550.jpg);\nbackground-position:50% 50%;\nbackground-attachment:scroll;\n}\n.avia-section.av-kkmrirzt-15c20c9224aa52ceae342f2784251c36 .av-extra-border-element .av-extra-border-inner{\nbackground-color:#ffffff;\n}\n<\/style>\n<div id='header-img'  class='avia-section av-kkmrirzt-15c20c9224aa52ceae342f2784251c36 main_color avia-section-huge avia-no-border-styling  avia-builder-el-0  el_before_av_section  avia-builder-el-first  largeimg avia-full-stretch avia-bg-style-scroll container_wrap fullsize'  data-section-bg-repeat='stretch'><div class='container av-section-cont-open' ><main  role=\"main\" itemprop=\"mainContentOfPage\"  class='template-page content  av-content-full alpha units'><div class='post-entry post-entry-type-page post-entry-66'><div class='entry-content-wrapper clearfix'>\n<\/div><\/div><\/main><!-- close content main element --><\/div><div class='av-extra-border-element border-extra-diagonal border-extra-diagonal-inverse '><div class='av-extra-border-outer'><div class='av-extra-border-inner'><\/div><\/div><\/div><\/div>\n<style type=\"text\/css\" data-created_by=\"avia_inline_auto\" id=\"style-css-av-kkmrj8tn-d923b090cf2daa2b65e0894307b5ea7b\">\n.avia-section.av-kkmrj8tn-d923b090cf2daa2b65e0894307b5ea7b .av-extra-border-element .av-extra-border-inner{\nbackground-color:#ffffff;\n}\n<\/style>\n<div id='first-section'  class='avia-section av-kkmrj8tn-d923b090cf2daa2b65e0894307b5ea7b main_color avia-section-large avia-no-border-styling  avia-builder-el-1  el_after_av_section  el_before_av_section  avia-bg-style-scroll container_wrap fullsize'  ><div class='container av-section-cont-open' ><div class='template-page content  av-content-full alpha units'><div class='post-entry post-entry-type-page post-entry-66'><div class='entry-content-wrapper clearfix'>\n\n<style type=\"text\/css\" data-created_by=\"avia_inline_auto\" id=\"style-css-av-kkmroto9-388bfc9fb9cd3e259f78f3de3edff822\">\n.flex_column.av-kkmroto9-388bfc9fb9cd3e259f78f3de3edff822{\nborder-radius:0px 0px 0px 0px;\npadding:0px 0px 0px 0px;\n}\n<\/style>\n<div  class='flex_column av-kkmroto9-388bfc9fb9cd3e259f78f3de3edff822 av_one_half  avia-builder-el-2  el_before_av_one_half  avia-builder-el-first  first flex_column_div av-zero-column-padding  '     ><section  class='av_textblock_section av-kkmrkw8d-957a3634b14b6f5cf60bf01a68f33389 '   itemscope=\"itemscope\" itemtype=\"https:\/\/schema.org\/CreativeWork\" ><div class='avia_textblock'  itemprop=\"text\" ><h3>Krankheitsbild<\/h3>\n<h1><strong>Knieschmerzen<\/strong><\/h1>\n<\/div><\/section><br \/>\n<section  class='av_textblock_section av-kkmrl8qi-074305d7797a98b618753b8ff773b01c '   itemscope=\"itemscope\" itemtype=\"https:\/\/schema.org\/CreativeWork\" ><div class='avia_textblock'  itemprop=\"text\" ><h3><strong>Welche Ursachen haben Knieschmerzen und was kann man dagegen tun?<\/strong><\/h3>\n<p>Knieschmerzen k\u00f6nnen sehr unterschiedlich auftreten und entsprechend gibt es viele verschiedene Ursachen. F\u00fcr die Diagnose und die anschlie\u00dfende Behandlung ist es wichtig zu erfahren, wie sich die Schmerzen zeigen und wann sie zum ersten Mal aufgetreten sind.<\/p>\n<\/div><\/section><\/p><\/div>\n<style type=\"text\/css\" data-created_by=\"avia_inline_auto\" id=\"style-css-av-kkmrk88j-2da39a8355d764fac208ce91ec1390d5\">\n@keyframes av_boxShadowEffect_av-kkmrk88j-2da39a8355d764fac208ce91ec1390d5-column {\n0%   { box-shadow:  0 0 0 0 #e0e0e0; opacity: 1; }\n100% { box-shadow:  0 0 30px 0 #e0e0e0; opacity: 1; }\n}\n.flex_column.av-kkmrk88j-2da39a8355d764fac208ce91ec1390d5{\nbox-shadow: 0 0 30px 0 #e0e0e0;\nborder-radius:20px 20px 20px 20px;\npadding:50px 50px 50px 50px;\nbackground-color:#ffffff;\n}\n<\/style>\n<div  class='flex_column av-kkmrk88j-2da39a8355d764fac208ce91ec1390d5 av_one_half  avia-builder-el-5  el_after_av_one_half  el_before_av_hr  box-right flex_column_div shadow-not-animated  '     ><style type=\"text\/css\" data-created_by=\"avia_inline_auto\" id=\"style-css-av-kkmrjkhu-a1d2f3e2d1b6d40e82f901efa051c895\">\n.avia-image-container.av-kkmrjkhu-a1d2f3e2d1b6d40e82f901efa051c895 img.avia_image{\nbox-shadow:none;\n}\n.avia-image-container.av-kkmrjkhu-a1d2f3e2d1b6d40e82f901efa051c895 .av-image-caption-overlay-center{\ncolor:#ffffff;\n}\n<\/style>\n<div  class='avia-image-container av-kkmrjkhu-a1d2f3e2d1b6d40e82f901efa051c895 av-styling-no-styling avia-align-  avia-builder-el-6  avia-builder-el-no-sibling '   itemprop=\"image\" itemscope=\"itemscope\" itemtype=\"https:\/\/schema.org\/ImageObject\" ><div class=\"avia-image-container-inner\"><div class=\"avia-image-overlay-wrap\"><img decoding=\"async\" fetchpriority=\"high\" class='wp-image-598 avia-img-lazy-loading-not-598 avia_image ' src=\"https:\/\/atos-mvz.de\/braunfels\/wp-content\/uploads\/sites\/4\/2024\/02\/knie.jpg\" alt='' title=''  height=\"667\" width=\"1000\"  itemprop=\"thumbnailUrl\" srcset=\"https:\/\/atos-mvz.de\/braunfels\/wp-content\/uploads\/sites\/4\/2024\/02\/knie.jpg 1000w, https:\/\/atos-mvz.de\/braunfels\/wp-content\/uploads\/sites\/4\/2024\/02\/knie-300x200.jpg 300w, https:\/\/atos-mvz.de\/braunfels\/wp-content\/uploads\/sites\/4\/2024\/02\/knie-768x512.jpg 768w, https:\/\/atos-mvz.de\/braunfels\/wp-content\/uploads\/sites\/4\/2024\/02\/knie-705x470.jpg 705w\" sizes=\"(max-width: 1000px) 100vw, 1000px\" \/><\/div><\/div><\/div><\/div>\n<style type=\"text\/css\" data-created_by=\"avia_inline_auto\" id=\"style-css-av-kkmrhikk-763cb42606d1b0ba9a6deef754503cd2\">\n#top .hr.hr-invisible.av-kkmrhikk-763cb42606d1b0ba9a6deef754503cd2{\nheight:200px;\n}\n<\/style>\n<div  class='hr av-kkmrhikk-763cb42606d1b0ba9a6deef754503cd2 hr-invisible  avia-builder-el-7  el_after_av_one_half  avia-builder-el-last '><span class='hr-inner '><span class=\"hr-inner-style\"><\/span><\/span><\/div>\n<\/div><\/div><\/div><!-- close content main div --><\/div><div class='av-extra-border-element border-extra-diagonal border-extra-diagonal-inverse '><div class='av-extra-border-outer'><div class='av-extra-border-inner'><\/div><\/div><\/div><\/div><div id='second-section'  class='avia-section av-kkmrofnn-ea5e4d8576e139e1b0272b978b11d112 main_color avia-section-default avia-no-border-styling  avia-builder-el-8  el_after_av_section  avia-builder-el-last  avia-bg-style-scroll container_wrap fullsize'  ><div class='container av-section-cont-open' ><div class='template-page content  av-content-full alpha units'><div class='post-entry post-entry-type-page post-entry-66'><div class='entry-content-wrapper clearfix'>\n\n<style type=\"text\/css\" data-created_by=\"avia_inline_auto\" id=\"style-css-av-kkmro5f5-a91356db0a17735e69d7c73bbe6646df\">\n#top .togglecontainer.av-kkmro5f5-a91356db0a17735e69d7c73bbe6646df p.toggler{\nbackground-color:#ffffff;\n}\n#top .togglecontainer.av-kkmro5f5-a91356db0a17735e69d7c73bbe6646df .toggle_wrap .toggle_content{\nbackground-color:#ffffff;\n}\n<\/style>\n<div  class='togglecontainer av-kkmro5f5-a91356db0a17735e69d7c73bbe6646df av-minimal-toggle  avia-builder-el-9  avia-builder-el-no-sibling  toggle_close_all' >\n<section class='av_toggle_section av-2jhc6-d0879f9dd1a6ca69d54d61b85fa96df7'  itemscope=\"itemscope\" itemtype=\"https:\/\/schema.org\/CreativeWork\" ><div role=\"tablist\" class=\"single_toggle\" data-tags=\"{Alle} \"  ><p id='toggle-toggle-id-1' data-fake-id='#toggle-id-1' class='toggler  activeTitle av-title-above '  itemprop=\"headline\"  role='tab' tabindex='0' aria-controls='toggle-id-1' data-slide-speed=\"200\" data-title=\"Welche Ursachen sind f\u00fcr Knieschmerzen verantwortlich?\" data-title-open=\"\" data-aria_collapsed=\"Click to expand: Welche Ursachen sind f\u00fcr Knieschmerzen verantwortlich?\" data-aria_expanded=\"Click to collapse: Welche Ursachen sind f\u00fcr Knieschmerzen verantwortlich?\">Welche Ursachen sind f\u00fcr Knieschmerzen verantwortlich?<span class=\"toggle_icon\"><span class=\"vert_icon\"><\/span><span class=\"hor_icon\"><\/span><\/span><\/p><div id='toggle-id-1' aria-labelledby='toggle-toggle-id-1' role='region' class='toggle_wrap  active_tc av-title-above' style='display:block;' ><div class='toggle_content invers-color '  itemprop=\"text\" ><p>In vielen F\u00e4llen sind die Schmerzen auf eine akute Verletzung oder einen Unfall zur\u00fcckzuf\u00fchren. In diesen F\u00e4llen sollten die Betroffenen umgehend einen Arzt aufsuchen. Ohne Behandlung k\u00f6nnen starke Sch\u00e4digungen am Kniegelenk zu Sp\u00e4tfolgen f\u00fchren. Beispielsweise kann es zu einer \u00fcberm\u00e4\u00dfigen Abnutzung der Gelenkknorpel kommen oder es entstehen wiederkehrende Entz\u00fcndungen, die Auswirkungen auf das gesamte Herz-Kreislauf-System haben. Leichte, wiederholte Knieschmerzen k\u00f6nnen auf eine Degeneration (R\u00fcckbildung) hinweisen. Angeborene oder erworbene Fehlstellungen sowie altersbedingte Prozesse sind hierf\u00fcr verantwortlich. \u00dcbergewicht und belastende berufliche T\u00e4tigkeiten k\u00f6nnen ebenso die Ursache f\u00fcr Knieschmerzen sein. Um die Gelenkgesundheit so lange wie m\u00f6glich zu erhalten, bieten sich eine ausgewogene Ern\u00e4hrung und Muskelaufbautraining an. Zudem sollte auf passendes Schuhwerk geachtet werden, speziell beim Joggen oder beruflichen T\u00e4tigkeiten im Stehen. Ein mehrfacher Schuhwechsel am Tag wird empfohlen. Orthop\u00e4dische Ma\u00dfnahmen wie etwa Einlagen k\u00f6nnen Knieschmerzen lindern oder vorbeugen helfen.<\/p>\n<\/div><\/div><\/div><\/section>\n<section class='av_toggle_section av-2acse-485004edafc845abc56cf84aba55b30f'  itemscope=\"itemscope\" itemtype=\"https:\/\/schema.org\/CreativeWork\" ><div role=\"tablist\" class=\"single_toggle\" data-tags=\"{Alle} \"  ><p id='toggle-toggle-id-2' data-fake-id='#toggle-id-2' class='toggler  av-title-above '  itemprop=\"headline\"  role='tab' tabindex='0' aria-controls='toggle-id-2' data-slide-speed=\"200\" data-title=\"Welche Symptome gibt es bei Knieschmerzen?\" data-title-open=\"\" data-aria_collapsed=\"Click to expand: Welche Symptome gibt es bei Knieschmerzen?\" data-aria_expanded=\"Click to collapse: Welche Symptome gibt es bei Knieschmerzen?\">Welche Symptome gibt es bei Knieschmerzen?<span class=\"toggle_icon\"><span class=\"vert_icon\"><\/span><span class=\"hor_icon\"><\/span><\/span><\/p><div id='toggle-id-2' aria-labelledby='toggle-toggle-id-2' role='region' class='toggle_wrap  av-title-above'  ><div class='toggle_content invers-color '  itemprop=\"text\" ><p>Knieschmerzen liefern oftmals das Symptom f\u00fcr andere Erkrankungen. Daher sollte der Schmerz genau lokalisiert und beobachtet werden: Gibt es Schwellungen am Knie oder im umliegenden Bereich? Lassen sich Wassereinlagerungen erkennen? Handelt es sich um einen Belastungs- oder Ruheschmerz? Der \u00e4rztliche Rat sollte m\u00f6glichst fr\u00fchzeitig hinzugezogen werden. Menschen, die Knieschmerzen \u00fcber einen l\u00e4ngeren Zeitraum haben, nehmen h\u00e4ufig eine Schonhaltung ein. Dadurch kommt es zu Fehlbelastungen in anderen K\u00f6rperteilen. Es kann zu Sch\u00e4digungen an den Beinen, der H\u00fcfte oder der Wirbels\u00e4ule kommen. In der Regel sind Knieprobleme nicht lebensbedrohlich, trotzdem sollte ein Arztbesuch Priorit\u00e4t haben. Speziell nach einer Sportverletzung oder einem Unfall k\u00f6nnen sich schwerwiegende Sch\u00e4digungen entwickeln, die den Bewegungsapparat mehr belasten als die urspr\u00fcngliche Ursache. In manchen F\u00e4llen k\u00f6nnen die Sp\u00e4tfolgen nicht komplett umkehrbar sein. Knieschmerzen werden oftmals von anderen Erscheinungen begleitet, die einen Hinweis auf die Ursache geben. Bei Entz\u00fcndungen ist der betroffene Bereich deutlich erw\u00e4rmt. Akute Verletzungen gehen h\u00e4ufig mit Bluterg\u00fcssen einher. Der anatomische Aufbau des Kniegelenks ist sehr komplex. Der Bewegungsapparat besteht aus vielen B\u00e4ndern und Sehnen, die im Gelenk den Unterschenkel mit dem Oberschenkelknochen verbinden. Das Kniegelenk erm\u00f6glicht die Streckung und Beugung der Beine. Begr\u00fcndet durch den Aufbau und die Funktion des Kniegelenks, ist eine Rotationsbewegung nur bedingt m\u00f6glich. Bei einer Instabilit\u00e4t des Gelenks, die sich beispielsweise durch ein seitliches Wegsacken oder Wegknicken zeigt, liegen wahrscheinlich Sch\u00e4digungen am Bandapparat vor. Diese lassen sich in einer orthop\u00e4dischen Praxis abkl\u00e4ren.<\/p>\n<\/div><\/div><\/div><\/section>\n<section class='av_toggle_section av-1raty-59130de397035217d158e1bd9201e4e8'  itemscope=\"itemscope\" itemtype=\"https:\/\/schema.org\/CreativeWork\" ><div role=\"tablist\" class=\"single_toggle\" data-tags=\"{Alle} \"  ><p id='toggle-toggle-id-3' data-fake-id='#toggle-id-3' class='toggler  av-title-above '  itemprop=\"headline\"  role='tab' tabindex='0' aria-controls='toggle-id-3' data-slide-speed=\"200\" data-title=\"Welche Art von Verletzungen verbergen sich hinter Knieschmerzen und welche Diagnosen gibt es?\" data-title-open=\"\" data-aria_collapsed=\"Click to expand: Welche Art von Verletzungen verbergen sich hinter Knieschmerzen und welche Diagnosen gibt es?\" data-aria_expanded=\"Click to collapse: Welche Art von Verletzungen verbergen sich hinter Knieschmerzen und welche Diagnosen gibt es?\">Welche Art von Verletzungen verbergen sich hinter Knieschmerzen und welche Diagnosen gibt es?<span class=\"toggle_icon\"><span class=\"vert_icon\"><\/span><span class=\"hor_icon\"><\/span><\/span><\/p><div id='toggle-id-3' aria-labelledby='toggle-toggle-id-3' role='region' class='toggle_wrap  av-title-above'  ><div class='toggle_content invers-color '  itemprop=\"text\" ><p>Anhaltende Knieschmerzen sind h\u00e4ufig auf eine Besch\u00e4digung der Knorpel zur\u00fcckzuf\u00fchren. Die Knorpelschicht in jedem Gelenk kann grunds\u00e4tzlich durch einen Unfall oder durch Verschlei\u00df gesch\u00e4digt werden. Verletzungen am Meniskus \u00e4u\u00dfern sich zumeist durch anhaltende Knieschmerzen, deren Intensit\u00e4t in der Bewegung zunehmen. Anatomisch gesehen \u00fcbernehmen die Menisken eine Sto\u00dfd\u00e4mpferfunktion im Kniegelenk. Durch starke Belastung k\u00f6nnen Risse in diesen ringf\u00f6rmigen Knorpelscheiben entstehen. Kleiner Risse m\u00fcssen zun\u00e4chst nicht weiter behandelt werden. Eine Beobachtung ist aber geraten, da die Sch\u00e4digungen zu einer Unbrauchbarkeit des gesamten Kniegelenks f\u00fchren k\u00f6nnen. Sch\u00e4den am Meniskus treten infolge eines Unfalls oder degenerativ auf. Anhand der Krankengeschichte und der Untersuchung wird der Arzt eine passende Therapie w\u00e4hlen. Eine andere Ursache f\u00fcr starke Knieschmerzen kann ein Kreuzbandriss sein. Hier f\u00fchren \u00fcberm\u00e4\u00dfige Scherkr\u00e4fte zum Riss der wichtigen Halteb\u00e4nder. Das Gelenk wird instabil und es kann zu Folgesch\u00e4den kommen. Durch das Auftreten mehrerer Sch\u00e4digungen bzw. Symptome l\u00e4sst sich h\u00e4ufig keine eindeutige Diagnose stellen. Ein Anfangsverdacht l\u00e4sst sich mithilfe von bildgebenden Verfahren wie Computer- und Kernspintomografie (CT) oder Magnetresonanztomografie (MRT) best\u00e4tigen. Manche Erkrankungen lassen sich bereits mit blo\u00dfem Auge erkennen. Kinder und Jugendliche in der Wachstumsphase erleiden h\u00e4ufig eine Patellaluxation. Bei dieser Erkrankung springt die Patella (Kniescheibe) aus ihrer Lagerung. Die Betroffenen haben zumeist heftige Schmerzen im vorderen Kniebereich. Die Luxation der Kniescheibe entsteht in der Regel durch eine pl\u00f6tzliche Bewegung aus gebeugter Haltung wie etwa beim Aufrichten aus der Hocke.<\/p>\n<\/div><\/div><\/div><\/section>\n<section class='av_toggle_section av-135um-285fd0807ea4205b0c144985ed7df5ff'  itemscope=\"itemscope\" itemtype=\"https:\/\/schema.org\/CreativeWork\" ><div role=\"tablist\" class=\"single_toggle\" data-tags=\"{Alle} \"  ><p id='toggle-toggle-id-4' data-fake-id='#toggle-id-4' class='toggler  av-title-above '  itemprop=\"headline\"  role='tab' tabindex='0' aria-controls='toggle-id-4' data-slide-speed=\"200\" data-title=\"Welche Therapien gibt es bei Knieschmerzen?\" data-title-open=\"\" data-aria_collapsed=\"Click to expand: Welche Therapien gibt es bei Knieschmerzen?\" data-aria_expanded=\"Click to collapse: Welche Therapien gibt es bei Knieschmerzen?\">Welche Therapien gibt es bei Knieschmerzen?<span class=\"toggle_icon\"><span class=\"vert_icon\"><\/span><span class=\"hor_icon\"><\/span><\/span><\/p><div id='toggle-id-4' aria-labelledby='toggle-toggle-id-4' role='region' class='toggle_wrap  av-title-above'  ><div class='toggle_content invers-color '  itemprop=\"text\" ><p>Die Therapie von Knieschmerzen ist abh\u00e4ngig von der Ursache und der getroffenen Diagnose. In manchen F\u00e4llen, wie etwa nach einer akuten Verletzung, wird den Patienten zun\u00e4chst Ruhe verordnet. Schwellungen und starke Schmerzen sind ein Indikator daf\u00fcr, dass das Kniegelenk erst einmal nicht belastet werden sollte. Bei angeeigneten Schonhaltungen und Haltungssch\u00e4den bietet sich eine physiotherapeutische Therapie an. Durch die krankengymnastischen \u00dcbungen wird die Muskulatur und damit der gesamte Bandapparat gest\u00e4rkt, Dysbalancen werden ausgeglichen. Nur der Experte kann eine geeignete Therapie festlegen. Eine starke Abnutzung der Knorpelschicht im Kniegelenk kann zu einer Gonarthrose f\u00fchren. In einem fortgeschrittenen Stadium der Erkrankung bietet sich als Therapie eine gelenkersetzende Operation an. Dabei werden Teile der Gelenkpartner oder das gesamte Kniegelenk durch eine Prothese ersetzt. Die Totalendoprothese (TEP) ist ein verh\u00e4ltnism\u00e4\u00dfig aufw\u00e4ndiger Eingriff, der vielen Betroffenen zun\u00e4chst Angst einfl\u00f6\u00dft. Dabei handelt es sich bei dieser Operation in deutschen Kliniken mittlerweile um eine Routine-Operation, die nach der H\u00fcft-OP zu den am h\u00e4ufigsten durchgef\u00fchrten Eingriffen z\u00e4hlt. Viele Betroffene berichten nach der Operation, dass sie sich schon viel fr\u00fcher f\u00fcr ein k\u00fcnstliches Kniegelenk entschieden h\u00e4tten, h\u00e4tten sie gewusst, wie sehr sich ihre Lebensqualit\u00e4t damit verbessert. Wie bei allen Erkrankungen wird der Arzt die erforderliche Therapie bei Knieschmerzen mit dem Patienten ausf\u00fchrlich besprechen. Im Allgemeinen helfen krankengymnastische \u00dcbungen und andere gesundheitsf\u00f6rdernde Ma\u00dfnahmen vor und nach einer Knie-OP, um Stoffwechselprozesse im Knie anzuregen und die Stabilit\u00e4t des Gelenks zu f\u00f6rdern und zu sichern.<\/p>\n<\/div><\/div><\/div><\/section>\n<\/div>\n<\/p>\n","protected":false},"excerpt":{"rendered":"","protected":false},"author":1,"featured_media":0,"parent":0,"menu_order":0,"comment_status":"closed","ping_status":"closed","template":"","meta":{"footnotes":""},"class_list":["post-66","page","type-page","status-publish","hentry"],"yoast_head":"<!-- This site is optimized with the Yoast SEO plugin v27.3 - https:\/\/yoast.com\/product\/yoast-seo-wordpress\/ -->\n<title>Knieschmerzen - MVZ Braunfels<\/title>\n<meta name=\"description\" content=\"Knieschmerzen behandeln in Braunfels: Hilfe bei Meniskusriss, Kreuzbandriss &amp; Knorpelschaden. Wir bieten moderne MRT-Diagnostik &amp; individuelle Therapien. Mehr lesen.\" \/>\n<meta name=\"robots\" content=\"index, follow, max-snippet:-1, max-image-preview:large, max-video-preview:-1\" \/>\n<link rel=\"canonical\" href=\"https:\/\/atos-mvz.de\/knieschmerzen\/\" \/>\n<meta property=\"og:locale\" content=\"de_DE\" \/>\n<meta property=\"og:type\" content=\"article\" \/>\n<meta property=\"og:title\" content=\"Knieschmerzen - MVZ Braunfels\" \/>\n<meta property=\"og:description\" content=\"Knieschmerzen behandeln in Braunfels: Hilfe bei Meniskusriss, Kreuzbandriss &amp; Knorpelschaden. Wir bieten moderne MRT-Diagnostik &amp; individuelle Therapien. Mehr lesen.\" \/>\n<meta property=\"og:url\" content=\"https:\/\/atos-mvz.de\/knieschmerzen\/\" \/>\n<meta property=\"og:site_name\" content=\"MVZ Braunfels\" \/>\n<meta property=\"article:modified_time\" content=\"2026-01-14T08:37:36+00:00\" \/>\n<meta name=\"twitter:card\" content=\"summary_large_image\" \/>\n<script type=\"application\/ld+json\" class=\"yoast-schema-graph\">{\"@context\":\"https:\\\/\\\/schema.org\",\"@graph\":[{\"@type\":\"WebPage\",\"@id\":\"https:\\\/\\\/atos-mvz.de\\\/braunfels\\\/knieschmerzen\\\/\",\"url\":\"https:\\\/\\\/atos-mvz.de\\\/knieschmerzen\\\/\",\"name\":\"Knieschmerzen - MVZ Braunfels\",\"isPartOf\":{\"@id\":\"https:\\\/\\\/atos-mvz.de\\\/braunfels\\\/#website\"},\"datePublished\":\"2021-02-02T08:14:48+00:00\",\"dateModified\":\"2026-01-14T08:37:36+00:00\",\"description\":\"Knieschmerzen behandeln in Braunfels: Hilfe bei Meniskusriss, Kreuzbandriss & Knorpelschaden. Wir bieten moderne MRT-Diagnostik & individuelle Therapien. Mehr lesen.\",\"breadcrumb\":{\"@id\":\"https:\\\/\\\/atos-mvz.de\\\/knieschmerzen\\\/#breadcrumb\"},\"inLanguage\":\"de\",\"potentialAction\":[{\"@type\":\"ReadAction\",\"target\":[\"https:\\\/\\\/atos-mvz.de\\\/knieschmerzen\\\/\"]}]},{\"@type\":\"BreadcrumbList\",\"@id\":\"https:\\\/\\\/atos-mvz.de\\\/knieschmerzen\\\/#breadcrumb\",\"itemListElement\":[{\"@type\":\"ListItem\",\"position\":1,\"name\":\"Startseite\",\"item\":\"https:\\\/\\\/atos-mvz.de\\\/braunfels\\\/startseite\\\/\"},{\"@type\":\"ListItem\",\"position\":2,\"name\":\"Knieschmerzen\"}]},{\"@type\":\"WebSite\",\"@id\":\"https:\\\/\\\/atos-mvz.de\\\/braunfels\\\/#website\",\"url\":\"https:\\\/\\\/atos-mvz.de\\\/braunfels\\\/\",\"name\":\"MVZ Braunfels\",\"description\":\"\",\"potentialAction\":[{\"@type\":\"SearchAction\",\"target\":{\"@type\":\"EntryPoint\",\"urlTemplate\":\"https:\\\/\\\/atos-mvz.de\\\/braunfels\\\/?s={search_term_string}\"},\"query-input\":{\"@type\":\"PropertyValueSpecification\",\"valueRequired\":true,\"valueName\":\"search_term_string\"}}],\"inLanguage\":\"de\"}]}<\/script>\n<!-- \/ Yoast SEO plugin. -->","yoast_head_json":{"title":"Knieschmerzen - MVZ Braunfels","description":"Knieschmerzen behandeln in Braunfels: Hilfe bei Meniskusriss, Kreuzbandriss & Knorpelschaden. Wir bieten moderne MRT-Diagnostik & individuelle Therapien. Mehr lesen.","robots":{"index":"index","follow":"follow","max-snippet":"max-snippet:-1","max-image-preview":"max-image-preview:large","max-video-preview":"max-video-preview:-1"},"canonical":"https:\/\/atos-mvz.de\/knieschmerzen\/","og_locale":"de_DE","og_type":"article","og_title":"Knieschmerzen - MVZ Braunfels","og_description":"Knieschmerzen behandeln in Braunfels: Hilfe bei Meniskusriss, Kreuzbandriss & Knorpelschaden. Wir bieten moderne MRT-Diagnostik & individuelle Therapien. Mehr lesen.","og_url":"https:\/\/atos-mvz.de\/knieschmerzen\/","og_site_name":"MVZ Braunfels","article_modified_time":"2026-01-14T08:37:36+00:00","twitter_card":"summary_large_image","schema":{"@context":"https:\/\/schema.org","@graph":[{"@type":"WebPage","@id":"https:\/\/atos-mvz.de\/braunfels\/knieschmerzen\/","url":"https:\/\/atos-mvz.de\/knieschmerzen\/","name":"Knieschmerzen - MVZ Braunfels","isPartOf":{"@id":"https:\/\/atos-mvz.de\/braunfels\/#website"},"datePublished":"2021-02-02T08:14:48+00:00","dateModified":"2026-01-14T08:37:36+00:00","description":"Knieschmerzen behandeln in Braunfels: Hilfe bei Meniskusriss, Kreuzbandriss & Knorpelschaden. Wir bieten moderne MRT-Diagnostik & individuelle Therapien. Mehr lesen.","breadcrumb":{"@id":"https:\/\/atos-mvz.de\/knieschmerzen\/#breadcrumb"},"inLanguage":"de","potentialAction":[{"@type":"ReadAction","target":["https:\/\/atos-mvz.de\/knieschmerzen\/"]}]},{"@type":"BreadcrumbList","@id":"https:\/\/atos-mvz.de\/knieschmerzen\/#breadcrumb","itemListElement":[{"@type":"ListItem","position":1,"name":"Startseite","item":"https:\/\/atos-mvz.de\/braunfels\/startseite\/"},{"@type":"ListItem","position":2,"name":"Knieschmerzen"}]},{"@type":"WebSite","@id":"https:\/\/atos-mvz.de\/braunfels\/#website","url":"https:\/\/atos-mvz.de\/braunfels\/","name":"MVZ Braunfels","description":"","potentialAction":[{"@type":"SearchAction","target":{"@type":"EntryPoint","urlTemplate":"https:\/\/atos-mvz.de\/braunfels\/?s={search_term_string}"},"query-input":{"@type":"PropertyValueSpecification","valueRequired":true,"valueName":"search_term_string"}}],"inLanguage":"de"}]}},"_links":{"self":[{"href":"https:\/\/atos-mvz.de\/braunfels\/wp-json\/wp\/v2\/pages\/66","targetHints":{"allow":["GET"]}}],"collection":[{"href":"https:\/\/atos-mvz.de\/braunfels\/wp-json\/wp\/v2\/pages"}],"about":[{"href":"https:\/\/atos-mvz.de\/braunfels\/wp-json\/wp\/v2\/types\/page"}],"author":[{"embeddable":true,"href":"https:\/\/atos-mvz.de\/braunfels\/wp-json\/wp\/v2\/users\/1"}],"replies":[{"embeddable":true,"href":"https:\/\/atos-mvz.de\/braunfels\/wp-json\/wp\/v2\/comments?post=66"}],"version-history":[{"count":3,"href":"https:\/\/atos-mvz.de\/braunfels\/wp-json\/wp\/v2\/pages\/66\/revisions"}],"predecessor-version":[{"id":681,"href":"https:\/\/atos-mvz.de\/braunfels\/wp-json\/wp\/v2\/pages\/66\/revisions\/681"}],"wp:attachment":[{"href":"https:\/\/atos-mvz.de\/braunfels\/wp-json\/wp\/v2\/media?parent=66"}],"curies":[{"name":"wp","href":"https:\/\/api.w.org\/{rel}","templated":true}]}}