{"id":39,"date":"2021-02-01T17:11:30","date_gmt":"2021-02-01T16:11:30","guid":{"rendered":"https:\/\/atos-mvz.de\/braunfels\/?page_id=39"},"modified":"2026-01-14T09:42:42","modified_gmt":"2026-01-14T08:42:42","slug":"handschmerzen","status":"publish","type":"page","link":"https:\/\/atos-mvz.de\/braunfels\/handschmerzen\/","title":{"rendered":"Handschmerzen"},"content":{"rendered":"\n<style type=\"text\/css\" data-created_by=\"avia_inline_auto\" id=\"style-css-av-kkmrirzt-ecdec244671d54f230da04cc7d088d5e\">\n.avia-section.av-kkmrirzt-ecdec244671d54f230da04cc7d088d5e{\nbackground-repeat:no-repeat;\nbackground-image:url(https:\/\/atos-mvz.de\/braunfels\/wp-content\/uploads\/sites\/4\/2024\/02\/hand_1920x550.jpg);\nbackground-position:50% 50%;\nbackground-attachment:scroll;\n}\n.avia-section.av-kkmrirzt-ecdec244671d54f230da04cc7d088d5e .av-extra-border-element .av-extra-border-inner{\nbackground-color:#ffffff;\n}\n<\/style>\n<div id='header-img'  class='avia-section av-kkmrirzt-ecdec244671d54f230da04cc7d088d5e main_color avia-section-huge avia-no-border-styling  avia-builder-el-0  el_before_av_section  avia-builder-el-first  largeimg avia-full-stretch avia-bg-style-scroll container_wrap fullsize'  data-section-bg-repeat='stretch'><div class='container av-section-cont-open' ><main  role=\"main\" itemprop=\"mainContentOfPage\"  class='template-page content  av-content-full alpha units'><div class='post-entry post-entry-type-page post-entry-39'><div class='entry-content-wrapper clearfix'>\n<\/div><\/div><\/main><!-- close content main element --><\/div><div class='av-extra-border-element border-extra-diagonal border-extra-diagonal-inverse '><div class='av-extra-border-outer'><div class='av-extra-border-inner'><\/div><\/div><\/div><\/div>\n<style type=\"text\/css\" data-created_by=\"avia_inline_auto\" id=\"style-css-av-kkmrj8tn-d923b090cf2daa2b65e0894307b5ea7b\">\n.avia-section.av-kkmrj8tn-d923b090cf2daa2b65e0894307b5ea7b .av-extra-border-element .av-extra-border-inner{\nbackground-color:#ffffff;\n}\n<\/style>\n<div id='first-section'  class='avia-section av-kkmrj8tn-d923b090cf2daa2b65e0894307b5ea7b main_color avia-section-large avia-no-border-styling  avia-builder-el-1  el_after_av_section  el_before_av_section  avia-bg-style-scroll container_wrap fullsize'  ><div class='container av-section-cont-open' ><div class='template-page content  av-content-full alpha units'><div class='post-entry post-entry-type-page post-entry-39'><div class='entry-content-wrapper clearfix'>\n\n<style type=\"text\/css\" data-created_by=\"avia_inline_auto\" id=\"style-css-av-kkmroto9-388bfc9fb9cd3e259f78f3de3edff822\">\n.flex_column.av-kkmroto9-388bfc9fb9cd3e259f78f3de3edff822{\nborder-radius:0px 0px 0px 0px;\npadding:0px 0px 0px 0px;\n}\n<\/style>\n<div  class='flex_column av-kkmroto9-388bfc9fb9cd3e259f78f3de3edff822 av_one_half  avia-builder-el-2  el_before_av_one_half  avia-builder-el-first  first flex_column_div av-zero-column-padding  '     ><section  class='av_textblock_section av-kkmrkw8d-957a3634b14b6f5cf60bf01a68f33389 '   itemscope=\"itemscope\" itemtype=\"https:\/\/schema.org\/CreativeWork\" ><div class='avia_textblock'  itemprop=\"text\" ><h3>Krankheitsbild<\/h3>\n<h1><strong>Handschmerzen<\/strong><\/h1>\n<\/div><\/section><br \/>\n<section  class='av_textblock_section av-kkmrl8qi-074305d7797a98b618753b8ff773b01c '   itemscope=\"itemscope\" itemtype=\"https:\/\/schema.org\/CreativeWork\" ><div class='avia_textblock'  itemprop=\"text\" ><h3><strong>Ursachen, Auspr\u00e4gungen, Therapiema\u00dfnahmen<\/strong><\/h3>\n<p>Die menschliche Hand ist einzigartig in Bezug auf ihre F\u00e4higkeiten. Neben Affen und einigen wenigen Tierarten ist der Mensch das einzige Lebewesen, das \u00fcber ein solch pr\u00e4zises Werkzeug verf\u00fcgt. Die Hand kann zugleich greifen und anheben. Die uneingeschr\u00e4nkte Nutzbarkeit der Hand wird als selbstverst\u00e4ndlich hingenommen. Erst wenn die F\u00e4higkeiten der Hand \u00fcber eine Zeitlang nicht gegeben sind, werden die Beeintr\u00e4chtigungen deutlich. Daher sollten Handschmerzen nicht als Geringf\u00fcgigkeit abgetan werden, sondern sollten unbedingt Beachtung finden.<\/p>\n<\/div><\/section><\/p><\/div>\n<style type=\"text\/css\" data-created_by=\"avia_inline_auto\" id=\"style-css-av-kkmrk88j-2da39a8355d764fac208ce91ec1390d5\">\n@keyframes av_boxShadowEffect_av-kkmrk88j-2da39a8355d764fac208ce91ec1390d5-column {\n0%   { box-shadow:  0 0 0 0 #e0e0e0; opacity: 1; }\n100% { box-shadow:  0 0 30px 0 #e0e0e0; opacity: 1; }\n}\n.flex_column.av-kkmrk88j-2da39a8355d764fac208ce91ec1390d5{\nbox-shadow: 0 0 30px 0 #e0e0e0;\nborder-radius:20px 20px 20px 20px;\npadding:50px 50px 50px 50px;\nbackground-color:#ffffff;\n}\n<\/style>\n<div  class='flex_column av-kkmrk88j-2da39a8355d764fac208ce91ec1390d5 av_one_half  avia-builder-el-5  el_after_av_one_half  el_before_av_hr  box-right flex_column_div shadow-not-animated  '     ><style type=\"text\/css\" data-created_by=\"avia_inline_auto\" id=\"style-css-av-kkmrjkhu-fd4ee8fe86b391347b130bfc8c8ebb6b\">\n.avia-image-container.av-kkmrjkhu-fd4ee8fe86b391347b130bfc8c8ebb6b img.avia_image{\nbox-shadow:none;\n}\n.avia-image-container.av-kkmrjkhu-fd4ee8fe86b391347b130bfc8c8ebb6b .av-image-caption-overlay-center{\ncolor:#ffffff;\n}\n<\/style>\n<div  class='avia-image-container av-kkmrjkhu-fd4ee8fe86b391347b130bfc8c8ebb6b av-styling-no-styling avia-align-  avia-builder-el-6  avia-builder-el-no-sibling '   itemprop=\"image\" itemscope=\"itemscope\" itemtype=\"https:\/\/schema.org\/ImageObject\" ><div class=\"avia-image-container-inner\"><div class=\"avia-image-overlay-wrap\"><img decoding=\"async\" fetchpriority=\"high\" class='wp-image-594 avia-img-lazy-loading-not-594 avia_image ' src=\"https:\/\/atos-mvz.de\/braunfels\/wp-content\/uploads\/sites\/4\/2024\/02\/hand.jpg\" alt='' title=''  height=\"667\" width=\"1000\"  itemprop=\"thumbnailUrl\" srcset=\"https:\/\/atos-mvz.de\/braunfels\/wp-content\/uploads\/sites\/4\/2024\/02\/hand.jpg 1000w, https:\/\/atos-mvz.de\/braunfels\/wp-content\/uploads\/sites\/4\/2024\/02\/hand-300x200.jpg 300w, https:\/\/atos-mvz.de\/braunfels\/wp-content\/uploads\/sites\/4\/2024\/02\/hand-768x512.jpg 768w, https:\/\/atos-mvz.de\/braunfels\/wp-content\/uploads\/sites\/4\/2024\/02\/hand-705x470.jpg 705w\" sizes=\"(max-width: 1000px) 100vw, 1000px\" \/><\/div><\/div><\/div><\/div>\n<style type=\"text\/css\" data-created_by=\"avia_inline_auto\" id=\"style-css-av-kkmrhikk-763cb42606d1b0ba9a6deef754503cd2\">\n#top .hr.hr-invisible.av-kkmrhikk-763cb42606d1b0ba9a6deef754503cd2{\nheight:200px;\n}\n<\/style>\n<div  class='hr av-kkmrhikk-763cb42606d1b0ba9a6deef754503cd2 hr-invisible  avia-builder-el-7  el_after_av_one_half  avia-builder-el-last '><span class='hr-inner '><span class=\"hr-inner-style\"><\/span><\/span><\/div>\n<\/div><\/div><\/div><!-- close content main div --><\/div><div class='av-extra-border-element border-extra-diagonal border-extra-diagonal-inverse '><div class='av-extra-border-outer'><div class='av-extra-border-inner'><\/div><\/div><\/div><\/div><div id='second-section'  class='avia-section av-kkmrofnn-ea5e4d8576e139e1b0272b978b11d112 main_color avia-section-default avia-no-border-styling  avia-builder-el-8  el_after_av_section  avia-builder-el-last  avia-bg-style-scroll container_wrap fullsize'  ><div class='container av-section-cont-open' ><div class='template-page content  av-content-full alpha units'><div class='post-entry post-entry-type-page post-entry-39'><div class='entry-content-wrapper clearfix'>\n\n<style type=\"text\/css\" data-created_by=\"avia_inline_auto\" id=\"style-css-av-kkmro5f5-a91356db0a17735e69d7c73bbe6646df\">\n#top .togglecontainer.av-kkmro5f5-a91356db0a17735e69d7c73bbe6646df p.toggler{\nbackground-color:#ffffff;\n}\n#top .togglecontainer.av-kkmro5f5-a91356db0a17735e69d7c73bbe6646df .toggle_wrap .toggle_content{\nbackground-color:#ffffff;\n}\n<\/style>\n<div  class='togglecontainer av-kkmro5f5-a91356db0a17735e69d7c73bbe6646df av-minimal-toggle  avia-builder-el-9  avia-builder-el-no-sibling  toggle_close_all' >\n<section class='av_toggle_section av-2q9gb-bd9e0cbe87c4d6ef25dc0e01cc112749'  itemscope=\"itemscope\" itemtype=\"https:\/\/schema.org\/CreativeWork\" ><div role=\"tablist\" class=\"single_toggle\" data-tags=\"{Alle} \"  ><p id='toggle-toggle-id-1' data-fake-id='#toggle-id-1' class='toggler  activeTitle av-title-above '  itemprop=\"headline\"  role='tab' tabindex='0' aria-controls='toggle-id-1' data-slide-speed=\"200\" data-title=\"Welche Ursachen gibt es f\u00fcr Handschmerzen?\" data-title-open=\"\" data-aria_collapsed=\"Click to expand: Welche Ursachen gibt es f\u00fcr Handschmerzen?\" data-aria_expanded=\"Click to collapse: Welche Ursachen gibt es f\u00fcr Handschmerzen?\">Welche Ursachen gibt es f\u00fcr Handschmerzen?<span class=\"toggle_icon\"><span class=\"vert_icon\"><\/span><span class=\"hor_icon\"><\/span><\/span><\/p><div id='toggle-id-1' aria-labelledby='toggle-toggle-id-1' role='region' class='toggle_wrap  active_tc av-title-above' style='display:block;' ><div class='toggle_content invers-color '  itemprop=\"text\" ><p>Handschmerzen sind auf Erkrankungen oder Unf\u00e4lle zur\u00fcckzuf\u00fchren. Urs\u00e4chlich sind oftmals Abnutzungen der Gelenke (Arthrose), Entz\u00fcndungen, eingeklemmte Nerven, Knochenbr\u00fcche, Zysten oder weitere Verletzungen. Bei pl\u00f6tzlich auftretenden Schmerzen in der Hand nach einem Sturz sollte umgehend ein Arzt aufgesucht werden. Handverletzungen entstehen zumeist in der Freizeit, aber auch Wege- und Arbeitsunf\u00e4lle k\u00f6nnen sie verursachen. Kann die Ursache f\u00fcr die Schmerzen in der Hand nicht mit einem bestimmten Ereignis in Verbindung gebracht werden, hilft eine genaue Beobachtung: Wo l\u00e4sst sich der Schmerz lokalisieren? Sind einzelne Finger betroffen, das Handgelenk oder die ganze Hand? Tritt der Schmerz w\u00e4hrend der Belastung auf, danach oder stark zeitversetzt? Hilft W\u00e4rme gegen den Schmerz oder ist K\u00fchlung besser? Bei ansteigender Schmerzbildung, Taubheitsgef\u00fchlen der Finger oder starken Einschr\u00e4nkungen der Beweglichkeit ist ein Arztbesuch unumg\u00e4nglich.<\/p>\n<\/div><\/div><\/div><\/section>\n<section class='av_toggle_section av-8bc3-31ac3f2c3a8ff61f49dc7945c358b487'  itemscope=\"itemscope\" itemtype=\"https:\/\/schema.org\/CreativeWork\" ><div role=\"tablist\" class=\"single_toggle\" data-tags=\"{Alle} \"  ><p id='toggle-toggle-id-2' data-fake-id='#toggle-id-2' class='toggler  av-title-above '  itemprop=\"headline\"  role='tab' tabindex='0' aria-controls='toggle-id-2' data-slide-speed=\"200\" data-title=\"Welche Symptome sind typisch bei Handschmerzen?\" data-title-open=\"\" data-aria_collapsed=\"Click to expand: Welche Symptome sind typisch bei Handschmerzen?\" data-aria_expanded=\"Click to collapse: Welche Symptome sind typisch bei Handschmerzen?\">Welche Symptome sind typisch bei Handschmerzen?<span class=\"toggle_icon\"><span class=\"vert_icon\"><\/span><span class=\"hor_icon\"><\/span><\/span><\/p><div id='toggle-id-2' aria-labelledby='toggle-toggle-id-2' role='region' class='toggle_wrap  av-title-above'  ><div class='toggle_content invers-color '  itemprop=\"text\" ><p>Handschmerzen k\u00f6nnen auf unterschiedliche Symptome zur\u00fcckgef\u00fchrt werden. Entz\u00fcndungen zeigen sich besonders h\u00e4ufig an den Sehnen oder den Sehnenans\u00e4tzen. In der Regel ist die Haut in dem Bereich ger\u00f6tet und es geht sp\u00fcrbar W\u00e4rme von der Stelle aus. Zus\u00e4tzlich k\u00f6nnen Schwellungen auftreten. Zumeist nehmen die Handschmerzen bei Belastung der entz\u00fcndeten Sehnen zu. Eine fortgeschrittene Entz\u00fcndung verursacht auch im Ruhezustand Schmerzen. Mit den Schmerzen kann ein deutlicher Kraftverlust einhergehen. Ohne Weiteres ist das Anheben einer Einkaufstasche oder \u00e4hnliche Kraftanstrengungen nicht mehr m\u00f6glich. Zuweilen ist w\u00e4hrend der Bewegung ein Knirschen zu h\u00f6ren. Dieses wird von der Sehne erzeugt und betrifft nur in Ausnahmen die Gelenke oder kn\u00f6chernen Strukturen an sich. Die angeschwollen oder verdickten Sehnen geben durch die Reibung im Bewegungsprozess diese Ger\u00e4usche ab. Vergleichbare Symptome werden durch das Karpaltunnelsyndrom oder eine Arthrose-Erkrankung ausgel\u00f6st. Erkrankte Personen berichten, dass sich der Handschmerz mehr als Bewegungsschmerz zeigt. Eine genaue Diagnose l\u00e4sst sich daher nur durch Zuhilfenahme bildgebender Verfahren stellen. Zus\u00e4tzlich kann mit speziellen Bewegungstests die Beweglichkeit der Gelenke \u00fcberpr\u00fcft werden. Zur Diagnose wird zudem die Schmerzauspr\u00e4gung herangezogen. Ausstrahlende Schmerzen in den Unterarm oder Ellenbogen oder in Richtung der Finger sowie Taubheitsgef\u00fchle der Finger weisen auf unterschiedliche Erkrankungen hin. Bei letzteren Fehlempfindungen sollte abgekl\u00e4rt werden, ob die Schmerzen von einem eingeklemmten Nerv in der Wirbels\u00e4ule herr\u00fchren k\u00f6nnen.<\/p>\n<\/div><\/div><\/div><\/section>\n<section class='av_toggle_section av-1fevn-a84cdd1260c9c10a18d5ca456ed798b6'  itemscope=\"itemscope\" itemtype=\"https:\/\/schema.org\/CreativeWork\" ><div role=\"tablist\" class=\"single_toggle\" data-tags=\"{Alle} \"  ><p id='toggle-toggle-id-3' data-fake-id='#toggle-id-3' class='toggler  av-title-above '  itemprop=\"headline\"  role='tab' tabindex='0' aria-controls='toggle-id-3' data-slide-speed=\"200\" data-title=\"Welche Verletzungen sind verantwortlich f\u00fcr Handschmerzen und welche Diagnosen gibt es?\" data-title-open=\"\" data-aria_collapsed=\"Click to expand: Welche Verletzungen sind verantwortlich f\u00fcr Handschmerzen und welche Diagnosen gibt es?\" data-aria_expanded=\"Click to collapse: Welche Verletzungen sind verantwortlich f\u00fcr Handschmerzen und welche Diagnosen gibt es?\">Welche Verletzungen sind verantwortlich f\u00fcr Handschmerzen und welche Diagnosen gibt es?<span class=\"toggle_icon\"><span class=\"vert_icon\"><\/span><span class=\"hor_icon\"><\/span><\/span><\/p><div id='toggle-id-3' aria-labelledby='toggle-toggle-id-3' role='region' class='toggle_wrap  av-title-above'  ><div class='toggle_content invers-color '  itemprop=\"text\" ><p>Bei \u00e4lteren Menschen ohne sichtbare \u00e4u\u00dfere Ursachen f\u00fcr die Handschmerzen stehen die Beschwerden h\u00e4ufig im Zusammenhang mit einer Handgelenksarthrose. Darunter werden \u00fcberm\u00e4\u00dfige Abnutzungserscheinungen des Handgelenks bzw. der Handwurzel verstanden. \u00dcberm\u00e4\u00dfige Belastungen und \u00dcberbeanspruchungen k\u00f6nnen zur Arthrose f\u00fchren. Zumeist liegen zus\u00e4tzlich andere Ursachen vor. Beispielsweise kann es eine genetische Veranlagung geben oder die Erkrankung wird durch eine Verletzung wie beispielsweise ein schlecht verheilter Knochenbruch beg\u00fcnstigt. Weitere Faktoren sind Durchblutungsst\u00f6rungen, B\u00e4nderrisse, Gicht oder Rheuma. Die Rhizarthrose ist eine Sonderform der Arthrose, die das Daumensattelgelenk betrifft. Diese Form der Gelenkabnutzung betrifft h\u00e4ufig Frauen. Tritt die Arthrose an mehreren Gelenken der Hand auf, wird dieses mit dem Begriff Polyarthrose bezeichnet. Arthrose in den Fingergelenken f\u00fchrt zu Problemen beim Greifen und Festhalten sowie bei Drehbewegungen. Andere Erkrankungen der Finger k\u00f6nnen wie beispielsweise beim Morbus Dupuytren dazu f\u00fchren, dass die Finger nicht mehr ohne Hilfe gestreckt werden k\u00f6nnen. Sie verbleiben in einer Kr\u00fcmmung in Richtung Handfl\u00e4che. Dieses Krankheitsbild ist auf eine Bindegewebserkrankung zur\u00fcckzuf\u00fchren. Dabei kommt es zu Wucherungen im Bindegewebe in Form von Kn\u00f6tchen und Handfl\u00e4chenver\u00e4nderungen. Der Morbus Dupuytren verl\u00e4uft in den allermeisten F\u00e4llen gutartig, hat allerdings gro\u00dfe Auswirkungen auf die Bew\u00e4ltigung des Alltags und die Lebensqualit\u00e4t der Betroffenen. Zumeist beginnt die Erkrankung am kleinen Finger, kann aber jeden Finger betreffen. Sie geht mit moderaten Schmerzen einher.<\/p>\n<\/div><\/div><\/div><\/section>\n<section class='av_toggle_section av-u9zz-648552feec99b31f734d22a1a3d27151'  itemscope=\"itemscope\" itemtype=\"https:\/\/schema.org\/CreativeWork\" ><div role=\"tablist\" class=\"single_toggle\" data-tags=\"{Alle} \"  ><p id='toggle-toggle-id-4' data-fake-id='#toggle-id-4' class='toggler  av-title-above '  itemprop=\"headline\"  role='tab' tabindex='0' aria-controls='toggle-id-4' data-slide-speed=\"200\" data-title=\"Welche Therapie gibt es f\u00fcr Handschmerzen?\" data-title-open=\"\" data-aria_collapsed=\"Click to expand: Welche Therapie gibt es f\u00fcr Handschmerzen?\" data-aria_expanded=\"Click to collapse: Welche Therapie gibt es f\u00fcr Handschmerzen?\">Welche Therapie gibt es f\u00fcr Handschmerzen?<span class=\"toggle_icon\"><span class=\"vert_icon\"><\/span><span class=\"hor_icon\"><\/span><\/span><\/p><div id='toggle-id-4' aria-labelledby='toggle-toggle-id-4' role='region' class='toggle_wrap  av-title-above'  ><div class='toggle_content invers-color '  itemprop=\"text\" ><p>Die Diagnose wird nach einer eingehenden Anamnese, Untersuchung und der Zuhilfenahme von bildgebenden Verfahren gestellt. Im R\u00f6ntgenverfahren und in der Magnetresonanztomografie (MRT) k\u00f6nnen die kn\u00f6chernen Strukturen und Weichteile sichtbar gemacht werden. Die Beweglichkeit der Hand und der Finger wird anhand besonderer \u00dcbungen untersucht. Spezielle Formen der Arthrose und einige andere Erkrankungen, darunter der Morbus Dupuytren, sind nicht heilbar. Die Beschwerden k\u00f6nnen mit den passenden therapeutischen Ma\u00dfnahmen gelindert werden. Starke Einschr\u00e4nkungen der Beweglichkeit k\u00f6nnen h\u00e4ufig durch eine Operation behoben werden. Dazu steht im deutschsprachigen Raum eine Vielzahl an spezialisierten Kliniken zur Verf\u00fcgung. Die Eingriffe werden je nach Operationsverfahren ambulant oder station\u00e4r durchgef\u00fchrt. Besonders mutige Patienten k\u00f6nnen unter Lokalan\u00e4sthesie in manchen F\u00e4llen die Operationsschritte verfolgen. Sowohl konservative Therapien als auch der operative Eingriff haben das Ziel, die Beschwerden der Betroffenen dauerhaft zu lindern und die Beweglichkeit der Hand- und Fingergelenke zu verbessern bzw. zu erhalten. Dabei kommt der Physiotherapie eine besondere Bedeutung zu. Die krankengymnastischen \u00dcbungen werden angelernt und k\u00f6nnen von den Patienten zuhause fortgef\u00fchrt werden. Akute Schmerzen werden zumeist mit schmerzstillenden und entz\u00fcndungshemmenden Medikamenten behandelt. Eine Selbstmedikation sollte nicht erfolgen, sondern die Ma\u00dfnahme sollte von der \u00c4rztin oder dem Arzt verordnet werden. Zu den konservativen Ma\u00dfnahmen geh\u00f6ren unter anderem die Elektro- und die Ergotherapie. Diese Therapien werden von den Betroffenen als hilfreich und angenehm beschrieben. Vorr\u00fcbergehend kann das gesch\u00e4digte Gelenk in einer Schiene ruhiggestellt werden, um mit der Entlastung eine Verbesserung zu erzielen. Ein operativer Eingriff, der durch eine teilweise oder vollst\u00e4ndige Versteifung des Gelenks die Beschwerden lindert, kommt nur in Einzelf\u00e4llen in Betracht, wenn die zahlreichen konservativen Behandlungsmethoden nicht oder nicht ausreichend greifen.<\/p>\n<\/div><\/div><\/div><\/section>\n<\/div>\n<\/p>\n","protected":false},"excerpt":{"rendered":"","protected":false},"author":1,"featured_media":0,"parent":0,"menu_order":0,"comment_status":"closed","ping_status":"closed","template":"","meta":{"footnotes":""},"class_list":["post-39","page","type-page","status-publish","hentry"],"yoast_head":"<!-- This site is optimized with the Yoast SEO plugin v27.3 - https:\/\/yoast.com\/product\/yoast-seo-wordpress\/ -->\n<title>Handschmerzen - MVZ Braunfels<\/title>\n<meta name=\"description\" content=\"Handschmerzen effektiv behandeln in Braunfels: Hilfe bei Karpaltunnelsyndrom, Rhizarthrose, Morbus Dupuytren &amp; Entz\u00fcndungen. Jetzt Experten-Rat einholen.\" \/>\n<meta name=\"robots\" content=\"index, follow, max-snippet:-1, max-image-preview:large, max-video-preview:-1\" \/>\n<link rel=\"canonical\" href=\"https:\/\/atos-mvz.de\/handschmerzen\/\" \/>\n<meta property=\"og:locale\" content=\"de_DE\" \/>\n<meta property=\"og:type\" content=\"article\" \/>\n<meta property=\"og:title\" content=\"Handschmerzen - MVZ Braunfels\" \/>\n<meta property=\"og:description\" content=\"Handschmerzen effektiv behandeln in Braunfels: Hilfe bei Karpaltunnelsyndrom, Rhizarthrose, Morbus Dupuytren &amp; Entz\u00fcndungen. Jetzt Experten-Rat einholen.\" \/>\n<meta property=\"og:url\" content=\"https:\/\/atos-mvz.de\/handschmerzen\/\" \/>\n<meta property=\"og:site_name\" content=\"MVZ Braunfels\" \/>\n<meta property=\"article:modified_time\" content=\"2026-01-14T08:42:42+00:00\" \/>\n<meta name=\"twitter:card\" content=\"summary_large_image\" \/>\n<script type=\"application\/ld+json\" class=\"yoast-schema-graph\">{\"@context\":\"https:\\\/\\\/schema.org\",\"@graph\":[{\"@type\":\"WebPage\",\"@id\":\"https:\\\/\\\/atos-mvz.de\\\/braunfels\\\/handschmerzen\\\/\",\"url\":\"https:\\\/\\\/atos-mvz.de\\\/handschmerzen\\\/\",\"name\":\"Handschmerzen - MVZ Braunfels\",\"isPartOf\":{\"@id\":\"https:\\\/\\\/atos-mvz.de\\\/braunfels\\\/#website\"},\"datePublished\":\"2021-02-01T16:11:30+00:00\",\"dateModified\":\"2026-01-14T08:42:42+00:00\",\"description\":\"Handschmerzen effektiv behandeln in Braunfels: Hilfe bei Karpaltunnelsyndrom, Rhizarthrose, Morbus Dupuytren & Entz\u00fcndungen. Jetzt Experten-Rat einholen.\",\"breadcrumb\":{\"@id\":\"https:\\\/\\\/atos-mvz.de\\\/handschmerzen\\\/#breadcrumb\"},\"inLanguage\":\"de\",\"potentialAction\":[{\"@type\":\"ReadAction\",\"target\":[\"https:\\\/\\\/atos-mvz.de\\\/handschmerzen\\\/\"]}]},{\"@type\":\"BreadcrumbList\",\"@id\":\"https:\\\/\\\/atos-mvz.de\\\/handschmerzen\\\/#breadcrumb\",\"itemListElement\":[{\"@type\":\"ListItem\",\"position\":1,\"name\":\"Startseite\",\"item\":\"https:\\\/\\\/atos-mvz.de\\\/braunfels\\\/startseite\\\/\"},{\"@type\":\"ListItem\",\"position\":2,\"name\":\"Handschmerzen\"}]},{\"@type\":\"WebSite\",\"@id\":\"https:\\\/\\\/atos-mvz.de\\\/braunfels\\\/#website\",\"url\":\"https:\\\/\\\/atos-mvz.de\\\/braunfels\\\/\",\"name\":\"MVZ Braunfels\",\"description\":\"\",\"potentialAction\":[{\"@type\":\"SearchAction\",\"target\":{\"@type\":\"EntryPoint\",\"urlTemplate\":\"https:\\\/\\\/atos-mvz.de\\\/braunfels\\\/?s={search_term_string}\"},\"query-input\":{\"@type\":\"PropertyValueSpecification\",\"valueRequired\":true,\"valueName\":\"search_term_string\"}}],\"inLanguage\":\"de\"}]}<\/script>\n<!-- \/ Yoast SEO plugin. -->","yoast_head_json":{"title":"Handschmerzen - MVZ Braunfels","description":"Handschmerzen effektiv behandeln in Braunfels: Hilfe bei Karpaltunnelsyndrom, Rhizarthrose, Morbus Dupuytren & Entz\u00fcndungen. Jetzt Experten-Rat einholen.","robots":{"index":"index","follow":"follow","max-snippet":"max-snippet:-1","max-image-preview":"max-image-preview:large","max-video-preview":"max-video-preview:-1"},"canonical":"https:\/\/atos-mvz.de\/handschmerzen\/","og_locale":"de_DE","og_type":"article","og_title":"Handschmerzen - MVZ Braunfels","og_description":"Handschmerzen effektiv behandeln in Braunfels: Hilfe bei Karpaltunnelsyndrom, Rhizarthrose, Morbus Dupuytren & Entz\u00fcndungen. Jetzt Experten-Rat einholen.","og_url":"https:\/\/atos-mvz.de\/handschmerzen\/","og_site_name":"MVZ Braunfels","article_modified_time":"2026-01-14T08:42:42+00:00","twitter_card":"summary_large_image","schema":{"@context":"https:\/\/schema.org","@graph":[{"@type":"WebPage","@id":"https:\/\/atos-mvz.de\/braunfels\/handschmerzen\/","url":"https:\/\/atos-mvz.de\/handschmerzen\/","name":"Handschmerzen - MVZ Braunfels","isPartOf":{"@id":"https:\/\/atos-mvz.de\/braunfels\/#website"},"datePublished":"2021-02-01T16:11:30+00:00","dateModified":"2026-01-14T08:42:42+00:00","description":"Handschmerzen effektiv behandeln in Braunfels: Hilfe bei Karpaltunnelsyndrom, Rhizarthrose, Morbus Dupuytren & Entz\u00fcndungen. Jetzt Experten-Rat einholen.","breadcrumb":{"@id":"https:\/\/atos-mvz.de\/handschmerzen\/#breadcrumb"},"inLanguage":"de","potentialAction":[{"@type":"ReadAction","target":["https:\/\/atos-mvz.de\/handschmerzen\/"]}]},{"@type":"BreadcrumbList","@id":"https:\/\/atos-mvz.de\/handschmerzen\/#breadcrumb","itemListElement":[{"@type":"ListItem","position":1,"name":"Startseite","item":"https:\/\/atos-mvz.de\/braunfels\/startseite\/"},{"@type":"ListItem","position":2,"name":"Handschmerzen"}]},{"@type":"WebSite","@id":"https:\/\/atos-mvz.de\/braunfels\/#website","url":"https:\/\/atos-mvz.de\/braunfels\/","name":"MVZ Braunfels","description":"","potentialAction":[{"@type":"SearchAction","target":{"@type":"EntryPoint","urlTemplate":"https:\/\/atos-mvz.de\/braunfels\/?s={search_term_string}"},"query-input":{"@type":"PropertyValueSpecification","valueRequired":true,"valueName":"search_term_string"}}],"inLanguage":"de"}]}},"_links":{"self":[{"href":"https:\/\/atos-mvz.de\/braunfels\/wp-json\/wp\/v2\/pages\/39","targetHints":{"allow":["GET"]}}],"collection":[{"href":"https:\/\/atos-mvz.de\/braunfels\/wp-json\/wp\/v2\/pages"}],"about":[{"href":"https:\/\/atos-mvz.de\/braunfels\/wp-json\/wp\/v2\/types\/page"}],"author":[{"embeddable":true,"href":"https:\/\/atos-mvz.de\/braunfels\/wp-json\/wp\/v2\/users\/1"}],"replies":[{"embeddable":true,"href":"https:\/\/atos-mvz.de\/braunfels\/wp-json\/wp\/v2\/comments?post=39"}],"version-history":[{"count":5,"href":"https:\/\/atos-mvz.de\/braunfels\/wp-json\/wp\/v2\/pages\/39\/revisions"}],"predecessor-version":[{"id":683,"href":"https:\/\/atos-mvz.de\/braunfels\/wp-json\/wp\/v2\/pages\/39\/revisions\/683"}],"wp:attachment":[{"href":"https:\/\/atos-mvz.de\/braunfels\/wp-json\/wp\/v2\/media?parent=39"}],"curies":[{"name":"wp","href":"https:\/\/api.w.org\/{rel}","templated":true}]}}