{"id":2,"date":"2021-01-26T14:26:24","date_gmt":"2021-01-26T13:26:24","guid":{"rendered":"https:\/\/atos-mvz.de\/braunfels\/?page_id=2"},"modified":"2024-02-02T15:25:15","modified_gmt":"2024-02-02T14:25:15","slug":"startseite","status":"publish","type":"page","link":"https:\/\/atos-mvz.de\/braunfels\/","title":{"rendered":"Startseite"},"content":{"rendered":"\n<style type=\"text\/css\" data-created_by=\"avia_inline_auto\" id=\"style-css-av-kkmrirzt-39e6bd6434a5be971c7d427af113096d\">\n.avia-section.av-kkmrirzt-39e6bd6434a5be971c7d427af113096d{\nbackground-repeat:no-repeat;\nbackground-image:url(https:\/\/atos-mvz.de\/braunfels\/wp-content\/uploads\/sites\/4\/2021\/02\/braunfels.jpg);\nbackground-position:50% 50%;\nbackground-attachment:scroll;\n}\n.avia-section.av-kkmrirzt-39e6bd6434a5be971c7d427af113096d .av-extra-border-element .av-extra-border-inner{\nbackground-color:#ffffff;\n}\n<\/style>\n<div id='header-img'  class='avia-section av-kkmrirzt-39e6bd6434a5be971c7d427af113096d main_color avia-section-large avia-no-border-styling  avia-builder-el-0  el_before_av_section  avia-builder-el-first  header-withbox avia-full-stretch avia-bg-style-scroll container_wrap fullsize'  data-section-bg-repeat='stretch'><div class='container av-section-cont-open' ><main  role=\"main\" itemprop=\"mainContentOfPage\"  class='template-page content  av-content-full alpha units'><div class='post-entry post-entry-type-page post-entry-2'><div class='entry-content-wrapper clearfix'>\n\n<style type=\"text\/css\" data-created_by=\"avia_inline_auto\" id=\"style-css-av-kkmrhikk-4a8cadc17145bc64b4e727b95163d4dc\">\n#top .hr.hr-invisible.av-kkmrhikk-4a8cadc17145bc64b4e727b95163d4dc{\nheight:70px;\n}\n<\/style>\n<div  class='hr av-kkmrhikk-4a8cadc17145bc64b4e727b95163d4dc hr-invisible  avia-builder-el-1  el_before_av_two_third  avia-builder-el-first '><span class='hr-inner '><span class=\"hr-inner-style\"><\/span><\/span><\/div>\n\n<style type=\"text\/css\" data-created_by=\"avia_inline_auto\" id=\"style-css-av-kknrdjf9-26177fc823b9ae29418730627fac29d4\">\n.flex_column.av-kknrdjf9-26177fc823b9ae29418730627fac29d4{\nborder-radius:0px 0px 0px 0px;\npadding:0px 0px 0px 0px;\n}\n<\/style>\n<div  class='flex_column av-kknrdjf9-26177fc823b9ae29418730627fac29d4 av_two_third  avia-builder-el-2  el_after_av_hr  el_before_av_one_third  first no_margin flex_column_div av-hide-on-mobile av-zero-column-padding  '     ><\/div>\n<style type=\"text\/css\" data-created_by=\"avia_inline_auto\" id=\"style-css-av-kknraj4v-422c90050313c3a1a3e44dd8ea9011ba\">\n@keyframes av_boxShadowEffect_av-kknraj4v-422c90050313c3a1a3e44dd8ea9011ba-column {\n0%   { box-shadow:  0 0 0 0 #e0e0e0; opacity: 1; }\n100% { box-shadow:  0 0 30px 0 #e0e0e0; opacity: 1; }\n}\n.flex_column.av-kknraj4v-422c90050313c3a1a3e44dd8ea9011ba{\nbox-shadow: 0 0 30px 0 #e0e0e0;\nborder-radius:20px 20px 20px 20px;\npadding:35px 35px 35px 35px;\nbackground-color:#ffffff;\n}\n<\/style>\n<div  class='flex_column av-kknraj4v-422c90050313c3a1a3e44dd8ea9011ba av_one_third  avia-builder-el-3  el_after_av_two_third  avia-builder-el-last  shadow no_margin flex_column_div shadow-not-animated av-hide-on-mobile  '     ><section  class='av_textblock_section av-kknrc7yx-53560c09956f6e038e35913f3a9ce9ed '   itemscope=\"itemscope\" itemtype=\"https:\/\/schema.org\/CreativeWork\" ><div class='avia_textblock'  itemprop=\"text\" ><h2>ATOS MVZ <strong>Braunfels<\/strong><\/h2>\n<p>Wir beraten Sie bei allen orthop\u00e4dischen Fragestellungen \u2013 von der Diagnose bis zur Therapie.<\/p>\n<\/div><\/section><br \/>\n<div  class='avia-button-wrap av-kknrch31-1da3f8f8061050f7cab167e4d059f657-wrap avia-button-left  avia-builder-el-5  el_after_av_textblock  avia-builder-el-last '><a href='https:\/\/www.doctolib.de\/medizinisches-versorgungszentrum-mvz\/braunfels\/atos-mvz-braunfels'  class='avia-button av-kknrch31-1da3f8f8061050f7cab167e4d059f657 av-link-btn avia-icon_select-yes-right-icon avia-size-small avia-position-left avia-color-theme-color'  target=\"_blank\"  rel=\"noopener noreferrer\"  aria-label=\"Termin vereinbaren\"><span class='avia_iconbox_title' >Termin vereinbaren<\/span><span class='avia_button_icon avia_button_icon_right avia-iconfont avia-font-entypo-fontello' data-av_icon='\ue85b' data-av_iconfont='entypo-fontello' ><\/span><\/a><\/div><\/p><\/div><\/div><\/div><\/main><!-- close content main element --><\/div><div class='av-extra-border-element border-extra-diagonal border-extra-diagonal-inverse '><div class='av-extra-border-outer'><div class='av-extra-border-inner'><\/div><\/div><\/div><\/div><div id='av_section_2'  class='avia-section av-kknrda3n-9f008ffb3254b6cbaf45d7e4f49321e4 main_color avia-section-large avia-no-border-styling  avia-builder-el-6  el_after_av_section  el_before_av_section  mobile-box avia-bg-style-scroll container_wrap fullsize'  ><div class='container av-section-cont-open' ><div class='template-page content  av-content-full alpha units'><div class='post-entry post-entry-type-page post-entry-2'><div class='entry-content-wrapper clearfix'>\n\n<style type=\"text\/css\" data-created_by=\"avia_inline_auto\" id=\"style-css-av-kknraj4v-7-e0f2ba9159a8c0e32663d768812596db\">\n@keyframes av_boxShadowEffect_av-kknraj4v-7-e0f2ba9159a8c0e32663d768812596db-column {\n0%   { box-shadow:  0 0 0 0 #e0e0e0; opacity: 1; }\n100% { box-shadow:  0 0 30px 0 #e0e0e0; opacity: 1; }\n}\n.flex_column.av-kknraj4v-7-e0f2ba9159a8c0e32663d768812596db{\nbox-shadow: 0 0 30px 0 #e0e0e0;\nborder-radius:20px 20px 20px 20px;\npadding:35px 35px 35px 35px;\nbackground-color:#ffffff;\n}\n<\/style>\n<div  class='flex_column av-kknraj4v-7-e0f2ba9159a8c0e32663d768812596db av_one_third  avia-builder-el-7  avia-builder-el-no-sibling  shadow first av-break-at-tablet flex_column_div shadow-not-animated  '     ><section  class='av_textblock_section av-kknrc7yx-6-99603dfebd00be92c22a70901f36458d '   itemscope=\"itemscope\" itemtype=\"https:\/\/schema.org\/CreativeWork\" ><div class='avia_textblock'  itemprop=\"text\" ><h2>ATOS MVZ <strong>Braunfels<\/strong><\/h2>\n<p>Wir beraten Sie bei allen orthop\u00e4dischen Fragestellungen \u2013 von der Diagnose bis zur Therapie.<\/p>\n<\/div><\/section><br \/>\n<div  class='avia-button-wrap av-kknrch31-5-e71bb28424db10e2eacb5f5f747b9e6d-wrap avia-button-left  avia-builder-el-9  el_after_av_textblock  avia-builder-el-last '><a href='https:\/\/atos-mvz.de\/braunfels\/kontakt\/'  class='avia-button av-kknrch31-5-e71bb28424db10e2eacb5f5f747b9e6d av-link-btn avia-icon_select-yes-right-icon avia-size-small avia-position-left avia-color-theme-color'   aria-label=\"Kontakt\"><span class='avia_iconbox_title' >Kontakt<\/span><span class='avia_button_icon avia_button_icon_right avia-iconfont avia-font-fontello' data-av_icon='\ue808' data-av_iconfont='fontello' ><\/span><\/a><\/div><\/p><\/div><\/div><\/div><\/div><!-- close content main div --><\/div><\/div>\n<style type=\"text\/css\" data-created_by=\"avia_inline_auto\" id=\"style-css-av-kknsopoy-85e2093d45e6b6ac01e989fd59a25c06\">\n.avia-section.av-kknsopoy-85e2093d45e6b6ac01e989fd59a25c06 .av-extra-border-element .av-extra-border-inner{\nbackground-color:#ffffff;\n}\n<\/style>\n<div id='first-section-before-imgseparator'  class='avia-section av-kknsopoy-85e2093d45e6b6ac01e989fd59a25c06 main_color avia-section-default avia-no-border-styling  avia-builder-el-10  el_after_av_section  avia-builder-el-last  avia-bg-style-scroll container_wrap fullsize'  ><div class='container av-section-cont-open' ><div class='template-page content  av-content-full alpha units'><div class='post-entry post-entry-type-page post-entry-2'><div class='entry-content-wrapper clearfix'>\n\n<style type=\"text\/css\" data-created_by=\"avia_inline_auto\" id=\"style-css-av-71jk-4baee0c7353e3f1553e495aa05b85a14\">\n.flex_column.av-71jk-4baee0c7353e3f1553e495aa05b85a14{\nborder-radius:0px 0px 0px 0px;\npadding:0px 0px 0px 0px;\n}\n<\/style>\n<div  class='flex_column av-71jk-4baee0c7353e3f1553e495aa05b85a14 av_one_half  avia-builder-el-11  el_before_av_one_half  avia-builder-el-first  first flex_column_div av-zero-column-padding  '     ><section  class='av_textblock_section av-kknrc7yx-4-9cf2de97e68fe1531b648481a4d1ff10 '   itemscope=\"itemscope\" itemtype=\"https:\/\/schema.org\/CreativeWork\" ><div class='avia_textblock'  itemprop=\"text\" ><h1>Orthop\u00e4die MVZ\u00a0<strong>Braunfels<\/strong><\/h1>\n<p>Unser Hauptaugenmerk liegt in der konservativen und operativen Behandlung von Erkrankungen und Verletzungen des Bewegungsapparates, insbesondere Schulter-, Knie- und H\u00fcftgelenke. Dar\u00fcber hinaus widmen wir uns der Behandlung von Wirbels\u00e4ulenerkrankungen sowie des Fu\u00df- und Handskeletts. In Braunfels wird das gesamte Spektrum der Orthop\u00e4die und Unfallchirurgie abgedeckt.<\/p>\n<h3>Orthop\u00e4dische Rehabilitation<\/h3>\n<div class=\"entry\">\n<p>Sie haben ein langwieriges Problem mit dem Bewegungsapparat, bekommen aber keine Krankengymnastik mehr? Sie wollen etwas f\u00fcr Ihren K\u00f6rper tun, haben jedoch keine Zeit oder Lust in ein Fitnessstudio zu gehen? Daf\u00fcr gibt es interessante M\u00f6glichkeiten, zuhause etwas Sport zu treiben. Ein attraktives Angebot finden Sie bei: <a href=\"http:\/\/www.fitmitreha.de\" target=\"_blank\" rel=\"noopener\">www.fitmitreha.de<\/a><\/p>\n<\/div>\n<\/div><\/section><\/div>\n<style type=\"text\/css\" data-created_by=\"avia_inline_auto\" id=\"style-css-av-4n0u-f09e6e1073fa0444bae7a75626ed4ec2\">\n.flex_column.av-4n0u-f09e6e1073fa0444bae7a75626ed4ec2{\nborder-radius:0px 0px 0px 0px;\npadding:0px 0px 0px 0px;\n}\n<\/style>\n<div  class='flex_column av-4n0u-f09e6e1073fa0444bae7a75626ed4ec2 av_one_half  avia-builder-el-13  el_after_av_one_half  avia-builder-el-last  flex_column_div av-zero-column-padding  '     ><div  id=\"aerzte\"  class=' grid-sort-container isotope   av-medium-columns-overwrite av-medium-columns-1 av-small-columns-overwrite av-small-columns-1 av-mini-columns-overwrite av-mini-columns-1 no_margin-container with-title-container grid-total-even grid-col-2 grid-links-' data-portfolio-id='1'><div data-ajax-id='505' class=' grid-entry flex_column isotope-item all_sort no_margin post-entry post-entry-505 grid-entry-overview grid-loop-1 grid-parity-odd  arzt_sort  av_one_half first default_av_fullwidth '><article class='main_color inner-entry'  itemscope=\"itemscope\" itemtype=\"https:\/\/schema.org\/CreativeWork\" ><a href=\"https:\/\/atos-mvz.de\/braunfels\/arzt\/dr-med-birgit-dierkes\/\" title='Dr. med. Birgit Dierkes'  data-rel='grid-1' class='grid-image avia-hover-fx'> <img decoding=\"async\" fetchpriority=\"high\" width=\"180\" height=\"180\" src=\"https:\/\/atos-mvz.de\/braunfels\/wp-content\/uploads\/sites\/4\/2023\/11\/birgit-dierkes-1-180x180.jpg\" class=\"wp-image-525 avia-img-lazy-loading-not-525 attachment-square size-square wp-post-image\" alt=\"\" srcset=\"https:\/\/atos-mvz.de\/braunfels\/wp-content\/uploads\/sites\/4\/2023\/11\/birgit-dierkes-1-180x180.jpg 180w, https:\/\/atos-mvz.de\/braunfels\/wp-content\/uploads\/sites\/4\/2023\/11\/birgit-dierkes-1-80x80.jpg 80w, https:\/\/atos-mvz.de\/braunfels\/wp-content\/uploads\/sites\/4\/2023\/11\/birgit-dierkes-1-36x36.jpg 36w\" sizes=\"(max-width: 180px) 100vw, 180px\" \/><\/a><div class='grid-content'><div class='avia-arrow'><\/div><header class=\"entry-content-header\" aria-label=\"Portfolio: Dr. med. Birgit Dierkes\"><h3 class='grid-entry-title entry-title '  itemprop=\"headline\" ><a href='https:\/\/atos-mvz.de\/braunfels\/arzt\/dr-med-birgit-dierkes\/' title='Dr. med. Birgit Dierkes'>Dr. med. Birgit Dierkes<\/a><\/h3><\/header><\/div><footer class=\"entry-footer\"><\/footer><\/article><\/div><div data-ajax-id='376' class=' grid-entry flex_column isotope-item all_sort no_margin post-entry post-entry-376 grid-entry-overview grid-loop-2 grid-parity-even  arzt_sort  av_one_half  default_av_fullwidth '><article class='main_color inner-entry'  itemscope=\"itemscope\" itemtype=\"https:\/\/schema.org\/CreativeWork\" ><a href=\"https:\/\/atos-mvz.de\/braunfels\/arzt\/younis-hussain\/\" title='Younis Hussain'  data-rel='grid-1' class='grid-image avia-hover-fx'> <img decoding=\"async\" fetchpriority=\"high\" width=\"180\" height=\"180\" src=\"https:\/\/atos-mvz.de\/braunfels\/wp-content\/uploads\/sites\/4\/2023\/01\/Hussain-180x180.jpg\" class=\"wp-image-377 avia-img-lazy-loading-not-377 attachment-square size-square wp-post-image\" alt=\"Hussain\" srcset=\"https:\/\/atos-mvz.de\/braunfels\/wp-content\/uploads\/sites\/4\/2023\/01\/Hussain-180x180.jpg 180w, https:\/\/atos-mvz.de\/braunfels\/wp-content\/uploads\/sites\/4\/2023\/01\/Hussain-80x80.jpg 80w, https:\/\/atos-mvz.de\/braunfels\/wp-content\/uploads\/sites\/4\/2023\/01\/Hussain-36x36.jpg 36w\" sizes=\"(max-width: 180px) 100vw, 180px\" \/><\/a><div class='grid-content'><div class='avia-arrow'><\/div><header class=\"entry-content-header\" aria-label=\"Portfolio: Younis Hussain\"><h3 class='grid-entry-title entry-title '  itemprop=\"headline\" ><a href='https:\/\/atos-mvz.de\/braunfels\/arzt\/younis-hussain\/' title='Younis Hussain'>Younis Hussain<\/a><\/h3><\/header><\/div><footer class=\"entry-footer\"><\/footer><\/article><\/div><div data-ajax-id='185' class=' grid-entry flex_column isotope-item all_sort no_margin post-entry post-entry-185 grid-entry-overview grid-loop-3 grid-parity-odd  arzt_sort  av_one_half first default_av_fullwidth '><article class='main_color inner-entry'  itemscope=\"itemscope\" itemtype=\"https:\/\/schema.org\/CreativeWork\" ><a href=\"https:\/\/atos-mvz.de\/braunfels\/arzt\/dr-martin-berger\/\" title='Dr. Martin Berger'  data-rel='grid-1' class='grid-image avia-hover-fx'> <img decoding=\"async\" fetchpriority=\"high\" width=\"180\" height=\"180\" src=\"https:\/\/atos-mvz.de\/braunfels\/wp-content\/uploads\/sites\/4\/2021\/02\/Berger-Portrait-MVZ-Braunfels-180x180.jpg\" class=\"wp-image-211 avia-img-lazy-loading-not-211 attachment-square size-square wp-post-image\" alt=\"Orthop\u00e4de Dr. Martin Berger Braunfels\" srcset=\"https:\/\/atos-mvz.de\/braunfels\/wp-content\/uploads\/sites\/4\/2021\/02\/Berger-Portrait-MVZ-Braunfels-180x180.jpg 180w, https:\/\/atos-mvz.de\/braunfels\/wp-content\/uploads\/sites\/4\/2021\/02\/Berger-Portrait-MVZ-Braunfels-80x80.jpg 80w, https:\/\/atos-mvz.de\/braunfels\/wp-content\/uploads\/sites\/4\/2021\/02\/Berger-Portrait-MVZ-Braunfels-36x36.jpg 36w\" sizes=\"(max-width: 180px) 100vw, 180px\" \/><\/a><div class='grid-content'><div class='avia-arrow'><\/div><header class=\"entry-content-header\" aria-label=\"Portfolio: Dr. Martin Berger\"><h3 class='grid-entry-title entry-title '  itemprop=\"headline\" ><a href='https:\/\/atos-mvz.de\/braunfels\/arzt\/dr-martin-berger\/' title='Dr. Martin Berger'>Dr. Martin Berger<\/a><\/h3><\/header><\/div><footer class=\"entry-footer\"><\/footer><\/article><\/div><div data-ajax-id='440' class=' grid-entry flex_column isotope-item all_sort no_margin post-entry post-entry-440 grid-entry-overview grid-loop-4 grid-parity-even  post-entry-last  arzt_sort  av_one_half  default_av_fullwidth '><article class='main_color inner-entry'  itemscope=\"itemscope\" itemtype=\"https:\/\/schema.org\/CreativeWork\" ><a href=\"https:\/\/atos-mvz.de\/braunfels\/arzt\/dr-matti-scholz\/\" title='PD Dr. med. habil. Matti Scholz'  data-rel='grid-1' class='grid-image avia-hover-fx'> <img decoding=\"async\" fetchpriority=\"high\" width=\"180\" height=\"180\" src=\"https:\/\/atos-mvz.de\/braunfels\/wp-content\/uploads\/sites\/4\/2023\/09\/scholz-180x180.jpg\" class=\"wp-image-441 avia-img-lazy-loading-not-441 attachment-square size-square wp-post-image\" alt=\"\" srcset=\"https:\/\/atos-mvz.de\/braunfels\/wp-content\/uploads\/sites\/4\/2023\/09\/scholz-180x180.jpg 180w, https:\/\/atos-mvz.de\/braunfels\/wp-content\/uploads\/sites\/4\/2023\/09\/scholz-80x80.jpg 80w, https:\/\/atos-mvz.de\/braunfels\/wp-content\/uploads\/sites\/4\/2023\/09\/scholz-36x36.jpg 36w\" sizes=\"(max-width: 180px) 100vw, 180px\" \/><\/a><div class='grid-content'><div class='avia-arrow'><\/div><header class=\"entry-content-header\" aria-label=\"Portfolio: PD Dr. med. habil. Matti Scholz\"><h3 class='grid-entry-title entry-title '  itemprop=\"headline\" ><a href='https:\/\/atos-mvz.de\/braunfels\/arzt\/dr-matti-scholz\/' title='PD Dr. med. habil. Matti Scholz'>PD Dr. med. habil. Matti Scholz<\/a><\/h3><\/header><\/div><footer class=\"entry-footer\"><\/footer><\/article><\/div><\/div><\/div><\/p>\n","protected":false},"excerpt":{"rendered":"","protected":false},"author":2,"featured_media":0,"parent":0,"menu_order":0,"comment_status":"closed","ping_status":"open","template":"","meta":{"footnotes":""},"class_list":["post-2","page","type-page","status-publish","hentry"],"yoast_head":"<!-- This site is optimized with the Yoast SEO plugin v27.3 - https:\/\/yoast.com\/product\/yoast-seo-wordpress\/ -->\n<title>Orthop\u00e4die Spezialisten Braunfels - Diez | Partner Orthop\u00e4de der ATOS Klinik<\/title>\n<meta name=\"description\" content=\"Orthop\u00e4die MVZ Braunfels | Sportverletzungen \u2713 Fu\u00df- und Kniespezialisten \u2713 Schulterspezialisten \u2713 H\u00fcftexperten \u2713 Partner ATOS Klinik \u2713\" \/>\n<meta name=\"robots\" content=\"index, follow, max-snippet:-1, max-image-preview:large, max-video-preview:-1\" \/>\n<link rel=\"canonical\" href=\"https:\/\/atos-mvz.de\/braunfels\/startseite\/\" \/>\n<meta property=\"og:locale\" content=\"de_DE\" \/>\n<meta property=\"og:type\" content=\"article\" \/>\n<meta property=\"og:title\" content=\"Orthop\u00e4die Spezialisten Braunfels - Diez | Partner Orthop\u00e4de der ATOS Klinik\" \/>\n<meta property=\"og:description\" content=\"Orthop\u00e4die MVZ Braunfels | Sportverletzungen \u2713 Fu\u00df- und Kniespezialisten \u2713 Schulterspezialisten \u2713 H\u00fcftexperten \u2713 Partner ATOS Klinik \u2713\" \/>\n<meta property=\"og:url\" content=\"https:\/\/atos-mvz.de\/braunfels\/startseite\/\" \/>\n<meta property=\"og:site_name\" content=\"MVZ Braunfels\" \/>\n<meta property=\"article:modified_time\" content=\"2024-02-02T14:25:15+00:00\" \/>\n<meta property=\"og:image\" content=\"https:\/\/atos-mvz.de\/braunfels\/wp-content\/uploads\/sites\/4\/2021\/02\/braunfels.jpg\" \/>\n\t<meta property=\"og:image:width\" content=\"1700\" \/>\n\t<meta property=\"og:image:height\" content=\"508\" \/>\n\t<meta property=\"og:image:type\" content=\"image\/jpeg\" \/>\n<meta name=\"twitter:card\" content=\"summary_large_image\" \/>\n<script type=\"application\/ld+json\" class=\"yoast-schema-graph\">{\"@context\":\"https:\\\/\\\/schema.org\",\"@graph\":[{\"@type\":\"WebPage\",\"@id\":\"https:\\\/\\\/atos-mvz.de\\\/braunfels\\\/startseite\\\/\",\"url\":\"https:\\\/\\\/atos-mvz.de\\\/braunfels\\\/startseite\\\/\",\"name\":\"Orthop\u00e4die Spezialisten Braunfels - Diez | Partner Orthop\u00e4de der ATOS Klinik\",\"isPartOf\":{\"@id\":\"https:\\\/\\\/atos-mvz.de\\\/braunfels\\\/#website\"},\"datePublished\":\"2021-01-26T13:26:24+00:00\",\"dateModified\":\"2024-02-02T14:25:15+00:00\",\"description\":\"Orthop\u00e4die MVZ Braunfels | Sportverletzungen \u2713 Fu\u00df- und Kniespezialisten \u2713 Schulterspezialisten \u2713 H\u00fcftexperten \u2713 Partner ATOS Klinik \u2713\",\"breadcrumb\":{\"@id\":\"https:\\\/\\\/atos-mvz.de\\\/braunfels\\\/startseite\\\/#breadcrumb\"},\"inLanguage\":\"de\",\"potentialAction\":[{\"@type\":\"ReadAction\",\"target\":[\"https:\\\/\\\/atos-mvz.de\\\/braunfels\\\/startseite\\\/\"]}]},{\"@type\":\"BreadcrumbList\",\"@id\":\"https:\\\/\\\/atos-mvz.de\\\/braunfels\\\/startseite\\\/#breadcrumb\",\"itemListElement\":[{\"@type\":\"ListItem\",\"position\":1,\"name\":\"Startseite\",\"item\":\"https:\\\/\\\/atos-mvz.de\\\/braunfels\\\/startseite\\\/\"},{\"@type\":\"ListItem\",\"position\":2,\"name\":\"Startseite\"}]},{\"@type\":\"WebSite\",\"@id\":\"https:\\\/\\\/atos-mvz.de\\\/braunfels\\\/#website\",\"url\":\"https:\\\/\\\/atos-mvz.de\\\/braunfels\\\/\",\"name\":\"MVZ Braunfels\",\"description\":\"\",\"potentialAction\":[{\"@type\":\"SearchAction\",\"target\":{\"@type\":\"EntryPoint\",\"urlTemplate\":\"https:\\\/\\\/atos-mvz.de\\\/braunfels\\\/?s={search_term_string}\"},\"query-input\":{\"@type\":\"PropertyValueSpecification\",\"valueRequired\":true,\"valueName\":\"search_term_string\"}}],\"inLanguage\":\"de\"}]}<\/script>\n<!-- \/ Yoast SEO plugin. -->","yoast_head_json":{"title":"Orthop\u00e4die Spezialisten Braunfels - Diez | Partner Orthop\u00e4de der ATOS Klinik","description":"Orthop\u00e4die MVZ Braunfels | Sportverletzungen \u2713 Fu\u00df- und Kniespezialisten \u2713 Schulterspezialisten \u2713 H\u00fcftexperten \u2713 Partner ATOS Klinik \u2713","robots":{"index":"index","follow":"follow","max-snippet":"max-snippet:-1","max-image-preview":"max-image-preview:large","max-video-preview":"max-video-preview:-1"},"canonical":"https:\/\/atos-mvz.de\/braunfels\/startseite\/","og_locale":"de_DE","og_type":"article","og_title":"Orthop\u00e4die Spezialisten Braunfels - Diez | Partner Orthop\u00e4de der ATOS Klinik","og_description":"Orthop\u00e4die MVZ Braunfels | Sportverletzungen \u2713 Fu\u00df- und Kniespezialisten \u2713 Schulterspezialisten \u2713 H\u00fcftexperten \u2713 Partner ATOS Klinik \u2713","og_url":"https:\/\/atos-mvz.de\/braunfels\/startseite\/","og_site_name":"MVZ Braunfels","article_modified_time":"2024-02-02T14:25:15+00:00","og_image":[{"width":1700,"height":508,"url":"https:\/\/atos-mvz.de\/braunfels\/wp-content\/uploads\/sites\/4\/2021\/02\/braunfels.jpg","type":"image\/jpeg"}],"twitter_card":"summary_large_image","schema":{"@context":"https:\/\/schema.org","@graph":[{"@type":"WebPage","@id":"https:\/\/atos-mvz.de\/braunfels\/startseite\/","url":"https:\/\/atos-mvz.de\/braunfels\/startseite\/","name":"Orthop\u00e4die Spezialisten Braunfels - Diez | Partner Orthop\u00e4de der ATOS Klinik","isPartOf":{"@id":"https:\/\/atos-mvz.de\/braunfels\/#website"},"datePublished":"2021-01-26T13:26:24+00:00","dateModified":"2024-02-02T14:25:15+00:00","description":"Orthop\u00e4die MVZ Braunfels | Sportverletzungen \u2713 Fu\u00df- und Kniespezialisten \u2713 Schulterspezialisten \u2713 H\u00fcftexperten \u2713 Partner ATOS Klinik \u2713","breadcrumb":{"@id":"https:\/\/atos-mvz.de\/braunfels\/startseite\/#breadcrumb"},"inLanguage":"de","potentialAction":[{"@type":"ReadAction","target":["https:\/\/atos-mvz.de\/braunfels\/startseite\/"]}]},{"@type":"BreadcrumbList","@id":"https:\/\/atos-mvz.de\/braunfels\/startseite\/#breadcrumb","itemListElement":[{"@type":"ListItem","position":1,"name":"Startseite","item":"https:\/\/atos-mvz.de\/braunfels\/startseite\/"},{"@type":"ListItem","position":2,"name":"Startseite"}]},{"@type":"WebSite","@id":"https:\/\/atos-mvz.de\/braunfels\/#website","url":"https:\/\/atos-mvz.de\/braunfels\/","name":"MVZ Braunfels","description":"","potentialAction":[{"@type":"SearchAction","target":{"@type":"EntryPoint","urlTemplate":"https:\/\/atos-mvz.de\/braunfels\/?s={search_term_string}"},"query-input":{"@type":"PropertyValueSpecification","valueRequired":true,"valueName":"search_term_string"}}],"inLanguage":"de"}]}},"_links":{"self":[{"href":"https:\/\/atos-mvz.de\/braunfels\/wp-json\/wp\/v2\/pages\/2","targetHints":{"allow":["GET"]}}],"collection":[{"href":"https:\/\/atos-mvz.de\/braunfels\/wp-json\/wp\/v2\/pages"}],"about":[{"href":"https:\/\/atos-mvz.de\/braunfels\/wp-json\/wp\/v2\/types\/page"}],"author":[{"embeddable":true,"href":"https:\/\/atos-mvz.de\/braunfels\/wp-json\/wp\/v2\/users\/2"}],"replies":[{"embeddable":true,"href":"https:\/\/atos-mvz.de\/braunfels\/wp-json\/wp\/v2\/comments?post=2"}],"version-history":[{"count":40,"href":"https:\/\/atos-mvz.de\/braunfels\/wp-json\/wp\/v2\/pages\/2\/revisions"}],"predecessor-version":[{"id":642,"href":"https:\/\/atos-mvz.de\/braunfels\/wp-json\/wp\/v2\/pages\/2\/revisions\/642"}],"wp:attachment":[{"href":"https:\/\/atos-mvz.de\/braunfels\/wp-json\/wp\/v2\/media?parent=2"}],"curies":[{"name":"wp","href":"https:\/\/api.w.org\/{rel}","templated":true}]}}